{"id":44198,"date":"2023-04-12T10:59:50","date_gmt":"2023-04-12T03:59:50","guid":{"rendered":"https:\/\/mouldking.store\/shop\/mork-20114-city-restaurant-with-1489-pieces\/"},"modified":"2023-04-12T10:59:50","modified_gmt":"2023-04-12T03:59:50","slug":"mork-20114-city-restaurant-with-1489-pieces","status":"publish","type":"product","link":"https:\/\/mouldking.store\/vi\/shop\/mork-20114-city-restaurant-with-1489-pieces\/","title":{"rendered":"Nh\u00e0 h\u00e0ng th\u00e0nh ph\u1ed1 MORK 20114 v\u1edbi 1489 mi\u1ebfng"},"content":{"rendered":"<div>\u2705Mork 20114 City Restaurant<br \/>&nbsp;<br \/>\u2705The Mork 20114 Creator Expert City Restaurant Block Module is a modular building block set that allows you to construct a detailed model of a restaurant. The set is part of the Mork Creator Expert series, which features a variety of different building sets that allow you to construct small-scale models of different buildings and structures.<br \/>&nbsp;<br \/>\ud83d\udeab QUAN TR\u1eccNG!&nbsp;<br \/>&nbsp;<br \/>Product Name: City Restaurant<br \/>&nbsp;<br \/>Danh m\u1ee5c: T\u00f2a nh\u00e0 m\u00f4-\u0111un<br \/>&nbsp;<br \/>This Kit Contains: Mork 20114&nbsp;<br \/>&nbsp;<br \/>1489 pcs Good Quality Bricks&nbsp;<br \/>&nbsp;<br \/>Size: 29.8 \u00d7 25.5 \u00d7 17.5 cm<br \/>&nbsp;<br \/>H\u01b0\u1edbng d\u1eabn th\u1ee7 c\u00f4ng&nbsp;<br \/>&nbsp;<br \/>\ud83d\udcccB\u1ea3n ch\u1ea5t c\u1ee7a nh\u00e2n v\u1eadt ch\u00ednh&nbsp;<br \/>&nbsp;<br \/>Introducing our proud collection named \u201cCity Restaurant\u201d you should not miss.&nbsp;<\/p>\n<p>The set includes 1489\u00b1pcs bricks and other components that can be assembled to create the restaurant model. The completed model features a detailed and realistic design, with a variety of different features and accessories that are typical of a modern-day restaurant. The restaurant model is modular, meaning that it can be combined with other modular building sets to create a larger and more complex cityscape. This allows you to create a unique and customizable city scene that can be arranged and rearranged as desired. The Mork 20114 Creator Expert City Restaurant Block Module is designed to be challenging and engaging for builders of all ages, and may require some degree of skill and patience to complete. The completed model can be displayed on a shelf or used as a fun playset for miniature figures or toys. It is a popular choice among fans of building block toys and modular building sets.<\/p><\/div>","protected":false},"excerpt":{"rendered":"<p>Th\u01b0\u01a1ng hi\u1ec7u: MORK<br \/>\nGi\u1edbi t\u00ednh: Unisex<br \/>\n\u0110\u1ed9 tu\u1ed5i: &gt; 6 tu\u1ed5i<br \/>\nModel Number: 20114<br \/>\nPh\u00e2n lo\u1ea1i: T\u1eadp h\u1ee3p<br \/>\nH\u00ecnh d\u1ea1ng kh\u1ed1i nh\u1ef1a: G\u1ea1ch t\u1ef1 kh\u00f3a<br \/>\nCh\u1ea5t li\u1ec7u: Nh\u1ef1a<br \/>\nLo\u1ea1i nh\u1ef1a: ABS<br \/>\nBricks Blocks: 1489 +<br \/>\nWith Light<\/p>","protected":false},"featured_media":44192,"comment_status":"open","ping_status":"closed","template":"","meta":{"_acf_changed":false},"product_cat":[1365,1395,390],"product_tag":[727,4883,8452,5679,392,2870,8697,9100],"class_list":["product","first","instock","shipping-taxable","purchasable","product-type-simple"],"acf":[],"_links":{"self":[{"href":"https:\/\/mouldking.store\/vi\/wp-json\/wp\/v2\/product\/44198","targetHints":{"allow":["GET"]}}],"collection":[{"href":"https:\/\/mouldking.store\/vi\/wp-json\/wp\/v2\/product"}],"about":[{"href":"https:\/\/mouldking.store\/vi\/wp-json\/wp\/v2\/types\/product"}],"replies":[{"embeddable":true,"href":"https:\/\/mouldking.store\/vi\/wp-json\/wp\/v2\/comments?post=44198"}],"wp:featuredmedia":[{"embeddable":true,"href":"https:\/\/mouldking.store\/vi\/wp-json\/wp\/v2\/media\/44192"}],"wp:attachment":[{"href":"https:\/\/mouldking.store\/vi\/wp-json\/wp\/v2\/media?parent=44198"}],"wp:term":[{"taxonomy":"product_cat","embeddable":true,"href":"https:\/\/mouldking.store\/vi\/wp-json\/wp\/v2\/product_cat?post=44198"},{"taxonomy":"product_tag","embeddable":true,"href":"https:\/\/mouldking.store\/vi\/wp-json\/wp\/v2\/product_tag?post=44198"}],"curies":[{"name":"wp","href":"https:\/\/api.w.org\/{rel}","templated":true}]}}