{"id":44210,"date":"2023-04-12T11:20:22","date_gmt":"2023-04-12T04:20:22","guid":{"rendered":"https:\/\/mouldking.store\/shop\/mj-13018-fortress-of-sauron-magic-book-with-969-pieces\/"},"modified":"2023-04-12T11:20:22","modified_gmt":"2023-04-12T04:20:22","slug":"mj-13018-fortress-of-sauron-magic-book-with-969-pieces","status":"publish","type":"product","link":"https:\/\/mouldking.store\/vi\/shop\/mj-13018-fortress-of-sauron-magic-book-with-969-pieces\/","title":{"rendered":"MJ 13018 S\u00e1ch Ma Thu\u1eadt Ph\u00e1o \u0110\u00e0i Sauron V\u1edbi 969 M\u1ea3nh Gh\u00e9p"},"content":{"rendered":"<div>\u2705 MJ 13018 Fortress of Sauron Magic Book<br \/>&nbsp;<br \/>\u2705The MJ 13018 Fortress of Sauron Magic Book is a building block set that allows you to construct a detailed model of the Fortress of Sauron from the Lord of the Rings series. The set comes in the form of a magic book, with the blocks and components stored inside the pages of the book.<br \/>&nbsp;<br \/>\ud83d\udeab QUAN TR\u1eccNG!&nbsp;<br \/>&nbsp;<br \/>Product Name: Fortress of Sauron Magic Book<br \/>&nbsp;<br \/>Th\u1ec3 lo\u1ea1i: Phim<br \/>&nbsp;<br \/>This Kit Contains: MJ 13018&nbsp;<br \/>&nbsp;<br \/>969 pcs Good Quality Bricks&nbsp;<br \/>&nbsp;<br \/>H\u01b0\u1edbng d\u1eabn th\u1ee7 c\u00f4ng&nbsp;<br \/>&nbsp;<br \/>\ud83d\udcccB\u1ea3n ch\u1ea5t c\u1ee7a nh\u00e2n v\u1eadt ch\u00ednh&nbsp;<br \/>&nbsp;<br \/>Introducing our proud collection named \u201cFortress of Sauron Magic Book\u201d you should not miss.&nbsp;<br \/>&nbsp;<br \/>The set includes a variety of building blocks and other components that can be assembled to create the Fortress of Sauron model. The completed model features a detailed and realistic design, with a variety of different features and accessories that are typical of the fortress, such as the tower, walls, and gates. The MJ 13018 Fortress of Sauron Magic Book set is designed for fans of the Lord of the Rings series, as well as for builders who enjoy building block sets with intricate and detailed designs. The set includes detailed instructions and a parts list to help you assemble the model and is compatible with other building block sets from the MJ series. Once completed, the fortress model can be displayed on a shelf or used as a fun playset for miniature figures or toys. The magic book packaging also adds an extra layer of fun and creativity to the building process, making it a great gift for fans of building block toys and the Lord of the Rings series.<\/div>","protected":false},"excerpt":{"rendered":"<p>Th\u01b0\u01a1ng hi\u1ec7u: MJ<br \/>\nGi\u1edbi t\u00ednh: Unisex<br \/>\n\u0110\u1ed9 tu\u1ed5i: &gt; 6 tu\u1ed5i<br \/>\nModel Number: 13018<br \/>\nPh\u00e2n lo\u1ea1i: T\u1eadp h\u1ee3p<br \/>\nH\u00ecnh d\u1ea1ng kh\u1ed1i nh\u1ef1a: G\u1ea1ch t\u1ef1 kh\u00f3a<br \/>\nCh\u1ea5t li\u1ec7u: Nh\u1ef1a<br \/>\nLo\u1ea1i nh\u1ef1a: ABS<br \/>\nBricks Blocks: 969 +<br \/>\nKh\u00f4ng c\u00f3 h\u1ed9p ban \u0111\u1ea7u<\/p>","protected":false},"featured_media":44205,"comment_status":"open","ping_status":"closed","template":"","meta":{"_acf_changed":false},"product_cat":[1365,581,1408],"product_tag":[1411,8452,8659,8858,434,3519,6169,2302],"class_list":["product","first","instock","shipping-taxable","purchasable","product-type-simple"],"acf":[],"_links":{"self":[{"href":"https:\/\/mouldking.store\/vi\/wp-json\/wp\/v2\/product\/44210","targetHints":{"allow":["GET"]}}],"collection":[{"href":"https:\/\/mouldking.store\/vi\/wp-json\/wp\/v2\/product"}],"about":[{"href":"https:\/\/mouldking.store\/vi\/wp-json\/wp\/v2\/types\/product"}],"replies":[{"embeddable":true,"href":"https:\/\/mouldking.store\/vi\/wp-json\/wp\/v2\/comments?post=44210"}],"wp:featuredmedia":[{"embeddable":true,"href":"https:\/\/mouldking.store\/vi\/wp-json\/wp\/v2\/media\/44205"}],"wp:attachment":[{"href":"https:\/\/mouldking.store\/vi\/wp-json\/wp\/v2\/media?parent=44210"}],"wp:term":[{"taxonomy":"product_cat","embeddable":true,"href":"https:\/\/mouldking.store\/vi\/wp-json\/wp\/v2\/product_cat?post=44210"},{"taxonomy":"product_tag","embeddable":true,"href":"https:\/\/mouldking.store\/vi\/wp-json\/wp\/v2\/product_tag?post=44210"}],"curies":[{"name":"wp","href":"https:\/\/api.w.org\/{rel}","templated":true}]}}