{"id":44257,"date":"2023-04-13T18:27:22","date_gmt":"2023-04-13T11:27:22","guid":{"rendered":"https:\/\/mouldking.store\/shop\/moc-factory-109930-medieval-castle-with-4228-pieces\/"},"modified":"2025-12-16T22:25:04","modified_gmt":"2025-12-16T15:25:04","slug":"moc-factory-109930-medieval-castle-with-4228-pieces","status":"publish","type":"product","link":"https:\/\/mouldking.store\/vi\/shop\/moc-factory-109930-medieval-castle-with-4228-pieces\/","title":{"rendered":"MOC Factory 109930 L\u00e2u \u0111\u00e0i th\u1eddi trung c\u1ed5 v\u1edbi 4228 m\u1ea3nh gh\u00e9p"},"content":{"rendered":"<div>\u2705 MOC-109930 Medieval Castle<\/p>\n<p>\u2705MOC-109930 is a building block set that allows you to construct a medieval castle. This set is part of the Castle Series Bricks line, which is a series of building block sets that allow you to create your own castle-themed structures.<\/p>\n<p>\ud83d\udeab QUAN TR\u1eccNG!<\/p>\n<p>Product Name: Medieval Castle<\/p>\n<p>Danh m\u1ee5c: T\u00f2a nh\u00e0 m\u00f4-\u0111un<\/p>\n<p>This Kit Contains: C9380<\/p>\n<p>4228 pcs Good Quality Bricks<\/p>\n<p>Size: 32 x 32 x 48.8 cm<\/p>\n<p>Weight: 3.359 kg<\/p>\n<p>H\u01b0\u1edbng d\u1eabn PDF<\/p>\n<p>\ud83d\udcccB\u1ea3n ch\u1ea5t c\u1ee7a nh\u00e2n v\u1eadt ch\u00ednh<\/p>\n<p>Introducing our proud collection named \u201cMedieval Castle\u201d you should not miss.<\/p>\n<p>The MOC-109930 set includes a variety of building blocks in different shapes and sizes, as well as detailed instructions for constructing the castle. Once completed, the castle will have a variety of features, such as towers, walls, a gatehouse, and other architectural details that are commonly found in medieval castles. The Medieval Castle is a stunning and intricate model that will transport you back in time to a world of knights, kings, and dragons. With over 2,800 pieces, this build is sure to provide a challenging and rewarding experience for any AFOLs. The castle features detailed towers, a drawbridge, a moat, and a courtyard complete with a blacksmith&#8217;s shop and stables for the horses. The attention to detail is impressive, with decorative flags, shields, and even a catapult for defense against enemy attacks.<\/p><\/div>","protected":false},"excerpt":{"rendered":"<p>Th\u01b0\u01a1ng hi\u1ec7u: Nh\u00e0 m\u00e1y M\u1ed8C<br \/>\nGi\u1edbi t\u00ednh: Unisex<br \/>\n\u0110\u1ed9 tu\u1ed5i: &gt; 6 tu\u1ed5i<br \/>\nModel Number: 109930<br \/>\nPh\u00e2n lo\u1ea1i: T\u1eadp h\u1ee3p<br \/>\nH\u00ecnh d\u1ea1ng kh\u1ed1i nh\u1ef1a: G\u1ea1ch t\u1ef1 kh\u00f3a<br \/>\nCh\u1ea5t li\u1ec7u: Nh\u1ef1a<br \/>\nLo\u1ea1i nh\u1ef1a: ABS<br \/>\nBricks Blocks: 4228 +<br \/>\nKh\u00f4ng c\u00f3 h\u1ed9p ban \u0111\u1ea7u<\/p>","protected":false},"featured_media":44248,"comment_status":"open","ping_status":"closed","template":"","meta":{"_acf_changed":false},"product_cat":[1395,390],"product_tag":[787,4883,4996,5644,392],"class_list":["product","first","instock","shipping-taxable","purchasable","product-type-simple"],"acf":[],"_links":{"self":[{"href":"https:\/\/mouldking.store\/vi\/wp-json\/wp\/v2\/product\/44257","targetHints":{"allow":["GET"]}}],"collection":[{"href":"https:\/\/mouldking.store\/vi\/wp-json\/wp\/v2\/product"}],"about":[{"href":"https:\/\/mouldking.store\/vi\/wp-json\/wp\/v2\/types\/product"}],"replies":[{"embeddable":true,"href":"https:\/\/mouldking.store\/vi\/wp-json\/wp\/v2\/comments?post=44257"}],"wp:featuredmedia":[{"embeddable":true,"href":"https:\/\/mouldking.store\/vi\/wp-json\/wp\/v2\/media\/44248"}],"wp:attachment":[{"href":"https:\/\/mouldking.store\/vi\/wp-json\/wp\/v2\/media?parent=44257"}],"wp:term":[{"taxonomy":"product_cat","embeddable":true,"href":"https:\/\/mouldking.store\/vi\/wp-json\/wp\/v2\/product_cat?post=44257"},{"taxonomy":"product_tag","embeddable":true,"href":"https:\/\/mouldking.store\/vi\/wp-json\/wp\/v2\/product_tag?post=44257"}],"curies":[{"name":"wp","href":"https:\/\/api.w.org\/{rel}","templated":true}]}}