{"id":44297,"date":"2023-04-14T09:46:42","date_gmt":"2023-04-14T02:46:42","guid":{"rendered":"https:\/\/mouldking.store\/shop\/moc-factory-89414-gravity-falls-bill-cipher-with-172-pieces\/"},"modified":"2025-12-16T22:25:04","modified_gmt":"2025-12-16T15:25:04","slug":"moc-factory-89414-gravity-falls-bill-cipher-with-172-pieces","status":"publish","type":"product","link":"https:\/\/mouldking.store\/vi\/shop\/moc-factory-89414-gravity-falls-bill-cipher-with-172-pieces\/","title":{"rendered":"MOC Factory 89414 Gravity Falls Bill Cipher with 172 Pieces"},"content":{"rendered":"<div>\u2705MOC-89414 Gravity Falls Bill Cipher<\/p>\n<p>\u2705Bill Cipher l\u00e0 m\u1ed9t nh\u00e2n v\u1eadt trong lo\u1ea1t phim ho\u1ea1t h\u00ecnh truy\u1ec1n h\u00ecnh \u201cGravity Falls\u201d \u0111\u01b0\u1ee3c ph\u00e1t s\u00f3ng tr\u00ean Disney Channel t\u1eeb n\u0103m 2012 \u0111\u1ebfn n\u0103m 2016. H\u1eafn l\u00e0 m\u1ed9t con qu\u1ef7 to\u00e0n n\u0103ng lu\u00f4n t\u00ecm c\u00e1ch th\u00e2m nh\u1eadp v\u00e0 chinh ph\u1ee5c th\u1ebf gi\u1edbi th\u1ef1c b\u1eb1ng c\u00e1ch l\u1eeba g\u1ea1t v\u00e0 thao t\u00fang con ng\u01b0\u1eddi.<\/p>\n<p>\ud83d\udeab QUAN TR\u1eccNG!<\/p>\n<p>T\u00ean s\u1ea3n ph\u1ea9m: Gravity Falls Bill Cipher<\/p>\n<p>Th\u1ec3 lo\u1ea1i: Ng\u01b0\u1eddi s\u00e1ng t\u1ea1o<\/p>\n<p>B\u1ed9 n\u00e0y ch\u1ee9a: C9384<\/p>\n<p>172 vi\u00ean g\u1ea1ch ch\u1ea5t l\u01b0\u1ee3ng t\u1ed1t<\/p>\n<p>K\u00edch th\u01b0\u1edbc: 18,5 x 4,6 x 20,5cm<\/p>\n<p>Tr\u1ecdng l\u01b0\u1ee3ng: 0,094 kg<\/p>\n<p>H\u01b0\u1edbng d\u1eabn PDF<\/p>\n<p>\ud83d\udcccB\u1ea3n ch\u1ea5t c\u1ee7a nh\u00e2n v\u1eadt ch\u00ednh<\/p>\n<p>Xin gi\u1edbi thi\u1ec7u b\u1ed9 s\u01b0u t\u1eadp \u0111\u00e1ng t\u1ef1 h\u00e0o c\u1ee7a ch\u00fang t\u00f4i c\u00f3 t\u00ean \u201cGravity Falls Bill Cipher\u201d m\u00e0 b\u1ea1n kh\u00f4ng n\u00ean b\u1ecf l\u1ee1.<\/p>\n<p>Bill Cipher c\u00f3 d\u1ea1ng m\u1ed9t h\u00ecnh tam gi\u00e1c v\u1edbi m\u1ed9t con m\u1eaft duy nh\u1ea5t \u1edf trung t\u00e2m, th\u01b0\u1eddng \u0111\u01b0\u1ee3c bao quanh b\u1edfi nhi\u1ec1u bi\u1ec3u t\u01b0\u1ee3ng v\u00e0 ch\u1eef kh\u1eafc kh\u00e1c nhau. Anh \u1ea5y \u0111\u01b0\u1ee3c l\u1ed3ng ti\u1ebfng b\u1edfi Alex Hirsch, ng\u01b0\u1eddi t\u1ea1o ra ch\u01b0\u01a1ng tr\u00ecnh. Xuy\u00ean su\u1ed1t b\u1ed9 truy\u1ec7n, Bill Cipher \u0111\u00f3ng vai tr\u00f2 l\u00e0 nh\u00e2n v\u1eadt ph\u1ea3n di\u1ec7n ch\u00ednh v\u00e0 l\u00e0 m\u1ed1i \u0111e d\u1ecda l\u1edbn \u0111\u1ed1i v\u1edbi c\u00e1c nh\u00e2n v\u1eadt ch\u00ednh c\u1ee7a b\u1ed9 phim, gia \u0111\u00ecnh Pines. Anh ta \u0111\u01b0\u1ee3c mi\u00eau t\u1ea3 l\u00e0 m\u1ed9t nh\u00e2n v\u1eadt ph\u1ea3n di\u1ec7n x\u1ea3o quy\u1ec7t v\u00e0 t\u00e0n b\u1ea1o, th\u00edch g\u00e2y ra h\u1ed7n lo\u1ea1n v\u00e0 \u0111au kh\u1ed5. B\u1ea5t ch\u1ea5p b\u1ea3n ch\u1ea5t x\u1ea5u xa c\u1ee7a m\u00ecnh, Bill Cipher \u0111\u00e3 tr\u1edf th\u00e0nh m\u1ed9t nh\u00e2n v\u1eadt n\u1ed5i ti\u1ebfng trong s\u1ed1 nh\u1eefng ng\u01b0\u1eddi h\u00e2m m\u1ed9 \u201cGravity Falls\u201d nh\u1edd thi\u1ebft k\u1ebf \u0111\u1ed9c \u0111\u00e1o v\u00e0 t\u00ednh c\u00e1ch \u0111\u00e1ng nh\u1edb c\u1ee7a m\u00ecnh.<\/p><\/div>","protected":false},"excerpt":{"rendered":"<p>Th\u01b0\u01a1ng hi\u1ec7u: Nh\u00e0 m\u00e1y M\u1ed8C<br \/>\nGi\u1edbi t\u00ednh: Unisex<br \/>\n\u0110\u1ed9 tu\u1ed5i: &gt; 6 tu\u1ed5i<br \/>\nS\u1ed1 m\u00f4 h\u00ecnh: 89414<br \/>\nPh\u00e2n lo\u1ea1i: T\u1eadp h\u1ee3p<br \/>\nH\u00ecnh d\u1ea1ng kh\u1ed1i nh\u1ef1a: G\u1ea1ch t\u1ef1 kh\u00f3a<br \/>\nCh\u1ea5t li\u1ec7u: Nh\u1ef1a<br \/>\nLo\u1ea1i nh\u1ef1a: ABS<br \/>\nKh\u1ed1i g\u1ea1ch: 172 +<br \/>\nKh\u00f4ng c\u00f3 h\u1ed9p ban \u0111\u1ea7u<\/p>","protected":false},"featured_media":44289,"comment_status":"open","ping_status":"closed","template":"","meta":{"_acf_changed":false},"product_cat":[1365,371],"product_tag":[11724,11725,11072,8452,11723,11722],"class_list":["product","first","instock","shipping-taxable","purchasable","product-type-simple"],"acf":[],"_links":{"self":[{"href":"https:\/\/mouldking.store\/vi\/wp-json\/wp\/v2\/product\/44297","targetHints":{"allow":["GET"]}}],"collection":[{"href":"https:\/\/mouldking.store\/vi\/wp-json\/wp\/v2\/product"}],"about":[{"href":"https:\/\/mouldking.store\/vi\/wp-json\/wp\/v2\/types\/product"}],"replies":[{"embeddable":true,"href":"https:\/\/mouldking.store\/vi\/wp-json\/wp\/v2\/comments?post=44297"}],"wp:featuredmedia":[{"embeddable":true,"href":"https:\/\/mouldking.store\/vi\/wp-json\/wp\/v2\/media\/44289"}],"wp:attachment":[{"href":"https:\/\/mouldking.store\/vi\/wp-json\/wp\/v2\/media?parent=44297"}],"wp:term":[{"taxonomy":"product_cat","embeddable":true,"href":"https:\/\/mouldking.store\/vi\/wp-json\/wp\/v2\/product_cat?post=44297"},{"taxonomy":"product_tag","embeddable":true,"href":"https:\/\/mouldking.store\/vi\/wp-json\/wp\/v2\/product_tag?post=44297"}],"curies":[{"name":"wp","href":"https:\/\/api.w.org\/{rel}","templated":true}]}}