{"id":44333,"date":"2023-04-14T11:13:20","date_gmt":"2023-04-14T04:13:20","guid":{"rendered":"https:\/\/mouldking.store\/shop\/keeppley-k20509-ichiraku-ramen-noodle-shop-with-2240-pieces\/"},"modified":"2023-04-14T11:13:20","modified_gmt":"2023-04-14T04:13:20","slug":"keeppley-k20509-ichiraku-ramen-noodle-shop-with-2240-pieces","status":"publish","type":"product","link":"https:\/\/mouldking.store\/vi\/shop\/keeppley-k20509-ichiraku-ramen-noodle-shop-with-2240-pieces\/","title":{"rendered":"C\u1eeda H\u00e0ng M\u00ec Ramen Keeppley K20509 Ichiraku 2240 Mi\u1ebfng"},"content":{"rendered":"<div>\u2705 Keeppley K20509 Ichiraku Ramen Noodle Shop&nbsp;<br \/>&nbsp;<br \/>\u2705The Keeppley K20509 Movie &amp; Game Noodle Shop Building Blocks set is a highly detailed and intricate building blocks set that allows you to construct a Japanese-style noodle shop. The set includes 2240\u00b1pcs of individual building blocks and is designed for experienced hobbyists who enjoy building and customizing complex models.<br \/>&nbsp;<br \/>\ud83d\udeab QUAN TR\u1eccNG!&nbsp;<br \/>&nbsp;<br \/>Product Name: Ichiraku Ramen Noodle Shop&nbsp;<br \/>&nbsp;<br \/>Danh m\u1ee5c: T\u00f2a nh\u00e0 m\u00f4-\u0111un<br \/>&nbsp;<br \/>This Kit Contains: Keeppley K20509<br \/>&nbsp;<br \/>2240 pcs Good Quality Bricks&nbsp;<br \/>&nbsp;<br \/>Size: 25.3 \u00d7 25.3 \u00d7 24 cm<br \/>&nbsp;<br \/>H\u01b0\u1edbng d\u1eabn th\u1ee7 c\u00f4ng&nbsp;<br \/>&nbsp;<br \/>\ud83d\udcccB\u1ea3n ch\u1ea5t c\u1ee7a nh\u00e2n v\u1eadt ch\u00ednh&nbsp;<br \/>&nbsp;<br \/>Introducing our proud collection named \u201c Ichiraku Ramen Noodle Shop \u201d you should not miss.&nbsp;<br \/>&nbsp;<br \/>The noodle shop model has an authentic and realistic appearance, with detailed Japanese-style architecture and decorations, including traditional lanterns, bamboo fences, and cherry blossom trees. The building blocks used in the set are made of high-quality ABS plastic, which is durable and long-lasting. The Keeppley K20509 set is part of the Movie &amp; Game series, which is a sub-theme of the building blocks sets that allows you to construct buildings or characters based on popular movies and video games. It is compatible with other building blocks sets from the same series, as well as with other major building blocks brands.<\/div>","protected":false},"excerpt":{"rendered":"<p>Th\u01b0\u01a1ng hi\u1ec7u: Keeppley<br \/>\nGi\u1edbi t\u00ednh: Unisex<br \/>\n\u0110\u1ed9 tu\u1ed5i: &gt; 6 tu\u1ed5i<br \/>\nModel Number: K20509<br \/>\nPh\u00e2n lo\u1ea1i: T\u1eadp h\u1ee3p<br \/>\nH\u00ecnh d\u1ea1ng kh\u1ed1i nh\u1ef1a: G\u1ea1ch t\u1ef1 kh\u00f3a<br \/>\nCh\u1ea5t li\u1ec7u: Nh\u1ef1a<br \/>\nLo\u1ea1i nh\u1ef1a: ABS<br \/>\nBricks Blocks: 2240 +<br \/>\nKh\u00f4ng c\u00f3 nh\u00e2n v\u1eadt nh\u1ecf<\/p>","protected":false},"featured_media":44328,"comment_status":"open","ping_status":"closed","template":"","meta":{"_acf_changed":false},"product_cat":[1395,390],"product_tag":[11260,4883,5434,392,2383,11734,11735,11736,1711],"class_list":["product","first","instock","shipping-taxable","purchasable","product-type-simple"],"acf":[],"_links":{"self":[{"href":"https:\/\/mouldking.store\/vi\/wp-json\/wp\/v2\/product\/44333","targetHints":{"allow":["GET"]}}],"collection":[{"href":"https:\/\/mouldking.store\/vi\/wp-json\/wp\/v2\/product"}],"about":[{"href":"https:\/\/mouldking.store\/vi\/wp-json\/wp\/v2\/types\/product"}],"replies":[{"embeddable":true,"href":"https:\/\/mouldking.store\/vi\/wp-json\/wp\/v2\/comments?post=44333"}],"wp:featuredmedia":[{"embeddable":true,"href":"https:\/\/mouldking.store\/vi\/wp-json\/wp\/v2\/media\/44328"}],"wp:attachment":[{"href":"https:\/\/mouldking.store\/vi\/wp-json\/wp\/v2\/media?parent=44333"}],"wp:term":[{"taxonomy":"product_cat","embeddable":true,"href":"https:\/\/mouldking.store\/vi\/wp-json\/wp\/v2\/product_cat?post=44333"},{"taxonomy":"product_tag","embeddable":true,"href":"https:\/\/mouldking.store\/vi\/wp-json\/wp\/v2\/product_tag?post=44333"}],"curies":[{"name":"wp","href":"https:\/\/api.w.org\/{rel}","templated":true}]}}