{"id":44492,"date":"2023-04-24T09:56:46","date_gmt":"2023-04-24T02:56:46","guid":{"rendered":"https:\/\/mouldking.store\/shop\/urge-10189-central-perk-big-bang-theory-modular-with-4294-pieces\/"},"modified":"2023-04-24T09:56:46","modified_gmt":"2023-04-24T02:56:46","slug":"urge-10189-central-perk-big-bang-theory-modular-with-4294-pieces","status":"publish","type":"product","link":"https:\/\/mouldking.store\/vi\/shop\/urge-10189-central-perk-big-bang-theory-modular-with-4294-pieces\/","title":{"rendered":"URGE 10189 Central Perk Big Bang Theory Modular with 4294 Pieces"},"content":{"rendered":"<div>\u2705 UG 10189 Central Perk Big Bang Theory Modular<br \/>&nbsp;<br \/>\u2705UG10189 is a set of building blocks designed to create a detailed model of the iconic Central Perk coffeehouse from the TV show &#8220;Friends,&#8221; as well as a miniaturized version of the apartment of the main characters from &#8220;The Big Bang Theory.&#8221;<br \/>&nbsp;<br \/>\ud83d\udeab QUAN TR\u1eccNG!&nbsp;<br \/>&nbsp;<br \/>Product Name: Central Perk Big Bang Theory Modular<br \/>&nbsp;<br \/>Danh m\u1ee5c: T\u00f2a nh\u00e0 m\u00f4-\u0111un<br \/>&nbsp;<br \/>This Kit Contains: UG 10189<br \/>&nbsp;<br \/>4294 pcs Good Quality Bricks&nbsp;<br \/>&nbsp;<br \/>H\u01b0\u1edbng d\u1eabn th\u1ee7 c\u00f4ng&nbsp;<br \/>&nbsp;<br \/>\ud83d\udcccB\u1ea3n ch\u1ea5t c\u1ee7a nh\u00e2n v\u1eadt ch\u00ednh&nbsp;<br \/>&nbsp;<br \/>Introducing our proud collection named \u201cCentral Perk Big Bang Theory Modular\u201d you should not miss.&nbsp;<br \/>&nbsp;<br \/>The set includes approximately 4294 pieces, which can be assembled to create a modular building that can be easily disassembled and rearranged into different configurations. The set does not include any lighting features. The building blocks are designed to be compatible with other building blocks from major brands, so you can combine them with other sets to create larger and more complex structures. The finished model is highly detailed and includes a variety of features from the TV show, such as the Central Perk coffee bar, the couch where the characters sit, and various decorative elements from both shows.<\/div>","protected":false},"excerpt":{"rendered":"<p>Th\u01b0\u01a1ng hi\u1ec7u: URGE<br \/>\nGi\u1edbi t\u00ednh: Unisex<br \/>\n\u0110\u1ed9 tu\u1ed5i: &gt; 8 tu\u1ed5i<br \/>\nModel Number: 10189<br \/>\nPh\u00e2n lo\u1ea1i: T\u1eadp h\u1ee3p<br \/>\nH\u00ecnh d\u1ea1ng kh\u1ed1i nh\u1ef1a: G\u1ea1ch t\u1ef1 kh\u00f3a<br \/>\nCh\u1ea5t li\u1ec7u: Nh\u1ef1a<br \/>\nLo\u1ea1i nh\u1ef1a: ABS<br \/>\nBricks Blocks: 4294 +<br \/>\nNO Light<\/p>","protected":false},"featured_media":44484,"comment_status":"open","ping_status":"closed","template":"","meta":{"_acf_changed":false},"product_cat":[1395,390],"product_tag":[11755,727,4883,6688,5679,392,3012],"class_list":["product","first","instock","shipping-taxable","purchasable","product-type-simple"],"acf":[],"_links":{"self":[{"href":"https:\/\/mouldking.store\/vi\/wp-json\/wp\/v2\/product\/44492","targetHints":{"allow":["GET"]}}],"collection":[{"href":"https:\/\/mouldking.store\/vi\/wp-json\/wp\/v2\/product"}],"about":[{"href":"https:\/\/mouldking.store\/vi\/wp-json\/wp\/v2\/types\/product"}],"replies":[{"embeddable":true,"href":"https:\/\/mouldking.store\/vi\/wp-json\/wp\/v2\/comments?post=44492"}],"wp:featuredmedia":[{"embeddable":true,"href":"https:\/\/mouldking.store\/vi\/wp-json\/wp\/v2\/media\/44484"}],"wp:attachment":[{"href":"https:\/\/mouldking.store\/vi\/wp-json\/wp\/v2\/media?parent=44492"}],"wp:term":[{"taxonomy":"product_cat","embeddable":true,"href":"https:\/\/mouldking.store\/vi\/wp-json\/wp\/v2\/product_cat?post=44492"},{"taxonomy":"product_tag","embeddable":true,"href":"https:\/\/mouldking.store\/vi\/wp-json\/wp\/v2\/product_tag?post=44492"}],"curies":[{"name":"wp","href":"https:\/\/api.w.org\/{rel}","templated":true}]}}