{"id":44522,"date":"2023-04-24T10:39:18","date_gmt":"2023-04-24T03:39:18","guid":{"rendered":"https:\/\/mouldking.store\/shop\/reobrix-66027-european-century-churches-with-3468-pieces\/"},"modified":"2023-04-24T10:39:18","modified_gmt":"2023-04-24T03:39:18","slug":"reobrix-66027-european-century-churches-with-3468-pieces","status":"publish","type":"product","link":"https:\/\/mouldking.store\/vi\/shop\/reobrix-66027-european-century-churches-with-3468-pieces\/","title":{"rendered":"REOBRIX 66027 European Century Churches with 3468 Pieces"},"content":{"rendered":"<div>\u2705 Reobrix 66027 European Century Churches<br \/>&nbsp;<br \/>\u2705Reobrix 66027 Modular Buildings European Centur Churches Building Blocks is a construction toy set that includes approximately 3468 pieces of bricks. The set is designed to allow you to build a replica of a European Century Church, complete with intricate details and modular components.<br \/>&nbsp;<br \/>\ud83d\udeab QUAN TR\u1eccNG!&nbsp;<br \/>&nbsp;<br \/>Product Name: European Century Churches<br \/>&nbsp;<br \/>Danh m\u1ee5c: T\u00f2a nh\u00e0 m\u00f4-\u0111un<br \/>&nbsp;<br \/>This Kit Contains: Reobrix 66027<br \/>&nbsp;<br \/>3468 pcs Good Quality Bricks&nbsp;<br \/>&nbsp;<br \/>Size:&nbsp; 29 \u00d7 32 \u00d7 49.5 cm<br \/>&nbsp;<br \/>H\u01b0\u1edbng d\u1eabn th\u1ee7 c\u00f4ng&nbsp;<br \/>&nbsp;<br \/>\ud83d\udcccB\u1ea3n ch\u1ea5t c\u1ee7a nh\u00e2n v\u1eadt ch\u00ednh&nbsp;<br \/>&nbsp;<br \/>Introducing our proud collection named \u201cEuropean Century Churches\u201d you should not miss.&nbsp;<br \/>&nbsp;<br \/>The bricks in this set are made of high-quality plastic and come in various sizes and shapes to enable you to create a realistic and detailed church. The set includes windows, doors, and other pieces that allow you to customize the design of the church to your liking. The modular design of the set means that you can easily disassemble and reassemble the church, allowing you to modify or add new components as you wish. This feature also makes it easy to transport the set, as you can break it down into smaller components for storage or travel.<\/div>","protected":false},"excerpt":{"rendered":"<p>Th\u01b0\u01a1ng hi\u1ec7u: REOBRIX<br \/>\nGi\u1edbi t\u00ednh: Unisex<br \/>\n\u0110\u1ed9 tu\u1ed5i: &gt; 14 tu\u1ed5i<br \/>\nModel Number: 66027<br \/>\nPh\u00e2n lo\u1ea1i: T\u1eadp h\u1ee3p<br \/>\nH\u00ecnh d\u1ea1ng kh\u1ed1i nh\u1ef1a: G\u1ea1ch t\u1ef1 kh\u00f3a<br \/>\nCh\u1ea5t li\u1ec7u: Nh\u1ef1a<br \/>\nLo\u1ea1i nh\u1ef1a: ABS<br \/>\nKh\u1ed1i g\u1ea1ch: 3468 +<br \/>\nKh\u00f4ng c\u00f3 h\u1ed9p ban \u0111\u1ea7u<\/p>","protected":false},"featured_media":44518,"comment_status":"open","ping_status":"closed","template":"","meta":{"_acf_changed":false},"product_cat":[1395,390],"product_tag":[11756,4883,392],"class_list":["product","first","instock","shipping-taxable","purchasable","product-type-simple"],"acf":[],"_links":{"self":[{"href":"https:\/\/mouldking.store\/vi\/wp-json\/wp\/v2\/product\/44522","targetHints":{"allow":["GET"]}}],"collection":[{"href":"https:\/\/mouldking.store\/vi\/wp-json\/wp\/v2\/product"}],"about":[{"href":"https:\/\/mouldking.store\/vi\/wp-json\/wp\/v2\/types\/product"}],"replies":[{"embeddable":true,"href":"https:\/\/mouldking.store\/vi\/wp-json\/wp\/v2\/comments?post=44522"}],"wp:featuredmedia":[{"embeddable":true,"href":"https:\/\/mouldking.store\/vi\/wp-json\/wp\/v2\/media\/44518"}],"wp:attachment":[{"href":"https:\/\/mouldking.store\/vi\/wp-json\/wp\/v2\/media?parent=44522"}],"wp:term":[{"taxonomy":"product_cat","embeddable":true,"href":"https:\/\/mouldking.store\/vi\/wp-json\/wp\/v2\/product_cat?post=44522"},{"taxonomy":"product_tag","embeddable":true,"href":"https:\/\/mouldking.store\/vi\/wp-json\/wp\/v2\/product_tag?post=44522"}],"curies":[{"name":"wp","href":"https:\/\/api.w.org\/{rel}","templated":true}]}}