{"id":44685,"date":"2023-04-25T18:29:10","date_gmt":"2023-04-25T11:29:10","guid":{"rendered":"https:\/\/mouldking.store\/shop\/kalos-blocks-61001-modern-house-with-1095-pieces\/"},"modified":"2023-04-25T18:29:10","modified_gmt":"2023-04-25T11:29:10","slug":"kalos-blocks-61001-modern-house-with-1095-pieces","status":"publish","type":"product","link":"https:\/\/mouldking.store\/vi\/shop\/kalos-blocks-61001-modern-house-with-1095-pieces\/","title":{"rendered":"KALOS BLOCKS 61001 Modern House with 1095 Pieces"},"content":{"rendered":"<div>\u2705 KALOS BLOCKS 61001 Modern House<br \/>&nbsp;<br \/>\u2705KALOS BLOCKS 61001 Modern House is a building set that allows you to construct a miniature brick-built version of a modern house. The set includes approximately 1095&nbsp; pieces and comes with detailed instructions to help you assemble the model.<br \/>&nbsp;<br \/>\ud83d\udeab QUAN TR\u1eccNG!&nbsp;<br \/>&nbsp;<br \/>Product Name: Modern House<br \/>&nbsp;<br \/>Danh m\u1ee5c: T\u00f2a nh\u00e0 m\u00f4-\u0111un<br \/>&nbsp;<br \/>This Kit Contains: KALOS BLOCKS 61001<br \/>&nbsp;<br \/>1095&nbsp; pcs Good Quality Bricks&nbsp;<br \/>&nbsp;<br \/>Size: 24 \u00d7 17.6 \u00d7 19.5 cm<br \/>&nbsp;<br \/>H\u01b0\u1edbng d\u1eabn th\u1ee7 c\u00f4ng&nbsp;<br \/>&nbsp;<br \/>\ud83d\udcccB\u1ea3n ch\u1ea5t c\u1ee7a nh\u00e2n v\u1eadt ch\u00ednh&nbsp;<br \/>&nbsp;<br \/>Introducing our proud collection named \u201cModern House\u201d you should not miss.&nbsp;<br \/>&nbsp;<br \/>The set is designed for ages 6 and up and is compatible with other leading brick building brands, allowing you to mix and match with other sets in your collection. Building with KALOS BLOCKS can help develop fine motor skills, creativity, and problem-solving abilities, making it a fun and educational activity for builders of all ages.<\/div>","protected":false},"excerpt":{"rendered":"<p>Brand: KALOS BLOCKS<br \/>\nGi\u1edbi t\u00ednh: Unisex<br \/>\n\u0110\u1ed9 tu\u1ed5i: &gt; 6 tu\u1ed5i<br \/>\nModel Number: 61001<br \/>\nPh\u00e2n lo\u1ea1i: T\u1eadp h\u1ee3p<br \/>\nH\u00ecnh d\u1ea1ng kh\u1ed1i nh\u1ef1a: G\u1ea1ch t\u1ef1 kh\u00f3a<br \/>\nCh\u1ea5t li\u1ec7u: Nh\u1ef1a<br \/>\nLo\u1ea1i nh\u1ef1a: ABS<br \/>\nBricks Blocks: 1095 +<br \/>\nKh\u00f4ng c\u00f3 h\u1ed9p ban \u0111\u1ea7u<\/p>","protected":false},"featured_media":44682,"comment_status":"open","ping_status":"closed","template":"","meta":{"_acf_changed":false},"product_cat":[1395,390],"product_tag":[4883,2318,11145,392],"class_list":["product","first","instock","shipping-taxable","purchasable","product-type-simple"],"acf":[],"_links":{"self":[{"href":"https:\/\/mouldking.store\/vi\/wp-json\/wp\/v2\/product\/44685","targetHints":{"allow":["GET"]}}],"collection":[{"href":"https:\/\/mouldking.store\/vi\/wp-json\/wp\/v2\/product"}],"about":[{"href":"https:\/\/mouldking.store\/vi\/wp-json\/wp\/v2\/types\/product"}],"replies":[{"embeddable":true,"href":"https:\/\/mouldking.store\/vi\/wp-json\/wp\/v2\/comments?post=44685"}],"wp:featuredmedia":[{"embeddable":true,"href":"https:\/\/mouldking.store\/vi\/wp-json\/wp\/v2\/media\/44682"}],"wp:attachment":[{"href":"https:\/\/mouldking.store\/vi\/wp-json\/wp\/v2\/media?parent=44685"}],"wp:term":[{"taxonomy":"product_cat","embeddable":true,"href":"https:\/\/mouldking.store\/vi\/wp-json\/wp\/v2\/product_cat?post=44685"},{"taxonomy":"product_tag","embeddable":true,"href":"https:\/\/mouldking.store\/vi\/wp-json\/wp\/v2\/product_tag?post=44685"}],"curies":[{"name":"wp","href":"https:\/\/api.w.org\/{rel}","templated":true}]}}