{"id":44695,"date":"2023-04-25T18:45:00","date_gmt":"2023-04-25T11:45:00","guid":{"rendered":"https:\/\/mouldking.store\/shop\/wange-6233-mont-saint-michel-with-1392-pieces\/"},"modified":"2023-04-25T18:45:00","modified_gmt":"2023-04-25T11:45:00","slug":"wange-6233-mont-saint-michel-with-1392-pieces","status":"publish","type":"product","link":"https:\/\/mouldking.store\/vi\/shop\/wange-6233-mont-saint-michel-with-1392-pieces\/","title":{"rendered":"WANGE 6233 Mont Saint Michel with 1392 Pieces"},"content":{"rendered":"<div>\u2705 WANGE 6233 Mont Saint Michel<br \/>&nbsp;<br \/>\u2705WANGE 6233 Mont Saint Michel is a building set that allows you to construct a miniature brick-built version of the famous Mont Saint Michel island in France. The set includes approximately 1392 pieces and comes with detailed instructions to help you assemble the model.<br \/>&nbsp;<br \/>\ud83d\udeab QUAN TR\u1eccNG!&nbsp;<br \/>&nbsp;<br \/>Product Name: Mont Saint Michel<br \/>&nbsp;<br \/>Danh m\u1ee5c: T\u00f2a nh\u00e0 m\u00f4-\u0111un<br \/>&nbsp;<br \/>This Kit Contains: WANGE 6233<br \/>&nbsp;<br \/>1392 pcs Good Quality Bricks&nbsp;<br \/>&nbsp;<br \/>Size: 36.8 x 36.8 x 25.4cm<br \/>&nbsp;<br \/>H\u01b0\u1edbng d\u1eabn th\u1ee7 c\u00f4ng&nbsp;<br \/>&nbsp;<br \/>\ud83d\udcccB\u1ea3n ch\u1ea5t c\u1ee7a nh\u00e2n v\u1eadt ch\u00ednh&nbsp;<br \/>&nbsp;<br \/>Introducing our proud collection named \u201cMont Saint Michel\u201d you should not miss.&nbsp;<br \/>&nbsp;<br \/>Once constructed, the Mont Saint Michel model features a highly detailed and accurate design, with the iconic abbey, ramparts, and other buildings and structures that make up the island. The set also includes a baseplate with a label that reads &#8220;Mont Saint Michel&#8221;. The set is designed for ages 6 and up and is compatible with other leading brick building brands, allowing you to mix and match with other sets in your collection. Building with WANGE bricks can help develop fine motor skills, creativity, and problem-solving abilities, making it a fun and educational activity for builders of all ages.<\/div>","protected":false},"excerpt":{"rendered":"<p>Th\u01b0\u01a1ng hi\u1ec7u: WANGE<br \/>\nGi\u1edbi t\u00ednh: Unisex<br \/>\n\u0110\u1ed9 tu\u1ed5i: &gt; 6 tu\u1ed5i<br \/>\nModel Number: 6233<br \/>\nPh\u00e2n lo\u1ea1i: T\u1eadp h\u1ee3p<br \/>\nH\u00ecnh d\u1ea1ng kh\u1ed1i nh\u1ef1a: G\u1ea1ch t\u1ef1 kh\u00f3a<br \/>\nCh\u1ea5t li\u1ec7u: Nh\u1ef1a<br \/>\nLo\u1ea1i nh\u1ef1a: ABS<br \/>\nBricks Blocks: 1392 +<br \/>\nKh\u00f4ng c\u00f3 h\u1ed9p ban \u0111\u1ea7u<\/p>","protected":false},"featured_media":44686,"comment_status":"open","ping_status":"closed","template":"","meta":{"_acf_changed":false},"product_cat":[1395,390],"product_tag":[4883,9493,11782,392,11781,8000],"class_list":["product","first","instock","shipping-taxable","purchasable","product-type-simple"],"acf":[],"_links":{"self":[{"href":"https:\/\/mouldking.store\/vi\/wp-json\/wp\/v2\/product\/44695","targetHints":{"allow":["GET"]}}],"collection":[{"href":"https:\/\/mouldking.store\/vi\/wp-json\/wp\/v2\/product"}],"about":[{"href":"https:\/\/mouldking.store\/vi\/wp-json\/wp\/v2\/types\/product"}],"replies":[{"embeddable":true,"href":"https:\/\/mouldking.store\/vi\/wp-json\/wp\/v2\/comments?post=44695"}],"wp:featuredmedia":[{"embeddable":true,"href":"https:\/\/mouldking.store\/vi\/wp-json\/wp\/v2\/media\/44686"}],"wp:attachment":[{"href":"https:\/\/mouldking.store\/vi\/wp-json\/wp\/v2\/media?parent=44695"}],"wp:term":[{"taxonomy":"product_cat","embeddable":true,"href":"https:\/\/mouldking.store\/vi\/wp-json\/wp\/v2\/product_cat?post=44695"},{"taxonomy":"product_tag","embeddable":true,"href":"https:\/\/mouldking.store\/vi\/wp-json\/wp\/v2\/product_tag?post=44695"}],"curies":[{"name":"wp","href":"https:\/\/api.w.org\/{rel}","templated":true}]}}