{"id":44702,"date":"2023-04-25T18:53:04","date_gmt":"2023-04-25T11:53:04","guid":{"rendered":"https:\/\/mouldking.store\/shop\/moc-factory-138840-falcons-barbican-gatehouse-with-1977-pieces\/"},"modified":"2025-12-16T22:25:02","modified_gmt":"2025-12-16T15:25:02","slug":"moc-factory-138840-falcons-barbican-gatehouse-with-1977-pieces","status":"publish","type":"product","link":"https:\/\/mouldking.store\/vi\/shop\/moc-factory-138840-falcons-barbican-gatehouse-with-1977-pieces\/","title":{"rendered":"MOC Factory 138840 Falcons Barbican Gatehouse with 1977 Pieces"},"content":{"rendered":"<div>\u2705 MOC-138840 Falcons Barbican Gatehouse<\/p>\n<p>\u2705MOC-138840 Falcons Barbican Gatehouse is a custom-designed building set made by a brick fan and not an official brick product. The set includes 1977 pieces and comes with detailed instructions to help you assemble the model.<\/p>\n<p>\ud83d\udeab QUAN TR\u1eccNG!<\/p>\n<p>Product Name: Falcons Barbican Gatehouse<\/p>\n<p>Danh m\u1ee5c: T\u00f2a nh\u00e0 m\u00f4-\u0111un<\/p>\n<p>This Kit Contains: MOC-138840<\/p>\n<p>1977 pcs Good Quality Bricks<\/p>\n<p>Tr\u1ecdng l\u01b0\u1ee3ng: 1500g<\/p>\n<p>H\u01b0\u1edbng d\u1eabn PDF<\/p>\n<p>\ud83d\udcccB\u1ea3n ch\u1ea5t c\u1ee7a nh\u00e2n v\u1eadt ch\u00ednh<\/p>\n<p>Introducing our proud collection named \u201cFalcons Barbican Gatehouse\u201d you should not miss.<\/p>\n<p>Once constructed, the Falcons Barbican Gatehouse model features a highly detailed and accurate design, with a fortified gatehouse and towers that were common features of medieval castles. The set also includes minifigures of knights and archers, as well as other accessories such as weapons and shields. The set is designed for ages 14 and up and is compatible with other leading brick-building brands, allowing you to mix and match with other sets in your collection. Building with MOC bricks can help develop fine motor skills, creativity, and problem-solving abilities, making it a fun and educational activity for builders of all ages.<\/p><\/div>","protected":false},"excerpt":{"rendered":"<p>Th\u01b0\u01a1ng hi\u1ec7u: Nh\u00e0 m\u00e1y M\u1ed8C<br \/>\nGi\u1edbi t\u00ednh: Unisex<br \/>\n\u0110\u1ed9 tu\u1ed5i: &gt; 14 tu\u1ed5i<br \/>\nModel Number: 138840<br \/>\nPh\u00e2n lo\u1ea1i: T\u1eadp h\u1ee3p<br \/>\nH\u00ecnh d\u1ea1ng kh\u1ed1i nh\u1ef1a: G\u1ea1ch t\u1ef1 kh\u00f3a<br \/>\nCh\u1ea5t li\u1ec7u: Nh\u1ef1a<br \/>\nLo\u1ea1i nh\u1ef1a: ABS<br \/>\nBricks Blocks: 1977 +<br \/>\nS\u1eafp x\u1ebfp th\u1eddi gian: 4-8 tu\u1ea7n<\/p>","protected":false},"featured_media":44696,"comment_status":"open","ping_status":"closed","template":"","meta":{"_acf_changed":false},"product_cat":[1395,390],"product_tag":[11783,11462,787,4883,11784,11099,392],"class_list":["product","first","instock","shipping-taxable","purchasable","product-type-simple"],"acf":[],"_links":{"self":[{"href":"https:\/\/mouldking.store\/vi\/wp-json\/wp\/v2\/product\/44702","targetHints":{"allow":["GET"]}}],"collection":[{"href":"https:\/\/mouldking.store\/vi\/wp-json\/wp\/v2\/product"}],"about":[{"href":"https:\/\/mouldking.store\/vi\/wp-json\/wp\/v2\/types\/product"}],"replies":[{"embeddable":true,"href":"https:\/\/mouldking.store\/vi\/wp-json\/wp\/v2\/comments?post=44702"}],"wp:featuredmedia":[{"embeddable":true,"href":"https:\/\/mouldking.store\/vi\/wp-json\/wp\/v2\/media\/44696"}],"wp:attachment":[{"href":"https:\/\/mouldking.store\/vi\/wp-json\/wp\/v2\/media?parent=44702"}],"wp:term":[{"taxonomy":"product_cat","embeddable":true,"href":"https:\/\/mouldking.store\/vi\/wp-json\/wp\/v2\/product_cat?post=44702"},{"taxonomy":"product_tag","embeddable":true,"href":"https:\/\/mouldking.store\/vi\/wp-json\/wp\/v2\/product_tag?post=44702"}],"curies":[{"name":"wp","href":"https:\/\/api.w.org\/{rel}","templated":true}]}}