{"id":44715,"date":"2023-04-25T19:10:58","date_gmt":"2023-04-25T12:10:58","guid":{"rendered":"https:\/\/mouldking.store\/shop\/moc-factory-133150-norman-castle-keep-with-3297-pieces\/"},"modified":"2025-12-16T22:25:01","modified_gmt":"2025-12-16T15:25:01","slug":"moc-factory-133150-norman-castle-keep-with-3297-pieces","status":"publish","type":"product","link":"https:\/\/mouldking.store\/vi\/shop\/moc-factory-133150-norman-castle-keep-with-3297-pieces\/","title":{"rendered":"MOC Factory 133150 Norman Castle Keep with 3297 Pieces"},"content":{"rendered":"<div>\u2705MOC-133150 Norman Castle Keep<\/p>\n<p>\u2705A Norman castle keep is a type of fortified structure that was common in medieval Europe. It is a large, rectangular tower that was used as a stronghold or defensive position during times of conflict.<\/p>\n<p>\ud83d\udeab QUAN TR\u1eccNG!<\/p>\n<p>Product Name: Norman Castle Keep<\/p>\n<p>Danh m\u1ee5c: T\u00f2a nh\u00e0 m\u00f4-\u0111un<\/p>\n<p>This Kit Contains: MOC-133150<\/p>\n<p>3297 pcs Good Quality Bricks<\/p>\n<p>Weight: 2800g<\/p>\n<p>H\u01b0\u1edbng d\u1eabn PDF<\/p>\n<p>\ud83d\udcccB\u1ea3n ch\u1ea5t c\u1ee7a nh\u00e2n v\u1eadt ch\u00ednh<\/p>\n<p>Introducing our proud collection named \u201cNorman Castle Keep\u201d you should not miss.<\/p>\n<p>Norman castle keeps were typically constructed of stone and could be several stories tall, with thick walls and narrow windows. They were designed to withstand attacks from siege engines and other weapons of the time. The keep often had a single entrance on the ground floor, which was typically located above ground level and could only be accessed by a staircase or ladder. Inside the keep, there were typically several levels or floors, each serving a different purpose. The ground floor was often used for storage, while the upper floors served as living quarters for the lord and his family. The top floor, called the &#8220;great hall,&#8221; was a large open space used for dining, meetings, and other communal activities.&nbsp;<\/p><\/div>","protected":false},"excerpt":{"rendered":"<p>Th\u01b0\u01a1ng hi\u1ec7u: Nh\u00e0 m\u00e1y M\u1ed8C<br \/>\nGi\u1edbi t\u00ednh: Unisex<br \/>\n\u0110\u1ed9 tu\u1ed5i: &gt; 14 tu\u1ed5i<br \/>\nModel Number: 133150<br \/>\nPh\u00e2n lo\u1ea1i: T\u1eadp h\u1ee3p<br \/>\nH\u00ecnh d\u1ea1ng kh\u1ed1i nh\u1ef1a: G\u1ea1ch t\u1ef1 kh\u00f3a<br \/>\nCh\u1ea5t li\u1ec7u: Nh\u1ef1a<br \/>\nLo\u1ea1i nh\u1ef1a: ABS<br \/>\nBricks Blocks: 3297 +<br \/>\nS\u1eafp x\u1ebfp th\u1eddi gian: 4-8 tu\u1ea7n<\/p>","protected":false},"featured_media":44709,"comment_status":"open","ping_status":"closed","template":"","meta":{"_acf_changed":false},"product_cat":[1395,390],"product_tag":[787,4883,11099,392,11788],"class_list":["product","first","instock","shipping-taxable","purchasable","product-type-simple"],"acf":[],"_links":{"self":[{"href":"https:\/\/mouldking.store\/vi\/wp-json\/wp\/v2\/product\/44715","targetHints":{"allow":["GET"]}}],"collection":[{"href":"https:\/\/mouldking.store\/vi\/wp-json\/wp\/v2\/product"}],"about":[{"href":"https:\/\/mouldking.store\/vi\/wp-json\/wp\/v2\/types\/product"}],"replies":[{"embeddable":true,"href":"https:\/\/mouldking.store\/vi\/wp-json\/wp\/v2\/comments?post=44715"}],"wp:featuredmedia":[{"embeddable":true,"href":"https:\/\/mouldking.store\/vi\/wp-json\/wp\/v2\/media\/44709"}],"wp:attachment":[{"href":"https:\/\/mouldking.store\/vi\/wp-json\/wp\/v2\/media?parent=44715"}],"wp:term":[{"taxonomy":"product_cat","embeddable":true,"href":"https:\/\/mouldking.store\/vi\/wp-json\/wp\/v2\/product_cat?post=44715"},{"taxonomy":"product_tag","embeddable":true,"href":"https:\/\/mouldking.store\/vi\/wp-json\/wp\/v2\/product_tag?post=44715"}],"curies":[{"name":"wp","href":"https:\/\/api.w.org\/{rel}","templated":true}]}}