{"id":44734,"date":"2023-04-27T14:17:14","date_gmt":"2023-04-27T07:17:14","guid":{"rendered":"https:\/\/mouldking.store\/shop\/moc-factory-142666-keep-and-low-courtyard-with-3517-pieces\/"},"modified":"2025-12-16T22:25:01","modified_gmt":"2025-12-16T15:25:01","slug":"moc-factory-142666-keep-and-low-courtyard-with-3517-pieces","status":"publish","type":"product","link":"https:\/\/mouldking.store\/vi\/shop\/moc-factory-142666-keep-and-low-courtyard-with-3517-pieces\/","title":{"rendered":"MOC Factory 142666 Keep And Low Courtyard with 3517 Pieces"},"content":{"rendered":"<div>\u2705 MOC-142666 Keep And Low Courtyard<\/p>\n<p>\u2705A &#8220;Keep&#8221; is the central tower or stronghold of a medieval castle, which was typically the last line of defense in case of an attack. The &#8220;Low Courtyard&#8221; is an area in the castle that is located at a lower elevation than the keep and usually contained the living quarters of the castle&#8217;s inhabitants.<\/p>\n<p>\ud83d\udeab QUAN TR\u1eccNG!<\/p>\n<p>Product Name: Keep And Low Courtyard<\/p>\n<p>Danh m\u1ee5c: T\u00f2a nh\u00e0 m\u00f4-\u0111un<\/p>\n<p>This Kit Contains: MOC-142666<\/p>\n<p>3517 pcs Good Quality Bricks<\/p>\n<p>Weight: 3000g<\/p>\n<p>H\u01b0\u1edbng d\u1eabn PDF<\/p>\n<p>\ud83d\udcccB\u1ea3n ch\u1ea5t c\u1ee7a nh\u00e2n v\u1eadt ch\u00ednh<\/p>\n<p>Introducing our proud collection named \u201cKeep And Low Courtyard\u201d you should not miss.<\/p>\n<p>&#8220;Keep and Low Courtyard&#8221; is the combination of the central stronghold (the keep) and the surrounding living quarters (the low courtyard) of a medieval castle. This type of castle layout was commonly used in Europe during the Middle Ages as a means of defense and living space for the castle&#8217;s occupants.<\/p><\/div>","protected":false},"excerpt":{"rendered":"<p>Th\u01b0\u01a1ng hi\u1ec7u: Nh\u00e0 m\u00e1y M\u1ed8C<br \/>\nGi\u1edbi t\u00ednh: Unisex<br \/>\n\u0110\u1ed9 tu\u1ed5i: &gt; 6 tu\u1ed5i<br \/>\nModel Number: 142666<br \/>\nPh\u00e2n lo\u1ea1i: T\u1eadp h\u1ee3p<br \/>\nH\u00ecnh d\u1ea1ng kh\u1ed1i nh\u1ef1a: G\u1ea1ch t\u1ef1 kh\u00f3a<br \/>\nCh\u1ea5t li\u1ec7u: Nh\u1ef1a<br \/>\nLo\u1ea1i nh\u1ef1a: ABS<br \/>\nBricks Blocks: 3517 +<br \/>\nArrange Time:: 4-8 weeks<\/p>","protected":false},"featured_media":44729,"comment_status":"open","ping_status":"closed","template":"","meta":{"_acf_changed":false},"product_cat":[1395,390],"product_tag":[787,4883,11790,11789,4996,392],"class_list":["product","first","instock","shipping-taxable","purchasable","product-type-simple"],"acf":[],"_links":{"self":[{"href":"https:\/\/mouldking.store\/vi\/wp-json\/wp\/v2\/product\/44734","targetHints":{"allow":["GET"]}}],"collection":[{"href":"https:\/\/mouldking.store\/vi\/wp-json\/wp\/v2\/product"}],"about":[{"href":"https:\/\/mouldking.store\/vi\/wp-json\/wp\/v2\/types\/product"}],"replies":[{"embeddable":true,"href":"https:\/\/mouldking.store\/vi\/wp-json\/wp\/v2\/comments?post=44734"}],"wp:featuredmedia":[{"embeddable":true,"href":"https:\/\/mouldking.store\/vi\/wp-json\/wp\/v2\/media\/44729"}],"wp:attachment":[{"href":"https:\/\/mouldking.store\/vi\/wp-json\/wp\/v2\/media?parent=44734"}],"wp:term":[{"taxonomy":"product_cat","embeddable":true,"href":"https:\/\/mouldking.store\/vi\/wp-json\/wp\/v2\/product_cat?post=44734"},{"taxonomy":"product_tag","embeddable":true,"href":"https:\/\/mouldking.store\/vi\/wp-json\/wp\/v2\/product_tag?post=44734"}],"curies":[{"name":"wp","href":"https:\/\/api.w.org\/{rel}","templated":true}]}}