{"id":44827,"date":"2023-04-27T15:46:29","date_gmt":"2023-04-27T08:46:29","guid":{"rendered":"https:\/\/mouldking.store\/shop\/moc-factory-89401-kirby-and-the-forgotten-land-car-mouth-with-420-pieces\/"},"modified":"2025-12-16T22:25:01","modified_gmt":"2025-12-16T15:25:01","slug":"moc-factory-89401-kirby-and-the-forgotten-land-car-mouth-with-420-pieces","status":"publish","type":"product","link":"https:\/\/mouldking.store\/vi\/shop\/moc-factory-89401-kirby-and-the-forgotten-land-car-mouth-with-420-pieces\/","title":{"rendered":"MOC Factory 89401 Kirby v\u00e0 v\u00f9ng \u0111\u1ea5t b\u1ecb l\u00e3ng qu\u00ean Mi\u1ec7ng xe v\u1edbi 420 m\u1ea3nh gh\u00e9p"},"content":{"rendered":"<div>\u2705 MOC-89401 Kirby and the Forgotten Land Car Mouth&nbsp;<\/p>\n<p>\u2705&#8221;Kirby and the Forgotten Land&#8221; is a video game in the Kirby series, developed by HAL Laboratory and published by Nintendo. The game is set to be released for the Nintendo Switch console in Spring 2022. The game takes Kirby on a new adventure in a 3D platforming world filled with ruins and mysteries. Players will control Kirby as he navigates through levels, solves puzzles, and defeats enemies using his classic copy abilities, such as inhaling enemies and copying their abilities.<\/p>\n<p>\ud83d\udeab QUAN TR\u1eccNG!<\/p>\n<p>T\u00ean s\u1ea3n ph\u1ea9m: Kirby and the Forgotten Land Car Mouth&nbsp;<\/p>\n<p>Th\u1ec3 lo\u1ea1i: Phim<\/p>\n<p>B\u1ed9 n\u00e0y ch\u1ee9a: C9351<\/p>\n<p>420 pcs Good Quality Bricks<\/p>\n<p>Size: 16.4 x 8 x 6.1 cm<\/p>\n<p>Weight: 0.276 kg<\/p>\n<p>H\u01b0\u1edbng d\u1eabn PDF<\/p>\n<p>\ud83d\udcccB\u1ea3n ch\u1ea5t c\u1ee7a nh\u00e2n v\u1eadt ch\u00ednh<\/p>\n<p>Introducing our proud collection named \u201cKirby and the Forgotten Land Car Mouth \u201d you should not miss.<\/p>\n<p>Car Mouth is a Mouthful Mode that involves Kirby wrapping himself over the top of a car in order to take control of it, allowing him to drive around at high speed and run over enemies. While using this mode, Kirby can boost to gain speed and plow through obstacles (including cracked walls) and make a small singular jump to get over pits. Kirby can acquire this mode by inhaling different cars that appears in the stages. There are two types of cars that Kirby can use for Car Mouth: the first, which is seen in most promotional material, is a blue buggy-like car, while the second is a red race car decorated with yellow and blue accents. In at least some cases, the Car Mouth is used in racetrack-like courses where Kirby can set record times by reaching the finish.<\/p><\/div>","protected":false},"excerpt":{"rendered":"<p>Th\u01b0\u01a1ng hi\u1ec7u: Nh\u00e0 m\u00e1y M\u1ed8C<br \/>\nGi\u1edbi t\u00ednh: Unisex<br \/>\n\u0110\u1ed9 tu\u1ed5i: &gt; 6 tu\u1ed5i<br \/>\nModel Number: 89401<br \/>\nPh\u00e2n lo\u1ea1i: T\u1eadp h\u1ee3p<br \/>\nH\u00ecnh d\u1ea1ng kh\u1ed1i nh\u1ef1a: G\u1ea1ch t\u1ef1 kh\u00f3a<br \/>\nCh\u1ea5t li\u1ec7u: Nh\u1ef1a<br \/>\nLo\u1ea1i nh\u1ef1a: ABS<br \/>\nBricks Blocks: 420 +<br \/>\nKh\u00f4ng c\u00f3 h\u1ed9p ban \u0111\u1ea7u<\/p>","protected":false},"featured_media":44817,"comment_status":"open","ping_status":"closed","template":"","meta":{"_acf_changed":false},"product_cat":[1365,1360,371,581,1408],"product_tag":[457,11072,8452,11682,9139,11681,4706,11541,434],"class_list":["product","first","instock","shipping-taxable","purchasable","product-type-simple"],"acf":[],"_links":{"self":[{"href":"https:\/\/mouldking.store\/vi\/wp-json\/wp\/v2\/product\/44827","targetHints":{"allow":["GET"]}}],"collection":[{"href":"https:\/\/mouldking.store\/vi\/wp-json\/wp\/v2\/product"}],"about":[{"href":"https:\/\/mouldking.store\/vi\/wp-json\/wp\/v2\/types\/product"}],"replies":[{"embeddable":true,"href":"https:\/\/mouldking.store\/vi\/wp-json\/wp\/v2\/comments?post=44827"}],"wp:featuredmedia":[{"embeddable":true,"href":"https:\/\/mouldking.store\/vi\/wp-json\/wp\/v2\/media\/44817"}],"wp:attachment":[{"href":"https:\/\/mouldking.store\/vi\/wp-json\/wp\/v2\/media?parent=44827"}],"wp:term":[{"taxonomy":"product_cat","embeddable":true,"href":"https:\/\/mouldking.store\/vi\/wp-json\/wp\/v2\/product_cat?post=44827"},{"taxonomy":"product_tag","embeddable":true,"href":"https:\/\/mouldking.store\/vi\/wp-json\/wp\/v2\/product_tag?post=44827"}],"curies":[{"name":"wp","href":"https:\/\/api.w.org\/{rel}","templated":true}]}}