{"id":44912,"date":"2023-05-04T10:21:13","date_gmt":"2023-05-04T03:21:13","guid":{"rendered":"https:\/\/mouldking.store\/shop\/funwhole-f9011-medieval-pier-tavern-with-2143-pieces\/"},"modified":"2023-05-04T10:21:13","modified_gmt":"2023-05-04T03:21:13","slug":"funwhole-f9011-medieval-pier-tavern-with-2143-pieces","status":"publish","type":"product","link":"https:\/\/mouldking.store\/vi\/shop\/funwhole-f9011-medieval-pier-tavern-with-2143-pieces\/","title":{"rendered":"FunWhole F9011 Medieval Pier Tavern with 2143 Pieces"},"content":{"rendered":"<div>\u2705 FunWhole F9011 Medieval Pier Tavern<br \/>&nbsp;<br \/>\u2705A Medieval Pier Tavern is a themed restaurant or bar that has been designed to evoke the atmosphere of a medieval tavern, typically located near or on a pier. These establishments often feature period-style decor, such as wooden beams, thatched roofs, and torches, as well as servers and bartenders dressed in medieval costumes.<br \/>&nbsp;<br \/>\ud83d\udeab QUAN TR\u1eccNG!&nbsp;<br \/>&nbsp;<br \/>Product Name: Medieval Pier Tavern<br \/>&nbsp;<br \/>Danh m\u1ee5c: T\u00f2a nh\u00e0 m\u00f4-\u0111un<br \/>&nbsp;<br \/>This Kit Contains:&nbsp; FunWhole F9011<br \/>&nbsp;<br \/>2143 pcs Good Quality Bricks&nbsp;<br \/>&nbsp;<br \/>Size: 33.9 \u00d7 45.8 \u00d7 34.2 cm<br \/>&nbsp;<br \/>H\u01b0\u1edbng d\u1eabn th\u1ee7 c\u00f4ng&nbsp;<br \/>&nbsp;<br \/>\ud83d\udcccB\u1ea3n ch\u1ea5t c\u1ee7a nh\u00e2n v\u1eadt ch\u00ednh&nbsp;<br \/>&nbsp;<br \/>Introducing our proud collection named \u201cMedieval Pier Tavern\u201d you should not miss.&nbsp;<br \/>&nbsp;<br \/>The menu at a Medieval Pier Tavern may include traditional fare such as hearty stews, roasted meats, and breads baked on site, along with ale or mead served in goblets or tankards. Some taverns may also offer live entertainment, such as minstrels or jesters, to further enhance the medieval ambiance. Medieval Pier Taverns can be found in various tourist destinations around the world, and they are popular among visitors who enjoy immersive dining experiences or who have an interest in history and culture. They can also be used as a venue for special events, such as weddings, banquets, or corporate functions.<\/div>","protected":false},"excerpt":{"rendered":"<p>Brand: FunWhole<br \/>\nGi\u1edbi t\u00ednh: Unisex<br \/>\n\u0110\u1ed9 tu\u1ed5i: &gt; 8 tu\u1ed5i<br \/>\nModel Number: F9011<br \/>\nPh\u00e2n lo\u1ea1i: T\u1eadp h\u1ee3p<br \/>\nH\u00ecnh d\u1ea1ng kh\u1ed1i nh\u1ef1a: G\u1ea1ch t\u1ef1 kh\u00f3a<br \/>\nCh\u1ea5t li\u1ec7u: Nh\u1ef1a<br \/>\nLo\u1ea1i nh\u1ef1a: ABS<br \/>\nBricks Blocks: 2143 +<br \/>\nKh\u00f4ng c\u00f3 h\u1ed9p ban \u0111\u1ea7u<\/p>","protected":false},"featured_media":44906,"comment_status":"open","ping_status":"closed","template":"","meta":{"_acf_changed":false},"product_cat":[1365,1395,371,390],"product_tag":[11072,8452,11099,392,11107],"class_list":["product","first","instock","shipping-taxable","purchasable","product-type-simple"],"acf":[],"_links":{"self":[{"href":"https:\/\/mouldking.store\/vi\/wp-json\/wp\/v2\/product\/44912","targetHints":{"allow":["GET"]}}],"collection":[{"href":"https:\/\/mouldking.store\/vi\/wp-json\/wp\/v2\/product"}],"about":[{"href":"https:\/\/mouldking.store\/vi\/wp-json\/wp\/v2\/types\/product"}],"replies":[{"embeddable":true,"href":"https:\/\/mouldking.store\/vi\/wp-json\/wp\/v2\/comments?post=44912"}],"wp:featuredmedia":[{"embeddable":true,"href":"https:\/\/mouldking.store\/vi\/wp-json\/wp\/v2\/media\/44906"}],"wp:attachment":[{"href":"https:\/\/mouldking.store\/vi\/wp-json\/wp\/v2\/media?parent=44912"}],"wp:term":[{"taxonomy":"product_cat","embeddable":true,"href":"https:\/\/mouldking.store\/vi\/wp-json\/wp\/v2\/product_cat?post=44912"},{"taxonomy":"product_tag","embeddable":true,"href":"https:\/\/mouldking.store\/vi\/wp-json\/wp\/v2\/product_tag?post=44912"}],"curies":[{"name":"wp","href":"https:\/\/api.w.org\/{rel}","templated":true}]}}