{"id":45102,"date":"2023-05-10T10:53:08","date_gmt":"2023-05-10T03:53:08","guid":{"rendered":"https:\/\/mouldking.store\/shop\/zhegao-ql00982-hongkong-city-with-4184-pieces\/"},"modified":"2023-05-10T10:53:08","modified_gmt":"2023-05-10T03:53:08","slug":"zhegao-ql00982-hongkong-city-with-4184-pieces","status":"publish","type":"product","link":"https:\/\/mouldking.store\/vi\/shop\/zhegao-ql00982-hongkong-city-with-4184-pieces\/","title":{"rendered":"ZHEGAO QL00982 Hongkong City with 4184 Pieces"},"content":{"rendered":"<div>\u2705ZHEGAO QL00982 Hongkong City<br \/>&nbsp;<br \/>\u2705Hong Kong is a Special Administrative Region of China, located on the southern coast of the country. It is a highly urbanized and densely populated city with a population of over 7 million people, and it is considered to be a major global financial and economic hub.<br \/>&nbsp;<br \/>\ud83d\udeab QUAN TR\u1eccNG!&nbsp;<br \/>&nbsp;<br \/>Product Name: Hongkong City<br \/>&nbsp;<br \/>Danh m\u1ee5c: T\u00f2a nh\u00e0 m\u00f4-\u0111un<br \/>&nbsp;<br \/>This Kit Contains: ZHEGAO QL00982&nbsp;<br \/>&nbsp;<\/div>\n<div>4184 chi\u1ebfc G\u1ea1ch ch\u1ea5t l\u01b0\u1ee3ng t\u1ed1t&nbsp;<br \/>&nbsp;<br \/>H\u01b0\u1edbng d\u1eabn th\u1ee7 c\u00f4ng&nbsp;<br \/>&nbsp;<br \/>\ud83d\udcccB\u1ea3n ch\u1ea5t c\u1ee7a nh\u00e2n v\u1eadt ch\u00ednh&nbsp;<br \/>&nbsp;<br \/>Introducing our proud collection named \u201cHongkong City\u201d you should not miss.&nbsp;<br \/>&nbsp;<br \/>Hong Kong has a rich history and culture, influenced by both traditional Chinese customs and colonial British heritage. The city is home to a diverse range of cultural and artistic institutions, including museums, galleries, and theaters. It is also famous for its cuisine, which features a blend of Chinese, Western, and other international flavors. Hong Kong is a highly developed city with a modern infrastructure, including a world-class transportation system, extensive public parks and green spaces, and a variety of commercial and residential areas. The city is known for its impressive skyline, which features some of the tallest buildings in the world, as well as its beautiful harbor, which is a popular destination for tourists.<\/div>","protected":false},"excerpt":{"rendered":"<p>Th\u01b0\u01a1ng hi\u1ec7u: ZHEGAO<br \/>\nGi\u1edbi t\u00ednh: Unisex<br \/>\n\u0110\u1ed9 tu\u1ed5i: &gt; 8 tu\u1ed5i<br \/>\nModel Number: QL00982<br \/>\nPh\u00e2n lo\u1ea1i: T\u1eadp h\u1ee3p<br \/>\nH\u00ecnh d\u1ea1ng kh\u1ed1i nh\u1ef1a: G\u1ea1ch t\u1ef1 kh\u00f3a<br \/>\nCh\u1ea5t li\u1ec7u: Nh\u1ef1a<br \/>\nLo\u1ea1i nh\u1ef1a: ABS<br \/>\nKh\u1ed1i g\u1ea1ch: 4184 +<br \/>\nKh\u00f4ng c\u00f3 h\u1ed9p ban \u0111\u1ea7u<\/p>","protected":false},"featured_media":45099,"comment_status":"open","ping_status":"closed","template":"","meta":{"_acf_changed":false},"product_cat":[1395,390],"product_tag":[4883,11870,392],"class_list":["product","first","instock","shipping-taxable","purchasable","product-type-simple"],"acf":[],"_links":{"self":[{"href":"https:\/\/mouldking.store\/vi\/wp-json\/wp\/v2\/product\/45102","targetHints":{"allow":["GET"]}}],"collection":[{"href":"https:\/\/mouldking.store\/vi\/wp-json\/wp\/v2\/product"}],"about":[{"href":"https:\/\/mouldking.store\/vi\/wp-json\/wp\/v2\/types\/product"}],"replies":[{"embeddable":true,"href":"https:\/\/mouldking.store\/vi\/wp-json\/wp\/v2\/comments?post=45102"}],"wp:featuredmedia":[{"embeddable":true,"href":"https:\/\/mouldking.store\/vi\/wp-json\/wp\/v2\/media\/45099"}],"wp:attachment":[{"href":"https:\/\/mouldking.store\/vi\/wp-json\/wp\/v2\/media?parent=45102"}],"wp:term":[{"taxonomy":"product_cat","embeddable":true,"href":"https:\/\/mouldking.store\/vi\/wp-json\/wp\/v2\/product_cat?post=45102"},{"taxonomy":"product_tag","embeddable":true,"href":"https:\/\/mouldking.store\/vi\/wp-json\/wp\/v2\/product_tag?post=45102"}],"curies":[{"name":"wp","href":"https:\/\/api.w.org\/{rel}","templated":true}]}}