{"id":45363,"date":"2023-05-17T17:59:59","date_gmt":"2023-05-17T10:59:59","guid":{"rendered":"https:\/\/mouldking.store\/shop\/rastar-99310-audi-r8-lms-gt3-sports-car-with-3314-pieces\/"},"modified":"2023-05-17T17:59:59","modified_gmt":"2023-05-17T10:59:59","slug":"rastar-99310-audi-r8-lms-gt3-sports-car-with-3314-pieces","status":"publish","type":"product","link":"https:\/\/mouldking.store\/vi\/shop\/rastar-99310-audi-r8-lms-gt3-sports-car-with-3314-pieces\/","title":{"rendered":"Rastar 99310 Audi R8 LMS GT3 Sports Car with 3314 Pieces"},"content":{"rendered":"<div>\u2705 RASTAR 99310 Audi R8 LMS GT3 Sports Car<br \/>&nbsp;<br \/>\u2705The Audi R8 LMS GT3 is a high-performance sports car designed specifically for GT3 racing. It is based on the road-going Audi R8 but has been extensively modified for track use. The R8 LMS GT3 is built by Audi Sport, the motorsport division of Audi.<br \/>&nbsp;<br \/>\ud83d\udeab QUAN TR\u1eccNG!&nbsp;<br \/>&nbsp;<br \/>T\u00ean s\u1ea3n ph\u1ea9m: Xe th\u1ec3 thao Audi R8 LMS GT3<br \/>&nbsp;<br \/>Danh m\u1ee5c: K\u1ef9 thu\u1eadt&nbsp;<br \/>&nbsp;<br \/>This Kit Contains: RASTAR 99310<br \/>&nbsp;<br \/>3314 chi\u1ebfc G\u1ea1ch ch\u1ea5t l\u01b0\u1ee3ng t\u1ed1t&nbsp;<br \/>&nbsp;<br \/>K\u00edch th\u01b0\u1edbc: 56.5\u00d727\u00d714 cm<br \/>&nbsp;<br \/>H\u01b0\u1edbng d\u1eabn th\u1ee7 c\u00f4ng&nbsp;<br \/>&nbsp;<br \/>\ud83d\udcccB\u1ea3n ch\u1ea5t c\u1ee7a nh\u00e2n v\u1eadt ch\u00ednh&nbsp;<br \/>&nbsp;<br \/>Xin gi\u1edbi thi\u1ec7u b\u1ed9 s\u01b0u t\u1eadp \u0111\u00e1ng t\u1ef1 h\u00e0o c\u1ee7a ch\u00fang t\u00f4i mang t\u00ean \u201cXe th\u1ec3 thao Audi R8 LMS GT3\u201d m\u00e0 b\u1ea1n kh\u00f4ng n\u00ean b\u1ecf l\u1ee1.&nbsp;<br \/>&nbsp;<br \/>The R8 LMS GT3 is powered by a 5.2-liter naturally aspirated V10 engine, which produces over 550 horsepower, although the exact power output can vary depending on the Balance of Performance (BoP) regulations of the racing series it competes in. The Audi R8 LMS GT3 has enjoyed significant success in GT3 racing around the world. It has achieved numerous victories in prestigious events such as the 24 Hours of N\u00fcrburgring, 24 Hours of Spa, and the Blancpain GT Series. The Audi R8 LMS GT3 is a purpose-built racing car that combines power, precision, and aerodynamic excellence to deliver outstanding performance on the track. It embodies Audi&#8217;s motorsport heritage and engineering expertise, making it a formidable competitor in GT3 racing championships.<\/div>","protected":false},"excerpt":{"rendered":"<p>Th\u01b0\u01a1ng hi\u1ec7u: Rastar<br \/>\nGi\u1edbi t\u00ednh: Unisex<br \/>\n\u0110\u1ed9 tu\u1ed5i: &gt; 14 tu\u1ed5i<br \/>\nModel Number: 99310<br \/>\nPh\u00e2n lo\u1ea1i: T\u1eadp h\u1ee3p<br \/>\nH\u00ecnh d\u1ea1ng kh\u1ed1i nh\u1ef1a: G\u1ea1ch t\u1ef1 kh\u00f3a<br \/>\nCh\u1ea5t li\u1ec7u: Nh\u1ef1a<br \/>\nLo\u1ea1i nh\u1ef1a: ABS<br \/>\nKh\u1ed1i g\u1ea1ch: 3314 +<br \/>\nCh\u1ec9 \u0110\u1eb7t<br \/>\nKh\u00f4ng c\u00f3 h\u1ed9p ban \u0111\u1ea7u<\/p>","protected":false},"featured_media":45356,"comment_status":"open","ping_status":"closed","template":"","meta":{"_acf_changed":false},"product_cat":[1360,1357,364],"product_tag":[1845,457,11375,11150,389,11080],"class_list":["product","first","instock","shipping-taxable","purchasable","product-type-simple"],"acf":[],"_links":{"self":[{"href":"https:\/\/mouldking.store\/vi\/wp-json\/wp\/v2\/product\/45363","targetHints":{"allow":["GET"]}}],"collection":[{"href":"https:\/\/mouldking.store\/vi\/wp-json\/wp\/v2\/product"}],"about":[{"href":"https:\/\/mouldking.store\/vi\/wp-json\/wp\/v2\/types\/product"}],"replies":[{"embeddable":true,"href":"https:\/\/mouldking.store\/vi\/wp-json\/wp\/v2\/comments?post=45363"}],"wp:featuredmedia":[{"embeddable":true,"href":"https:\/\/mouldking.store\/vi\/wp-json\/wp\/v2\/media\/45356"}],"wp:attachment":[{"href":"https:\/\/mouldking.store\/vi\/wp-json\/wp\/v2\/media?parent=45363"}],"wp:term":[{"taxonomy":"product_cat","embeddable":true,"href":"https:\/\/mouldking.store\/vi\/wp-json\/wp\/v2\/product_cat?post=45363"},{"taxonomy":"product_tag","embeddable":true,"href":"https:\/\/mouldking.store\/vi\/wp-json\/wp\/v2\/product_tag?post=45363"}],"curies":[{"name":"wp","href":"https:\/\/api.w.org\/{rel}","templated":true}]}}