{"id":45570,"date":"2023-05-19T11:30:45","date_gmt":"2023-05-19T04:30:45","guid":{"rendered":"https:\/\/mouldking.store\/shop\/pinbao-7703-astronomical-observatory-with-3961-pieces\/"},"modified":"2023-05-19T11:30:45","modified_gmt":"2023-05-19T04:30:45","slug":"pinbao-7703-astronomical-observatory-with-3961-pieces","status":"publish","type":"product","link":"https:\/\/mouldking.store\/vi\/shop\/pinbao-7703-astronomical-observatory-with-3961-pieces\/","title":{"rendered":"PINBAO 7703 Astronomical Observatory with 3961 Pieces"},"content":{"rendered":"<div>\u2705 PINBAO 7703 Astronomical Observatory<br \/>&nbsp;<br \/>\u2705An astronomical observatory is a facility designed for observing celestial objects and phenomena in the night sky. Observatories are equipped with various instruments and telescopes that allow astronomers and researchers to study the universe, gather data, and make scientific discoveries.&nbsp;<br \/>&nbsp;<br \/>\ud83d\udeab QUAN TR\u1eccNG!&nbsp;<br \/>&nbsp;<br \/>Product Name: Astronomical Observatory<br \/>&nbsp;<br \/>Danh m\u1ee5c: T\u00f2a nh\u00e0 m\u00f4-\u0111un<br \/>&nbsp;<br \/>This Kit Contains: PINBAO 7703<br \/>&nbsp;<br \/>3961 pcs Good Quality Bricks &nbsp;<br \/>&nbsp;<br \/>H\u01b0\u1edbng d\u1eabn th\u1ee7 c\u00f4ng&nbsp;<br \/>&nbsp;<br \/>\ud83d\udcccB\u1ea3n ch\u1ea5t c\u1ee7a nh\u00e2n v\u1eadt ch\u00ednh&nbsp;<br \/>&nbsp;<br \/>Introducing our proud collection named \u201cAstronomical Observatory\u201d you should not miss.&nbsp;<br \/>&nbsp;<br \/>Observatories are typically situated in remote areas, away from light pollution and atmospheric disturbances. They are often placed on mountaintops or in deserts to minimize light interference and optimize the clarity of observations. Telescopes are the primary instruments used in observatories. They collect and focus light from celestial objects, allowing astronomers to study them in detail. Observatories may house different types of telescopes, including optical telescopes, radio telescopes, infrared telescopes, X-ray telescopes, and more, each designed for specific observations.<\/div>","protected":false},"excerpt":{"rendered":"<p>Brand: PINBAO<br \/>\nGi\u1edbi t\u00ednh: Unisex<br \/>\n\u0110\u1ed9 tu\u1ed5i: &gt; 6 tu\u1ed5i<br \/>\nModel Number: 7703<br \/>\nPh\u00e2n lo\u1ea1i: T\u1eadp h\u1ee3p<br \/>\nH\u00ecnh d\u1ea1ng kh\u1ed1i nh\u1ef1a: G\u1ea1ch t\u1ef1 kh\u00f3a<br \/>\nCh\u1ea5t li\u1ec7u: Nh\u1ef1a<br \/>\nLo\u1ea1i nh\u1ef1a: ABS<br \/>\nBricks Blocks: 3961 +<br \/>\nKh\u00f4ng c\u00f3 h\u1ed9p ban \u0111\u1ea7u<\/p>","protected":false},"featured_media":45564,"comment_status":"open","ping_status":"closed","template":"","meta":{"_acf_changed":false},"product_cat":[1395,390],"product_tag":[11919,4883,392,11920],"class_list":["product","first","instock","shipping-taxable","purchasable","product-type-simple"],"acf":[],"_links":{"self":[{"href":"https:\/\/mouldking.store\/vi\/wp-json\/wp\/v2\/product\/45570","targetHints":{"allow":["GET"]}}],"collection":[{"href":"https:\/\/mouldking.store\/vi\/wp-json\/wp\/v2\/product"}],"about":[{"href":"https:\/\/mouldking.store\/vi\/wp-json\/wp\/v2\/types\/product"}],"replies":[{"embeddable":true,"href":"https:\/\/mouldking.store\/vi\/wp-json\/wp\/v2\/comments?post=45570"}],"wp:featuredmedia":[{"embeddable":true,"href":"https:\/\/mouldking.store\/vi\/wp-json\/wp\/v2\/media\/45564"}],"wp:attachment":[{"href":"https:\/\/mouldking.store\/vi\/wp-json\/wp\/v2\/media?parent=45570"}],"wp:term":[{"taxonomy":"product_cat","embeddable":true,"href":"https:\/\/mouldking.store\/vi\/wp-json\/wp\/v2\/product_cat?post=45570"},{"taxonomy":"product_tag","embeddable":true,"href":"https:\/\/mouldking.store\/vi\/wp-json\/wp\/v2\/product_tag?post=45570"}],"curies":[{"name":"wp","href":"https:\/\/api.w.org\/{rel}","templated":true}]}}