{"id":45618,"date":"2023-05-19T12:31:34","date_gmt":"2023-05-19T05:31:34","guid":{"rendered":"https:\/\/mouldking.store\/shop\/mork-033007-medieval-bakery-shop-with-1407-pieces\/"},"modified":"2023-05-19T12:31:34","modified_gmt":"2023-05-19T05:31:34","slug":"mork-033007-medieval-bakery-shop-with-1407-pieces","status":"publish","type":"product","link":"https:\/\/mouldking.store\/vi\/shop\/mork-033007-medieval-bakery-shop-with-1407-pieces\/","title":{"rendered":"MORK 033007 Ti\u1ec7m b\u00e1nh th\u1eddi Trung c\u1ed5 v\u1edbi 1407 m\u1ea3nh gh\u00e9p"},"content":{"rendered":"<div>\u2705 Mork 033007 MEDIEVAL BAKERY Shop<br \/>&nbsp;<br \/>\u2705The Mork 033007 Creator Medieval Bakery Shop set consists of building blocks made from ABS plastic. It typically includes around 1407\u00b1pcs, which can be assembled to create a detailed modular building. The set features elements and accessories that resemble a medieval-style bakery shop, including walls, windows, doors, a roof, and interior details.<br \/>&nbsp;<br \/>\ud83d\udeab QUAN TR\u1eccNG!&nbsp;<br \/>&nbsp;<br \/>Product Name: MEDIEVAL BAKERY Shop<br \/>&nbsp;<br \/>Danh m\u1ee5c: T\u00f2a nh\u00e0 m\u00f4-\u0111un<br \/>&nbsp;<br \/>This Kit Contains: Mork 033007<br \/>&nbsp;<br \/>1407 pcs Good Quality Bricks&nbsp;<br \/>&nbsp;<br \/>Size: 23 \u00d7 25 \u00d7 29 cm<br \/>&nbsp;<br \/>H\u01b0\u1edbng d\u1eabn th\u1ee7 c\u00f4ng&nbsp;<br \/>&nbsp;<br \/>\ud83d\udcccB\u1ea3n ch\u1ea5t c\u1ee7a nh\u00e2n v\u1eadt ch\u00ednh&nbsp;<br \/>&nbsp;<br \/>Introducing our proud collection named \u201cMEDIEVAL BAKERY Shop\u201d you should not miss.&nbsp;<br \/>&nbsp;<br \/>The set is themed around a medieval bakery shop, evoking the atmosphere and architecture of the Middle Ages. The included elements and details are designed to reflect the aesthetics and style of that time period, creating an immersive play experience. Building block sets like this one offer various educational benefits. They promote creativity, fine motor skills, spatial awareness, and problem-solving abilities. As you construct the medieval bakery shop, you can engage in imaginative play and learn about medieval architecture and daily life.<\/div>","protected":false},"excerpt":{"rendered":"<p>Th\u01b0\u01a1ng hi\u1ec7u: MORK<br \/>\nGi\u1edbi t\u00ednh: Unisex<br \/>\n\u0110\u1ed9 tu\u1ed5i: &gt; 6 tu\u1ed5i<br \/>\nModel Number: 033007<br \/>\nPh\u00e2n lo\u1ea1i: T\u1eadp h\u1ee3p<br \/>\nH\u00ecnh d\u1ea1ng kh\u1ed1i nh\u1ef1a: G\u1ea1ch t\u1ef1 kh\u00f3a<br \/>\nCh\u1ea5t li\u1ec7u: Nh\u1ef1a<br \/>\nLo\u1ea1i nh\u1ef1a: ABS<br \/>\nBricks Blocks: 1407 +<br \/>\nKh\u00f4ng c\u00f3 h\u1ed9p ban \u0111\u1ea7u<\/p>","protected":false},"featured_media":45612,"comment_status":"open","ping_status":"closed","template":"","meta":{"_acf_changed":false},"product_cat":[1395,390],"product_tag":[8594,4883,11099,392],"class_list":["product","first","instock","shipping-taxable","purchasable","product-type-simple"],"acf":[],"_links":{"self":[{"href":"https:\/\/mouldking.store\/vi\/wp-json\/wp\/v2\/product\/45618","targetHints":{"allow":["GET"]}}],"collection":[{"href":"https:\/\/mouldking.store\/vi\/wp-json\/wp\/v2\/product"}],"about":[{"href":"https:\/\/mouldking.store\/vi\/wp-json\/wp\/v2\/types\/product"}],"replies":[{"embeddable":true,"href":"https:\/\/mouldking.store\/vi\/wp-json\/wp\/v2\/comments?post=45618"}],"wp:featuredmedia":[{"embeddable":true,"href":"https:\/\/mouldking.store\/vi\/wp-json\/wp\/v2\/media\/45612"}],"wp:attachment":[{"href":"https:\/\/mouldking.store\/vi\/wp-json\/wp\/v2\/media?parent=45618"}],"wp:term":[{"taxonomy":"product_cat","embeddable":true,"href":"https:\/\/mouldking.store\/vi\/wp-json\/wp\/v2\/product_cat?post=45618"},{"taxonomy":"product_tag","embeddable":true,"href":"https:\/\/mouldking.store\/vi\/wp-json\/wp\/v2\/product_tag?post=45618"}],"curies":[{"name":"wp","href":"https:\/\/api.w.org\/{rel}","templated":true}]}}