{"id":45934,"date":"2023-05-25T15:48:19","date_gmt":"2023-05-25T08:48:19","guid":{"rendered":"https:\/\/mouldking.store\/shop\/b-brand-826-fairy-castle-with-3600-pieces\/"},"modified":"2023-05-25T15:48:19","modified_gmt":"2023-05-25T08:48:19","slug":"b-brand-826-fairy-castle-with-3600-pieces","status":"publish","type":"product","link":"https:\/\/mouldking.store\/vi\/shop\/b-brand-826-fairy-castle-with-3600-pieces\/","title":{"rendered":"B Brand 826 Fairy Castle with 3600 Pieces"},"content":{"rendered":"<div>\u2705 B Brand 826 Fairy Castle<br \/>&nbsp;<br \/>\u2705A Fairy castle typically refers to a miniature castle or palace that is created as a decorative piece or a dollhouse. It is often designed to be whimsical and enchanting, resembling the castles found in fairy tales or fantasy stories.&nbsp;<br \/>&nbsp;<br \/>\ud83d\udeab QUAN TR\u1eccNG!&nbsp;<br \/>&nbsp;<br \/>Product Name: Fairy Castle<br \/>&nbsp;<br \/>Danh m\u1ee5c: T\u00f2a nh\u00e0 m\u00f4-\u0111un<br \/>&nbsp;<br \/>This Kit Contains: B Brand 826<br \/>&nbsp;<br \/>3600 pcs Good Quality Bricks&nbsp;<br \/>&nbsp;<br \/>H\u01b0\u1edbng d\u1eabn th\u1ee7 c\u00f4ng&nbsp;<br \/>&nbsp;<br \/>\ud83d\udcccB\u1ea3n ch\u1ea5t c\u1ee7a nh\u00e2n v\u1eadt ch\u00ednh&nbsp;<br \/>&nbsp;<br \/>Introducing our proud collection named \u201cFairy Castle\u201d you should not miss.&nbsp;<br \/>&nbsp;<br \/>Fairy castles are commonly crafted with intricate details, including turrets, towers, balconies, and ornate decorations. They can be made from a variety of materials such as wood, plastic, or even porcelain, and are often adorned with miniature furnishings, landscaping elements, and tiny figurines to bring the castle to life. Fairy castles are popular among collectors, hobbyists, and those who enjoy creating miniature worlds. They can serve as a charming display piece or be used as a playset for imaginative storytelling and role-playing.<\/div>","protected":false},"excerpt":{"rendered":"<p>Brand: B Brand<br \/>\nGi\u1edbi t\u00ednh: Unisex<br \/>\n\u0110\u1ed9 tu\u1ed5i: &gt; 14 tu\u1ed5i<br \/>\nModel Number: 826<br \/>\nPh\u00e2n lo\u1ea1i: T\u1eadp h\u1ee3p<br \/>\nH\u00ecnh d\u1ea1ng kh\u1ed1i nh\u1ef1a: G\u1ea1ch t\u1ef1 kh\u00f3a<br \/>\nCh\u1ea5t li\u1ec7u: Nh\u1ef1a<br \/>\nLo\u1ea1i nh\u1ef1a: ABS<br \/>\nBricks Blocks: 3600 +<br \/>\nKh\u00f4ng c\u00f3 h\u1ed9p ban \u0111\u1ea7u<\/p>","protected":false},"featured_media":45928,"comment_status":"open","ping_status":"closed","template":"","meta":{"_acf_changed":false},"product_cat":[1365,1395,390],"product_tag":[787,4883,8452,11200,11099,392],"class_list":["product","first","instock","shipping-taxable","purchasable","product-type-simple"],"acf":[],"_links":{"self":[{"href":"https:\/\/mouldking.store\/vi\/wp-json\/wp\/v2\/product\/45934","targetHints":{"allow":["GET"]}}],"collection":[{"href":"https:\/\/mouldking.store\/vi\/wp-json\/wp\/v2\/product"}],"about":[{"href":"https:\/\/mouldking.store\/vi\/wp-json\/wp\/v2\/types\/product"}],"replies":[{"embeddable":true,"href":"https:\/\/mouldking.store\/vi\/wp-json\/wp\/v2\/comments?post=45934"}],"wp:featuredmedia":[{"embeddable":true,"href":"https:\/\/mouldking.store\/vi\/wp-json\/wp\/v2\/media\/45928"}],"wp:attachment":[{"href":"https:\/\/mouldking.store\/vi\/wp-json\/wp\/v2\/media?parent=45934"}],"wp:term":[{"taxonomy":"product_cat","embeddable":true,"href":"https:\/\/mouldking.store\/vi\/wp-json\/wp\/v2\/product_cat?post=45934"},{"taxonomy":"product_tag","embeddable":true,"href":"https:\/\/mouldking.store\/vi\/wp-json\/wp\/v2\/product_tag?post=45934"}],"curies":[{"name":"wp","href":"https:\/\/api.w.org\/{rel}","templated":true}]}}