{"id":46262,"date":"2023-05-26T15:49:20","date_gmt":"2023-05-26T08:49:20","guid":{"rendered":"https:\/\/mouldking.store\/shop\/joytoy-jt4614-adepta-sororitas-battle-sisters-order-of-the-argent-shroud-sister-superior-evinka-with-1-pieces\/"},"modified":"2023-05-26T15:49:20","modified_gmt":"2023-05-26T08:49:20","slug":"joytoy-jt4614-adepta-sororitas-battle-sisters-order-of-the-argent-shroud-sister-superior-evinka-with-1-pieces","status":"publish","type":"product","link":"https:\/\/mouldking.store\/vi\/shop\/joytoy-jt4614-adepta-sororitas-battle-sisters-order-of-the-argent-shroud-sister-superior-evinka-with-1-pieces\/","title":{"rendered":"Joytoy JT4614 Adepta Sororitas Battle Sisters Order of the Argent Shroud Sister Superior Evinka v\u1edbi 1 mi\u1ebfng"},"content":{"rendered":"<div>\u2705 JOYTOY JT4614 Adepta Sororitas Battle Sisters Order of the Argent Shroud Sister Superior Evinka<br \/>&nbsp;<br \/>\u2705Sister Superior Evinka l\u00e0 m\u1ed9t nh\u00e2n v\u1eadt t\u00f9y ch\u1ec9nh ho\u1eb7c m\u1ed9t ph\u1ea7n b\u1ed5 sung g\u1ea7n \u0111\u00e2y cho truy\u1ec1n thuy\u1ebft Warhammer 40.000<br \/>&nbsp;<br \/>\ud83d\udeab QUAN TR\u1eccNG!&nbsp;<br \/>&nbsp;<br \/>T\u00ean s\u1ea3n ph\u1ea9m: Adepta Sororitas Battle Sisters Hu\u00e2n ch\u01b0\u01a1ng T\u1ea5m v\u1ea3i li\u1ec7m Argent Ch\u1ecb Th\u01b0\u1ee3ng c\u1ea5p Evinka<br \/>&nbsp;<br \/>Th\u1ec3 lo\u1ea1i: Ng\u01b0\u1eddi s\u00e1ng t\u1ea1o&nbsp;<br \/>&nbsp;<br \/>B\u1ed9 s\u1ea3n ph\u1ea9m n\u00e0y ch\u1ee9a: JOYTOY JT4614<br \/>&nbsp;<br \/>1 vi\u00ean g\u1ea1ch ch\u1ea5t l\u01b0\u1ee3ng t\u1ed1t&nbsp;<br \/>&nbsp;<br \/>K\u00edch th\u01b0\u1edbc: 13,6cm<br \/>&nbsp;<br \/>H\u01b0\u1edbng d\u1eabn th\u1ee7 c\u00f4ng&nbsp;<br \/>&nbsp;<br \/>\ud83d\udcccB\u1ea3n ch\u1ea5t c\u1ee7a nh\u00e2n v\u1eadt ch\u00ednh&nbsp;<br \/>&nbsp;<br \/>Gi\u1edbi thi\u1ec7u b\u1ed9 s\u01b0u t\u1eadp \u0111\u00e1ng t\u1ef1 h\u00e0o c\u1ee7a ch\u00fang t\u00f4i mang t\u00ean \u201cAdepta Sororitas Battle Sisters Order of the Argent Shroud Sister Superior Evinka\u201d b\u1ea1n kh\u00f4ng n\u00ean b\u1ecf l\u1ee1.&nbsp;<br \/>&nbsp;<br \/>Sister Superiors l\u00e0 nh\u1eefng nh\u00e0 l\u00e3nh \u0111\u1ea1o gi\u00e0u kinh nghi\u1ec7m trong Adepta Sororitas, cung c\u1ea5p h\u01b0\u1edbng d\u1eabn v\u00e0 l\u00e3nh \u0111\u1ea1o cho c\u00e1c Battle Sisters c\u1ee7a h\u1ecd. Order of the Argent Shroud \u0111\u01b0\u1ee3c bi\u1ebft \u0111\u1ebfn v\u1edbi c\u00e1ch ti\u1ebfp c\u1eadn chi\u1ebfn \u0111\u1ea5u k\u1ef7 lu\u1eadt v\u00e0 hi\u1ec7u qu\u1ea3 c\u0169ng nh\u01b0 b\u1ed9 \u00e1o gi\u00e1p m\u00e0u b\u1ea1c c\u1ee7a h\u1ecd.<\/div>","protected":false},"excerpt":{"rendered":"<p>Th\u01b0\u01a1ng hi\u1ec7u: JoyToy<br \/>\nGi\u1edbi t\u00ednh: Unisex<br \/>\n\u0110\u1ed9 tu\u1ed5i: &gt; 6 tu\u1ed5i<br \/>\nS\u1ed1 m\u00f4 h\u00ecnh: JT4614<br \/>\nPh\u00e2n lo\u1ea1i: T\u1eadp h\u1ee3p<br \/>\nH\u00ecnh d\u1ea1ng kh\u1ed1i nh\u1ef1a: G\u1ea1ch t\u1ef1 kh\u00f3a<br \/>\nCh\u1ea5t li\u1ec7u: Nh\u1ef1a<br \/>\nLo\u1ea1i nh\u1ef1a: ABS<br \/>\nKh\u1ed1i g\u1ea1ch: 1 +<br \/>\nKh\u00f4ng c\u00f3 h\u1ed9p ban \u0111\u1ea7u<\/p>","protected":false},"featured_media":46260,"comment_status":"open","ping_status":"closed","template":"","meta":{"_acf_changed":false},"product_cat":[1365,371],"product_tag":[11827,9077,11072,8452,12044,12042,12021,11828],"class_list":["product","first","instock","shipping-taxable","purchasable","product-type-simple"],"acf":[],"_links":{"self":[{"href":"https:\/\/mouldking.store\/vi\/wp-json\/wp\/v2\/product\/46262","targetHints":{"allow":["GET"]}}],"collection":[{"href":"https:\/\/mouldking.store\/vi\/wp-json\/wp\/v2\/product"}],"about":[{"href":"https:\/\/mouldking.store\/vi\/wp-json\/wp\/v2\/types\/product"}],"replies":[{"embeddable":true,"href":"https:\/\/mouldking.store\/vi\/wp-json\/wp\/v2\/comments?post=46262"}],"wp:featuredmedia":[{"embeddable":true,"href":"https:\/\/mouldking.store\/vi\/wp-json\/wp\/v2\/media\/46260"}],"wp:attachment":[{"href":"https:\/\/mouldking.store\/vi\/wp-json\/wp\/v2\/media?parent=46262"}],"wp:term":[{"taxonomy":"product_cat","embeddable":true,"href":"https:\/\/mouldking.store\/vi\/wp-json\/wp\/v2\/product_cat?post=46262"},{"taxonomy":"product_tag","embeddable":true,"href":"https:\/\/mouldking.store\/vi\/wp-json\/wp\/v2\/product_tag?post=46262"}],"curies":[{"name":"wp","href":"https:\/\/api.w.org\/{rel}","templated":true}]}}