{"id":46426,"date":"2023-06-06T11:18:00","date_gmt":"2023-06-06T04:18:00","guid":{"rendered":"https:\/\/mouldking.store\/shop\/tuole-6015-spiderman-spider-hero-uphold-justice-with-1132-pieces\/"},"modified":"2023-06-06T11:18:00","modified_gmt":"2023-06-06T04:18:00","slug":"tuole-6015-spiderman-spider-hero-uphold-justice-with-1132-pieces","status":"publish","type":"product","link":"https:\/\/mouldking.store\/vi\/shop\/tuole-6015-spiderman-spider-hero-uphold-justice-with-1132-pieces\/","title":{"rendered":"TUOLE 6015 Ng\u01b0\u1eddi Nh\u1ec7n Anh H\u00f9ng B\u1ea3o V\u1ec7 C\u00f4ng L\u00fd v\u1edbi 1132 M\u1ea3nh Gh\u00e9p"},"content":{"rendered":"<div>\u2705 TUOLE 6015 Ng\u01b0\u1eddi Nh\u1ec7n Anh H\u00f9ng B\u1ea3o V\u1ec7 C\u00f4ng L\u00fd<br \/>&nbsp;<br \/>\u2705Ng\u01b0\u1eddi Nh\u1ec7n, th\u01b0\u1eddng \u0111\u01b0\u1ee3c g\u1ecdi l\u00e0 &quot;Ng\u01b0\u1eddi Nh\u1ec7n H\u00e0ng X\u00f3m Th\u00e2n Thi\u1ec7n&quot;, l\u00e0 m\u1ed9t si\u00eau anh h\u00f9ng h\u01b0 c\u1ea5u \u0111\u01b0\u1ee3c s\u00e1ng t\u1ea1o b\u1edfi nh\u00e0 v\u0103n Stan Lee v\u00e0 h\u1ecda s\u0129 Steve Ditko cho Marvel Comics. Nh\u00e2n v\u1eadt n\u00e0y xu\u1ea5t hi\u1ec7n l\u1ea7n \u0111\u1ea7u ti\u00ean trong &quot;Amazing Fantasy&quot; #15 v\u00e0o n\u0103m 1962.<br \/>&nbsp;<br \/>\ud83d\udeab QUAN TR\u1eccNG!&nbsp;<br \/>&nbsp;<br \/>T\u00ean s\u1ea3n ph\u1ea9m: Ng\u01b0\u1eddi Nh\u1ec7n Anh H\u00f9ng Gi\u1eef V\u1eefng C\u00f4ng L\u00fd<br \/>&nbsp;<br \/>Th\u1ec3 lo\u1ea1i: Phim&nbsp;<br \/>&nbsp;<br \/>B\u1ed9 s\u1ea3n ph\u1ea9m n\u00e0y ch\u1ee9a: TUOLE 6015<br \/>&nbsp;<br \/>1132 vi\u00ean g\u1ea1ch ch\u1ea5t l\u01b0\u1ee3ng t\u1ed1t&nbsp;<br \/>&nbsp;<br \/>K\u00edch th\u01b0\u1edbc: 21 \u00d7 19,2 \u00d7 36,5 cm<br \/>&nbsp;<br \/>H\u01b0\u1edbng d\u1eabn th\u1ee7 c\u00f4ng&nbsp;<br \/>&nbsp;<br \/>\ud83d\udcccB\u1ea3n ch\u1ea5t c\u1ee7a nh\u00e2n v\u1eadt ch\u00ednh&nbsp;<br \/>&nbsp;<br \/>Xin gi\u1edbi thi\u1ec7u b\u1ed9 s\u01b0u t\u1eadp \u0111\u1ea7y t\u1ef1 h\u00e0o mang t\u00ean \u201cNg\u01b0\u1eddi Nh\u1ec7n Anh H\u00f9ng Gi\u1eef V\u1eefng C\u00f4ng L\u00fd\u201d m\u00e0 b\u1ea1n kh\u00f4ng n\u00ean b\u1ecf l\u1ee1.&nbsp;<br \/>&nbsp;<br \/>Spider-Man, b\u1ea3n ng\u00e3 kh\u00e1c c\u1ee7a Peter Parker, c\u00f3 \u0111\u01b0\u1ee3c kh\u1ea3 n\u0103ng si\u00eau ph\u00e0m sau khi b\u1ecb m\u1ed9t con nh\u1ec7n ph\u00f3ng x\u1ea1 c\u1eafn. Anh s\u1edf h\u1eefu s\u1ee9c m\u1ea1nh, s\u1ef1 nhanh nh\u1eb9n v\u00e0 kh\u1ea3 n\u0103ng b\u00e1m v\u00e0o t\u01b0\u1eddng \u0111\u01b0\u1ee3c t\u0103ng c\u01b0\u1eddng. Ngo\u00e0i ra, Spider-Man c\u00f2n c\u00f3 &quot;gi\u00e1c quan nh\u1ec7n&quot;, m\u1ed9t tr\u1ef1c gi\u00e1c nh\u1ea1y b\u00e9n gi\u00fap anh c\u1ea3nh b\u00e1o v\u1ec1 nguy hi\u1ec3m. L\u00e0 Ng\u01b0\u1eddi Nh\u1ec7n, Peter Parker chi\u1ebfn \u0111\u1ea5u v\u1edbi t\u1ed9i ph\u1ea1m v\u00e0 b\u1ea3o v\u1ec7 nh\u1eefng ng\u01b0\u1eddi v\u00f4 t\u1ed9i \u1edf Th\u00e0nh ph\u1ed1 New York. Anh s\u1eed d\u1ee5ng nh\u1eefng kh\u1ea3 n\u0103ng \u0111\u1ed9c \u0111\u00e1o, k\u1ef9 n\u0103ng nh\u00e0o l\u1ed9n v\u00e0 s\u00fang b\u1eafn t\u01a1 (thi\u1ebft b\u1ecb anh t\u1ea1o ra \u0111\u1ec3 b\u1eafn v\u00e0 \u0111u tr\u00ean c\u00e1c s\u1ee3i t\u01a1) \u0111\u1ec3 b\u1eaft gi\u1eef t\u1ed9i ph\u1ea1m v\u00e0 ng\u0103n ch\u1eb7n nh\u1eefng k\u1ebb si\u00eau ph\u1ea3n di\u1ec7n. Spider-Man \u0111\u01b0\u1ee3c bi\u1ebft \u0111\u1ebfn v\u1edbi b\u1ed9 trang ph\u1ee5c m\u00e0u \u0111\u1ecf v\u00e0 xanh lam, c\u00f3 h\u1ecda ti\u1ebft m\u1ea1ng nh\u1ec7n v\u00e0 bi\u1ec3u t\u01b0\u1ee3ng con nh\u1ec7n tr\u00ean ng\u1ef1c. Trong nhi\u1ec1u n\u0103m, nh\u00e2n v\u1eadt n\u00e0y \u0111\u00e3 xu\u1ea5t hi\u1ec7n trong nhi\u1ec1u b\u1ed9 truy\u1ec7n tranh, ch\u01b0\u01a1ng tr\u00ecnh truy\u1ec1n h\u00ecnh ho\u1ea1t h\u00ecnh v\u00e0 phim \u1ea3nh, tr\u1edf th\u00e0nh m\u1ed9t trong nh\u1eefng si\u00eau anh h\u00f9ng n\u1ed5i ti\u1ebfng v\u00e0 d\u1ec5 nh\u1eadn bi\u1ebft nh\u1ea5t tr\u00ean to\u00e0n th\u1ebf gi\u1edbi.<\/div>","protected":false},"excerpt":{"rendered":"<p>Th\u01b0\u01a1ng hi\u1ec7u: TUOLE<br \/>\nGi\u1edbi t\u00ednh: Unisex<br \/>\n\u0110\u1ed9 tu\u1ed5i: &gt; 6 tu\u1ed5i<br \/>\nS\u1ed1 hi\u1ec7u m\u1eabu: 6015<br \/>\nPh\u00e2n lo\u1ea1i: T\u1eadp h\u1ee3p<br \/>\nH\u00ecnh d\u1ea1ng kh\u1ed1i nh\u1ef1a: G\u1ea1ch t\u1ef1 kh\u00f3a<br \/>\nCh\u1ea5t li\u1ec7u: Nh\u1ef1a<br \/>\nLo\u1ea1i nh\u1ef1a: ABS<br \/>\nKh\u1ed1i g\u1ea1ch: 1132 +<br \/>\nKh\u00f4ng c\u00f3 h\u1ed9p ban \u0111\u1ea7u<\/p>","protected":false},"featured_media":46420,"comment_status":"open","ping_status":"closed","template":"","meta":{"_acf_changed":false},"product_cat":[1365,1848,371,581,1408],"product_tag":[11072,8452,12067,1496,12065,434,12064,12066],"class_list":["product","first","instock","shipping-taxable","purchasable","product-type-simple"],"acf":[],"_links":{"self":[{"href":"https:\/\/mouldking.store\/vi\/wp-json\/wp\/v2\/product\/46426","targetHints":{"allow":["GET"]}}],"collection":[{"href":"https:\/\/mouldking.store\/vi\/wp-json\/wp\/v2\/product"}],"about":[{"href":"https:\/\/mouldking.store\/vi\/wp-json\/wp\/v2\/types\/product"}],"replies":[{"embeddable":true,"href":"https:\/\/mouldking.store\/vi\/wp-json\/wp\/v2\/comments?post=46426"}],"wp:featuredmedia":[{"embeddable":true,"href":"https:\/\/mouldking.store\/vi\/wp-json\/wp\/v2\/media\/46420"}],"wp:attachment":[{"href":"https:\/\/mouldking.store\/vi\/wp-json\/wp\/v2\/media?parent=46426"}],"wp:term":[{"taxonomy":"product_cat","embeddable":true,"href":"https:\/\/mouldking.store\/vi\/wp-json\/wp\/v2\/product_cat?post=46426"},{"taxonomy":"product_tag","embeddable":true,"href":"https:\/\/mouldking.store\/vi\/wp-json\/wp\/v2\/product_tag?post=46426"}],"curies":[{"name":"wp","href":"https:\/\/api.w.org\/{rel}","templated":true}]}}