{"id":46578,"date":"2023-06-12T12:02:09","date_gmt":"2023-06-12T05:02:09","guid":{"rendered":"https:\/\/mouldking.store\/shop\/panlosbrick-613003-pink-dream-castle-with-9963-pieces\/"},"modified":"2023-06-12T12:02:09","modified_gmt":"2023-06-12T05:02:09","slug":"panlosbrick-613003-pink-dream-castle-with-9963-pieces","status":"publish","type":"product","link":"https:\/\/mouldking.store\/vi\/shop\/panlosbrick-613003-pink-dream-castle-with-9963-pieces\/","title":{"rendered":"PANLOSBRICK 613003 Pink Dream Castle with 9963 Pieces"},"content":{"rendered":"<div>\u2705 PANLOS 613003 Pink Dream Castle<br \/>&nbsp;<br \/>\u2705The PANLOS 613003 Creator Expert Pink Dream Castle Building Blocks is a specific building block set that features a pink dream castle design. It includes approximately 9963 pieces, allowing builders to create a detailed and intricate model of a castle using interlocking plastic bricks.<br \/>&nbsp;<br \/>\ud83d\udeab QUAN TR\u1eccNG!&nbsp;<br \/>&nbsp;<br \/>Product Name: Pink Dream Castle<br \/>&nbsp;<br \/>Danh m\u1ee5c: T\u00f2a nh\u00e0 m\u00f4-\u0111un<br \/>&nbsp;<br \/>This Kit Contains: PANLOS 613003&nbsp;<br \/>&nbsp;<br \/>9963 pcs Good Quality Bricks&nbsp;<br \/>&nbsp;<br \/>Size: 42 \u00d7 42 \u00d7 51 cm<br \/>&nbsp;<br \/>H\u01b0\u1edbng d\u1eabn th\u1ee7 c\u00f4ng&nbsp;<br \/>&nbsp;<br \/>\ud83d\udcccB\u1ea3n ch\u1ea5t c\u1ee7a nh\u00e2n v\u1eadt ch\u00ednh&nbsp;<br \/>&nbsp;<br \/>Introducing our proud collection named \u201cPink Dream Castle\u201d you should not miss.&nbsp;<br \/>&nbsp;<br \/>The specific features of the set can vary, but building block sets often include elements such as architectural details, interior rooms, balconies, towers, gates, and other castle-related structures. These features can be assembled to create a visually appealing and immersive castle model.<\/div>","protected":false},"excerpt":{"rendered":"<p>Th\u01b0\u01a1ng hi\u1ec7u: PANLOSBRICK<br \/>\nGi\u1edbi t\u00ednh: Unisex<br \/>\n\u0110\u1ed9 tu\u1ed5i: &gt; 16 tu\u1ed5i<br \/>\nModel Number: 613003<br \/>\nPh\u00e2n lo\u1ea1i: T\u1eadp h\u1ee3p<br \/>\nH\u00ecnh d\u1ea1ng kh\u1ed1i nh\u1ef1a: G\u1ea1ch t\u1ef1 kh\u00f3a<br \/>\nCh\u1ea5t li\u1ec7u: Nh\u1ef1a<br \/>\nLo\u1ea1i nh\u1ef1a: ABS<br \/>\nBricks Blocks: 9963 +<br \/>\nKh\u00f4ng c\u00f3 h\u1ed9p ban \u0111\u1ea7u<\/p>","protected":false},"featured_media":46572,"comment_status":"open","ping_status":"closed","template":"","meta":{"_acf_changed":false},"product_cat":[1365,1395,371,390],"product_tag":[787,11072,8452,2722,392],"class_list":["product","first","instock","shipping-taxable","purchasable","product-type-simple"],"acf":[],"_links":{"self":[{"href":"https:\/\/mouldking.store\/vi\/wp-json\/wp\/v2\/product\/46578","targetHints":{"allow":["GET"]}}],"collection":[{"href":"https:\/\/mouldking.store\/vi\/wp-json\/wp\/v2\/product"}],"about":[{"href":"https:\/\/mouldking.store\/vi\/wp-json\/wp\/v2\/types\/product"}],"replies":[{"embeddable":true,"href":"https:\/\/mouldking.store\/vi\/wp-json\/wp\/v2\/comments?post=46578"}],"wp:featuredmedia":[{"embeddable":true,"href":"https:\/\/mouldking.store\/vi\/wp-json\/wp\/v2\/media\/46572"}],"wp:attachment":[{"href":"https:\/\/mouldking.store\/vi\/wp-json\/wp\/v2\/media?parent=46578"}],"wp:term":[{"taxonomy":"product_cat","embeddable":true,"href":"https:\/\/mouldking.store\/vi\/wp-json\/wp\/v2\/product_cat?post=46578"},{"taxonomy":"product_tag","embeddable":true,"href":"https:\/\/mouldking.store\/vi\/wp-json\/wp\/v2\/product_tag?post=46578"}],"curies":[{"name":"wp","href":"https:\/\/api.w.org\/{rel}","templated":true}]}}