{"id":46601,"date":"2023-06-12T14:19:25","date_gmt":"2023-06-12T07:19:25","guid":{"rendered":"https:\/\/mouldking.store\/shop\/loz-1048-zero-bar-with-1846-pieces\/"},"modified":"2023-06-12T14:19:25","modified_gmt":"2023-06-12T07:19:25","slug":"loz-1048-zero-bar-with-1846-pieces","status":"publish","type":"product","link":"https:\/\/mouldking.store\/vi\/shop\/loz-1048-zero-bar-with-1846-pieces\/","title":{"rendered":"LOZ 1048 Zero Bar with 1846 Pieces"},"content":{"rendered":"<div>\u2705 LOZ 1048 Zero Bar<br \/>&nbsp;<br \/>\u2705The Zero Bar is a candy bar that has been in production since 1920. It is known for its unique combination of caramel, peanuts, and almond nougat, all covered in white fudge. The Zero Bar is produced by Hershey&#8217;s, one of the largest chocolate manufacturers in the world.<br \/>&nbsp;<br \/>\ud83d\udeab QUAN TR\u1eccNG!&nbsp;<br \/>&nbsp;<br \/>Product Name: Zero Bar<br \/>&nbsp;<br \/>Danh m\u1ee5c: T\u00f2a nh\u00e0 m\u00f4-\u0111un<br \/>&nbsp;<br \/>This Kit Contains:&nbsp; LOZ 1048<br \/>&nbsp;<br \/>1846 pcs Good Quality Bricks&nbsp;<br \/>&nbsp;<br \/>Size: 29 x 20 x 21cm<br \/>&nbsp;<br \/>H\u01b0\u1edbng d\u1eabn th\u1ee7 c\u00f4ng&nbsp;<br \/>&nbsp;<br \/>\ud83d\udcccB\u1ea3n ch\u1ea5t c\u1ee7a nh\u00e2n v\u1eadt ch\u00ednh&nbsp;<br \/>&nbsp;<br \/>Introducing our proud collection named \u201cZero Bar\u201d you should not miss.&nbsp;<br \/>&nbsp;<br \/>The Zero Bar consists of a caramel and peanut center mixed with almond nougat, which is then coated in white fudge. It does not contain any chocolate, unlike many other candy bars. The Zero Bar offers a distinctive combination of flavors and textures. The caramel provides a chewy and sweet element, while the peanuts add a crunchy texture. The almond nougat adds a nutty taste and a soft, chewy texture. The entire bar is then coated in creamy and sweet white fudge, adding a smooth and rich layer. The Zero Bar has been enjoyed by candy enthusiasts for many years. It has a dedicated fan base who appreciates its unique taste and combination of ingredients.<\/div>","protected":false},"excerpt":{"rendered":"<p>Th\u01b0\u01a1ng hi\u1ec7u: LOZ<br \/>\nGi\u1edbi t\u00ednh: Unisex<br \/>\n\u0110\u1ed9 tu\u1ed5i: &gt; 6 tu\u1ed5i<br \/>\nModel Number: 1048<br \/>\nPh\u00e2n lo\u1ea1i: T\u1eadp h\u1ee3p<br \/>\nH\u00ecnh d\u1ea1ng kh\u1ed1i nh\u1ef1a: G\u1ea1ch t\u1ef1 kh\u00f3a<br \/>\nCh\u1ea5t li\u1ec7u: Nh\u1ef1a<br \/>\nLo\u1ea1i nh\u1ef1a: ABS<br \/>\nBricks Blocks: 1846 +<br \/>\nKh\u00f4ng c\u00f3 h\u1ed9p ban \u0111\u1ea7u<\/p>","protected":false},"featured_media":46596,"comment_status":"open","ping_status":"closed","template":"","meta":{"_acf_changed":false},"product_cat":[1395,390],"product_tag":[12085,4883,392,9008],"class_list":["product","first","instock","shipping-taxable","purchasable","product-type-simple"],"acf":[],"_links":{"self":[{"href":"https:\/\/mouldking.store\/vi\/wp-json\/wp\/v2\/product\/46601","targetHints":{"allow":["GET"]}}],"collection":[{"href":"https:\/\/mouldking.store\/vi\/wp-json\/wp\/v2\/product"}],"about":[{"href":"https:\/\/mouldking.store\/vi\/wp-json\/wp\/v2\/types\/product"}],"replies":[{"embeddable":true,"href":"https:\/\/mouldking.store\/vi\/wp-json\/wp\/v2\/comments?post=46601"}],"wp:featuredmedia":[{"embeddable":true,"href":"https:\/\/mouldking.store\/vi\/wp-json\/wp\/v2\/media\/46596"}],"wp:attachment":[{"href":"https:\/\/mouldking.store\/vi\/wp-json\/wp\/v2\/media?parent=46601"}],"wp:term":[{"taxonomy":"product_cat","embeddable":true,"href":"https:\/\/mouldking.store\/vi\/wp-json\/wp\/v2\/product_cat?post=46601"},{"taxonomy":"product_tag","embeddable":true,"href":"https:\/\/mouldking.store\/vi\/wp-json\/wp\/v2\/product_tag?post=46601"}],"curies":[{"name":"wp","href":"https:\/\/api.w.org\/{rel}","templated":true}]}}