{"id":46607,"date":"2023-06-12T14:27:15","date_gmt":"2023-06-12T07:27:15","guid":{"rendered":"https:\/\/mouldking.store\/shop\/loz-1049-japanese-izakaya-with-2249-pieces\/"},"modified":"2023-06-12T14:27:15","modified_gmt":"2023-06-12T07:27:15","slug":"loz-1049-japanese-izakaya-with-2249-pieces","status":"publish","type":"product","link":"https:\/\/mouldking.store\/vi\/shop\/loz-1049-japanese-izakaya-with-2249-pieces\/","title":{"rendered":"LOZ 1049 Japanese Izakaya with 2249 Pieces"},"content":{"rendered":"<div>\u2705 LOZ 1049 Japanese Izakaya<br \/>&nbsp;<br \/>\u2705A Japanese izakaya is a type of casual drinking establishment that also serves a variety of small, flavorful dishes. It is similar to a pub or a gastropub in Western culture. Izakayas are popular social spaces in Japan, where friends, colleagues, and families gather to enjoy drinks, share plates of food, and engage in lively conversations.<br \/>&nbsp;<br \/>\ud83d\udeab QUAN TR\u1eccNG!&nbsp;<br \/>&nbsp;<br \/>Product Name:&nbsp; Japanese Izakaya<br \/>&nbsp;<br \/>Danh m\u1ee5c: T\u00f2a nh\u00e0 m\u00f4-\u0111un<br \/>&nbsp;<br \/>This Kit Contains: LOZ 1049<br \/>&nbsp;<br \/>2249 pcs Good Quality Bricks&nbsp;<br \/>&nbsp;<br \/>Size: 29 x 20 x 24 cm&nbsp;<br \/>&nbsp;<br \/>H\u01b0\u1edbng d\u1eabn th\u1ee7 c\u00f4ng&nbsp;<br \/>&nbsp;<br \/>\ud83d\udcccB\u1ea3n ch\u1ea5t c\u1ee7a nh\u00e2n v\u1eadt ch\u00ednh&nbsp;<br \/>&nbsp;<br \/>Introducing our proud collection named \u201c Japanese Izakaya\u201d you should not miss.&nbsp;<br \/>&nbsp;<br \/>Izakayas typically have a cozy and informal ambiance. The interior may be adorned with wood paneling, traditional decorations, and dim lighting, creating a relaxed and welcoming atmosphere. Izakayas are known for their wide selection of alcoholic beverages, including beer, sake, shochu (a distilled liquor), and various types of cocktails. Traditional drinks like Japanese whiskey and plum wine are also popular choices.&nbsp; Izakayas offer a diverse menu of small, flavorful dishes that are meant to be shared among the group. The menu often includes a range of options such as grilled skewers (yakitori), deep-fried items (tempura), sashimi, sushi, noodle dishes, savory pancakes (okonomiyaki), and various appetizers (otsumami).<\/div>","protected":false},"excerpt":{"rendered":"<p>Th\u01b0\u01a1ng hi\u1ec7u: LOZ<br \/>\nGi\u1edbi t\u00ednh: Unisex<br \/>\n\u0110\u1ed9 tu\u1ed5i: &gt; 6 tu\u1ed5i<br \/>\nModel Number: 1049<br \/>\nPh\u00e2n lo\u1ea1i: T\u1eadp h\u1ee3p<br \/>\nH\u00ecnh d\u1ea1ng kh\u1ed1i nh\u1ef1a: G\u1ea1ch t\u1ef1 kh\u00f3a<br \/>\nCh\u1ea5t li\u1ec7u: Nh\u1ef1a<br \/>\nLo\u1ea1i nh\u1ef1a: ABS<br \/>\nBricks Blocks: 2249 +<br \/>\nKh\u00f4ng c\u00f3 h\u1ed9p ban \u0111\u1ea7u<\/p>","protected":false},"featured_media":46602,"comment_status":"open","ping_status":"closed","template":"","meta":{"_acf_changed":false},"product_cat":[1395,390],"product_tag":[4883,7735,5434,392],"class_list":["product","first","instock","shipping-taxable","purchasable","product-type-simple"],"acf":[],"_links":{"self":[{"href":"https:\/\/mouldking.store\/vi\/wp-json\/wp\/v2\/product\/46607","targetHints":{"allow":["GET"]}}],"collection":[{"href":"https:\/\/mouldking.store\/vi\/wp-json\/wp\/v2\/product"}],"about":[{"href":"https:\/\/mouldking.store\/vi\/wp-json\/wp\/v2\/types\/product"}],"replies":[{"embeddable":true,"href":"https:\/\/mouldking.store\/vi\/wp-json\/wp\/v2\/comments?post=46607"}],"wp:featuredmedia":[{"embeddable":true,"href":"https:\/\/mouldking.store\/vi\/wp-json\/wp\/v2\/media\/46602"}],"wp:attachment":[{"href":"https:\/\/mouldking.store\/vi\/wp-json\/wp\/v2\/media?parent=46607"}],"wp:term":[{"taxonomy":"product_cat","embeddable":true,"href":"https:\/\/mouldking.store\/vi\/wp-json\/wp\/v2\/product_cat?post=46607"},{"taxonomy":"product_tag","embeddable":true,"href":"https:\/\/mouldking.store\/vi\/wp-json\/wp\/v2\/product_tag?post=46607"}],"curies":[{"name":"wp","href":"https:\/\/api.w.org\/{rel}","templated":true}]}}