{"id":46621,"date":"2023-06-12T15:20:56","date_gmt":"2023-06-12T08:20:56","guid":{"rendered":"https:\/\/mouldking.store\/shop\/sembo-607341-parking-garage-with-130-pieces\/"},"modified":"2023-06-12T15:20:56","modified_gmt":"2023-06-12T08:20:56","slug":"sembo-607341-parking-garage-with-130-pieces","status":"publish","type":"product","link":"https:\/\/mouldking.store\/vi\/shop\/sembo-607341-parking-garage-with-130-pieces\/","title":{"rendered":"SEMBO 607341 Parking Garage with 130 Pieces"},"content":{"rendered":"<div>\u2705 Sembo 607341 Parking Garage<br \/>&nbsp;<br \/>\u2705A parking garage, also known as a parking structure or parking deck, is a building or structure specifically designed to provide parking spaces for vehicles. It is a multi-level or multi-story facility that offers organized parking for cars, motorcycles, or other vehicles.<br \/>&nbsp;<br \/>\ud83d\udeab QUAN TR\u1eccNG!&nbsp;<br \/>&nbsp;<br \/>Product Name: Parking Garage<br \/>&nbsp;<br \/>Danh m\u1ee5c: T\u00f2a nh\u00e0 m\u00f4-\u0111un<br \/>&nbsp;<br \/>This Kit Contains:&nbsp; Sembo 607341<br \/>&nbsp;<br \/>130 pcs Good Quality Bricks&nbsp;<br \/>&nbsp;<br \/>Size: 19.5 x 19.2 x 22.6 cm&nbsp;<br \/>&nbsp;<br \/>H\u01b0\u1edbng d\u1eabn th\u1ee7 c\u00f4ng&nbsp;<br \/>&nbsp;<br \/>\ud83d\udcccB\u1ea3n ch\u1ea5t c\u1ee7a nh\u00e2n v\u1eadt ch\u00ednh&nbsp;<br \/>&nbsp;<br \/>Introducing our proud collection named \u201cParking Garage\u201d you should not miss.&nbsp;<br \/>&nbsp;<br \/>Parking garages are typically constructed with multiple levels or floors to maximize parking capacity within a limited space. They can range in size from small structures to large complexes with hundreds or even thousands of parking spaces. The design often includes ramps, staircases, and elevators to facilitate vehicle movement between different levels.&nbsp; Parking garages consist of designated parking spaces where vehicles can be parked. These spaces are typically marked with lines or indicators to ensure orderly parking and efficient use of the available area. Some parking garages may offer different types of spaces, such as regular-sized spaces, compact spaces for smaller vehicles, or designated accessible spaces for people with disabilities.<\/div>","protected":false},"excerpt":{"rendered":"<p>Th\u01b0\u01a1ng hi\u1ec7u: SEMBO<br \/>\nGi\u1edbi t\u00ednh: Unisex<br \/>\n\u0110\u1ed9 tu\u1ed5i: &gt; 6 tu\u1ed5i<br \/>\nModel Number: 607341<br \/>\nPh\u00e2n lo\u1ea1i: T\u1eadp h\u1ee3p<br \/>\nH\u00ecnh d\u1ea1ng kh\u1ed1i nh\u1ef1a: G\u1ea1ch t\u1ef1 kh\u00f3a<br \/>\nCh\u1ea5t li\u1ec7u: Nh\u1ef1a<br \/>\nLo\u1ea1i nh\u1ef1a: ABS<br \/>\nBricks Blocks: 130 +<br \/>\nKh\u00f4ng c\u00f3 h\u1ed9p ban \u0111\u1ea7u<\/p>","protected":false},"featured_media":46615,"comment_status":"open","ping_status":"closed","template":"","meta":{"_acf_changed":false},"product_cat":[1395,390],"product_tag":[4883,392,12089],"class_list":["product","first","instock","shipping-taxable","purchasable","product-type-simple"],"acf":[],"_links":{"self":[{"href":"https:\/\/mouldking.store\/vi\/wp-json\/wp\/v2\/product\/46621","targetHints":{"allow":["GET"]}}],"collection":[{"href":"https:\/\/mouldking.store\/vi\/wp-json\/wp\/v2\/product"}],"about":[{"href":"https:\/\/mouldking.store\/vi\/wp-json\/wp\/v2\/types\/product"}],"replies":[{"embeddable":true,"href":"https:\/\/mouldking.store\/vi\/wp-json\/wp\/v2\/comments?post=46621"}],"wp:featuredmedia":[{"embeddable":true,"href":"https:\/\/mouldking.store\/vi\/wp-json\/wp\/v2\/media\/46615"}],"wp:attachment":[{"href":"https:\/\/mouldking.store\/vi\/wp-json\/wp\/v2\/media?parent=46621"}],"wp:term":[{"taxonomy":"product_cat","embeddable":true,"href":"https:\/\/mouldking.store\/vi\/wp-json\/wp\/v2\/product_cat?post=46621"},{"taxonomy":"product_tag","embeddable":true,"href":"https:\/\/mouldking.store\/vi\/wp-json\/wp\/v2\/product_tag?post=46621"}],"curies":[{"name":"wp","href":"https:\/\/api.w.org\/{rel}","templated":true}]}}