{"id":46636,"date":"2023-06-12T15:42:29","date_gmt":"2023-06-12T08:42:29","guid":{"rendered":"https:\/\/mouldking.store\/shop\/reobrix-66014-european-century-windmills-town-with-2296-pieces\/"},"modified":"2023-06-12T15:42:29","modified_gmt":"2023-06-12T08:42:29","slug":"reobrix-66014-european-century-windmills-town-with-2296-pieces","status":"publish","type":"product","link":"https:\/\/mouldking.store\/vi\/shop\/reobrix-66014-european-century-windmills-town-with-2296-pieces\/","title":{"rendered":"REOBRIX 66014 European Century Windmills Town with 2296 Pieces"},"content":{"rendered":"<div>\u2705 Reobrix 66014 European Century Windmills Town<br \/>&nbsp;<br \/>\u2705Europe is home to many picturesque towns and villages that feature traditional windmills as part of their cultural and historical heritage. These windmill towns are often found in countries such as the Netherlands, Belgium, and parts of Germany, where windmills have played a significant role in agriculture, industry, and energy production throughout history.<br \/>&nbsp;<br \/>\ud83d\udeab QUAN TR\u1eccNG!&nbsp;<br \/>&nbsp;<br \/>Product Name: European Century Windmills Town<br \/>&nbsp;<br \/>Danh m\u1ee5c: T\u00f2a nh\u00e0 m\u00f4-\u0111un<br \/>&nbsp;<br \/>This Kit Contains: Reobrix 66014<br \/>&nbsp;<br \/>2296 pcs Good Quality Bricks&nbsp;<br \/>&nbsp;<br \/>Size: 32 \u00d7 21 \u00d7 21 cm<br \/>&nbsp;<br \/>H\u01b0\u1edbng d\u1eabn th\u1ee7 c\u00f4ng&nbsp;<br \/>&nbsp;<br \/>\ud83d\udcccB\u1ea3n ch\u1ea5t c\u1ee7a nh\u00e2n v\u1eadt ch\u00ednh&nbsp;<br \/>&nbsp;<br \/>Introducing our proud collection named \u201cEuropean Century Windmills Town\u201d you should not miss.&nbsp;<br \/>&nbsp;<br \/>Windmill towns offer visitors a chance to learn about the history, engineering, and cultural significance of windmills in Europe. They provide a unique glimpse into the past and the ways in which wind power was harnessed for various purposes. Exploring these towns allows visitors to appreciate the beauty and functionality of these iconic structures while experiencing the charm and history of traditional European communities.<\/div>","protected":false},"excerpt":{"rendered":"<p>Th\u01b0\u01a1ng hi\u1ec7u: REOBRIX<br \/>\nGi\u1edbi t\u00ednh: Unisex<br \/>\n\u0110\u1ed9 tu\u1ed5i: &gt; 6 tu\u1ed5i<br \/>\nModel Number: 66014<br \/>\nPh\u00e2n lo\u1ea1i: T\u1eadp h\u1ee3p<br \/>\nH\u00ecnh d\u1ea1ng kh\u1ed1i nh\u1ef1a: G\u1ea1ch t\u1ef1 kh\u00f3a<br \/>\nCh\u1ea5t li\u1ec7u: Nh\u1ef1a<br \/>\nLo\u1ea1i nh\u1ef1a: ABS<br \/>\nBricks Blocks: 2296 +<br \/>\nKh\u00f4ng c\u00f3 h\u1ed9p ban \u0111\u1ea7u<\/p>","protected":false},"featured_media":46630,"comment_status":"open","ping_status":"closed","template":"","meta":{"_acf_changed":false},"product_cat":[1395,390],"product_tag":[4883,11533,11099,392,2682,12091],"class_list":["product","first","instock","shipping-taxable","purchasable","product-type-simple"],"acf":[],"_links":{"self":[{"href":"https:\/\/mouldking.store\/vi\/wp-json\/wp\/v2\/product\/46636","targetHints":{"allow":["GET"]}}],"collection":[{"href":"https:\/\/mouldking.store\/vi\/wp-json\/wp\/v2\/product"}],"about":[{"href":"https:\/\/mouldking.store\/vi\/wp-json\/wp\/v2\/types\/product"}],"replies":[{"embeddable":true,"href":"https:\/\/mouldking.store\/vi\/wp-json\/wp\/v2\/comments?post=46636"}],"wp:featuredmedia":[{"embeddable":true,"href":"https:\/\/mouldking.store\/vi\/wp-json\/wp\/v2\/media\/46630"}],"wp:attachment":[{"href":"https:\/\/mouldking.store\/vi\/wp-json\/wp\/v2\/media?parent=46636"}],"wp:term":[{"taxonomy":"product_cat","embeddable":true,"href":"https:\/\/mouldking.store\/vi\/wp-json\/wp\/v2\/product_cat?post=46636"},{"taxonomy":"product_tag","embeddable":true,"href":"https:\/\/mouldking.store\/vi\/wp-json\/wp\/v2\/product_tag?post=46636"}],"curies":[{"name":"wp","href":"https:\/\/api.w.org\/{rel}","templated":true}]}}