{"id":46761,"date":"2023-06-16T10:45:17","date_gmt":"2023-06-16T03:45:17","guid":{"rendered":"https:\/\/mouldking.store\/shop\/mould-king-20025-motor-kv-1-heavy-tank-with-1000-pieces\/"},"modified":"2023-06-16T10:45:17","modified_gmt":"2023-06-16T03:45:17","slug":"mould-king-20025-motor-kv-1-heavy-tank-with-1000-pieces","status":"publish","type":"product","link":"https:\/\/mouldking.store\/vi\/shop\/mould-king-20025-motor-kv-1-heavy-tank-with-1000-pieces\/","title":{"rendered":"B\u1ed9 khu\u00f4n \u0111\u00fac MOULD KING 20025 Xe t\u0103ng h\u1ea1ng n\u1eb7ng KV-1, 1000 chi ti\u1ebft"},"content":{"rendered":"<div>\u2705 Mould King 20025 Motor KV-1 Heavy Tank<br \/>&nbsp;<br \/>\u2705The KV-1 was a heavy tank that was developed and deployed by the Soviet Union during World War II. It was named after Soviet defense commissar Kliment Voroshilov. The KV-1 was designed to be heavily armored and to provide strong firepower on the battlefield.<br \/>&nbsp;<br \/>\ud83d\udeab QUAN TR\u1eccNG!&nbsp;<br \/>&nbsp;<br \/>Product Name:&nbsp; Motor KV-1 Heavy Tank<br \/>&nbsp;<br \/>Th\u1ec3 lo\u1ea1i: Qu\u00e2n s\u1ef1&nbsp;<br \/>&nbsp;<br \/>This Kit Contains: Mould King 20025<br \/>&nbsp;<br \/>1000 vi\u00ean g\u1ea1ch ch\u1ea5t l\u01b0\u1ee3ng t\u1ed1t&nbsp;<br \/>&nbsp;<br \/>Size: 25 \u00d7 12.9 \u00d7 11.6 cm<br \/>&nbsp;<br \/>H\u01b0\u1edbng d\u1eabn th\u1ee7 c\u00f4ng&nbsp;<br \/>&nbsp;<br \/>\ud83d\udcccB\u1ea3n ch\u1ea5t c\u1ee7a nh\u00e2n v\u1eadt ch\u00ednh&nbsp;<br \/>&nbsp;<br \/>Introducing our proud collection named \u201cMotor KV-1 Heavy Tank\u201d you should not miss.&nbsp;<br \/>&nbsp;<br \/>The KV-1 was introduced in 1939 and quickly gained a reputation for its thick armor, which was highly resistant to enemy fire, especially during the early stages of the war. Its armor was among the thickest of any tank in service at that time. The tank&#8217;s protection was further enhanced by its sloped armor design, which improved its defensive capabilities. The main armament of the KV-1 initially consisted of a 76.2mm cannon, which was later upgraded to a more powerful 85mm gun. This allowed it to engage enemy tanks effectively. The KV-1 also had secondary armaments, including machine guns for anti-infantry and anti-aircraft defense.<\/div>","protected":false},"excerpt":{"rendered":"<p>Th\u01b0\u01a1ng hi\u1ec7u: VUA KHU\u00d4N<br \/>\nGi\u1edbi t\u00ednh: Unisex<br \/>\n\u0110\u1ed9 tu\u1ed5i: &gt; 8 tu\u1ed5i<br \/>\nModel Number: 20025<br \/>\nPh\u00e2n lo\u1ea1i: T\u1eadp h\u1ee3p<br \/>\nH\u00ecnh d\u1ea1ng kh\u1ed1i nh\u1ef1a: G\u1ea1ch t\u1ef1 kh\u00f3a<br \/>\nCh\u1ea5t li\u1ec7u: Nh\u1ef1a<br \/>\nLo\u1ea1i nh\u1ef1a: ABS<br \/>\nKh\u1ed1i g\u1ea1ch: 1000 +<br \/>\nM\u1ea3nh gh\u00e9p c\u00f3 th\u1ec3 thay \u0111\u1ed5i<br \/>\nKh\u00f4ng c\u00f3 h\u1ed9p ban \u0111\u1ea7u<\/p>","protected":false},"featured_media":46756,"comment_status":"open","ping_status":"closed","template":"","meta":{"_acf_changed":false},"product_cat":[1350,1357,372,364],"product_tag":[12111,12110,374,485,389],"class_list":["product","first","instock","shipping-taxable","purchasable","product-type-simple"],"acf":[],"_links":{"self":[{"href":"https:\/\/mouldking.store\/vi\/wp-json\/wp\/v2\/product\/46761","targetHints":{"allow":["GET"]}}],"collection":[{"href":"https:\/\/mouldking.store\/vi\/wp-json\/wp\/v2\/product"}],"about":[{"href":"https:\/\/mouldking.store\/vi\/wp-json\/wp\/v2\/types\/product"}],"replies":[{"embeddable":true,"href":"https:\/\/mouldking.store\/vi\/wp-json\/wp\/v2\/comments?post=46761"}],"wp:featuredmedia":[{"embeddable":true,"href":"https:\/\/mouldking.store\/vi\/wp-json\/wp\/v2\/media\/46756"}],"wp:attachment":[{"href":"https:\/\/mouldking.store\/vi\/wp-json\/wp\/v2\/media?parent=46761"}],"wp:term":[{"taxonomy":"product_cat","embeddable":true,"href":"https:\/\/mouldking.store\/vi\/wp-json\/wp\/v2\/product_cat?post=46761"},{"taxonomy":"product_tag","embeddable":true,"href":"https:\/\/mouldking.store\/vi\/wp-json\/wp\/v2\/product_tag?post=46761"}],"curies":[{"name":"wp","href":"https:\/\/api.w.org\/{rel}","templated":true}]}}