{"id":46915,"date":"2023-06-26T09:38:39","date_gmt":"2023-06-26T02:38:39","guid":{"rendered":"https:\/\/mouldking.store\/shop\/wange-5243-dome-of-the-rock-qubbat-al-sakhra-with-983-pieces\/"},"modified":"2023-06-26T09:38:39","modified_gmt":"2023-06-26T02:38:39","slug":"wange-5243-dome-of-the-rock-qubbat-al-sakhra-with-983-pieces","status":"publish","type":"product","link":"https:\/\/mouldking.store\/vi\/shop\/wange-5243-dome-of-the-rock-qubbat-al-sakhra-with-983-pieces\/","title":{"rendered":"WANGE 5243 DOME OF THE ROCK Qubbat al-Sakhra with 983 Pieces"},"content":{"rendered":"<div>\u2705 WANGE 5243 DOME OF THE ROCK Qubbat al-Sakhra<br \/>&nbsp;<br \/>\u2705The Dome of the Rock, also known as Qubbat al-Sakhra in Arabic, is a significant Islamic shrine located in Jerusalem.<br \/>&nbsp;<br \/>\ud83d\udeab QUAN TR\u1eccNG!&nbsp;<br \/>&nbsp;<br \/>Product Name: DOME OF THE ROCK Qubbat al-Sakhra<br \/>&nbsp;<br \/>Danh m\u1ee5c: T\u00f2a nh\u00e0 m\u00f4-\u0111un<br \/>&nbsp;<br \/>This Kit Contains:&nbsp; WANGE 5243<br \/>&nbsp;<br \/>983&nbsp; pcs Good Quality Bricks&nbsp;<br \/>&nbsp;<br \/>Size: 27.2 x 19.6 cm&nbsp;<br \/>&nbsp;<br \/>H\u01b0\u1edbng d\u1eabn th\u1ee7 c\u00f4ng&nbsp;<br \/>&nbsp;<br \/>\ud83d\udcccB\u1ea3n ch\u1ea5t c\u1ee7a nh\u00e2n v\u1eadt ch\u00ednh&nbsp;<br \/>&nbsp;<br \/>Introducing our proud collection named \u201cDOME OF THE ROCK Qubbat al-Sakhra\u201d you should not miss.&nbsp;<br \/>&nbsp;<br \/>The Dome of the Rock holds great religious importance for Muslims worldwide. It is widely believed to be the site where the Islamic prophet Muhammad ascended to heaven during the Night Journey. It is also considered the third holiest site in Islam, following the Kaaba in Mecca and the Prophet&#8217;s Mosque in Medina. The Dome of the Rock is a masterpiece of Islamic architecture and is renowned for its stunning beauty. It combines elements of Byzantine, Persian, and Umayyad architectural styles. The structure is characterized by its large golden dome, intricate tile work, colorful mosaics, and ornate calligraphy.<\/div>","protected":false},"excerpt":{"rendered":"<p>Th\u01b0\u01a1ng hi\u1ec7u: WANGE<br \/>\nGi\u1edbi t\u00ednh: Unisex<br \/>\n\u0110\u1ed9 tu\u1ed5i: &gt; 6 tu\u1ed5i<br \/>\nModel Number: 5243<br \/>\nPh\u00e2n lo\u1ea1i: T\u1eadp h\u1ee3p<br \/>\nH\u00ecnh d\u1ea1ng kh\u1ed1i nh\u1ef1a: G\u1ea1ch t\u1ef1 kh\u00f3a<br \/>\nCh\u1ea5t li\u1ec7u: Nh\u1ef1a<br \/>\nLo\u1ea1i nh\u1ef1a: ABS<br \/>\nBricks Blocks: 983 +<br \/>\nKh\u00f4ng c\u00f3 h\u1ed9p ban \u0111\u1ea7u<\/p>","protected":false},"featured_media":46910,"comment_status":"open","ping_status":"closed","template":"","meta":{"_acf_changed":false},"product_cat":[1395,390],"product_tag":[4883,12128,392,12129,11426],"class_list":["product","first","instock","shipping-taxable","purchasable","product-type-simple"],"acf":[],"_links":{"self":[{"href":"https:\/\/mouldking.store\/vi\/wp-json\/wp\/v2\/product\/46915","targetHints":{"allow":["GET"]}}],"collection":[{"href":"https:\/\/mouldking.store\/vi\/wp-json\/wp\/v2\/product"}],"about":[{"href":"https:\/\/mouldking.store\/vi\/wp-json\/wp\/v2\/types\/product"}],"replies":[{"embeddable":true,"href":"https:\/\/mouldking.store\/vi\/wp-json\/wp\/v2\/comments?post=46915"}],"wp:featuredmedia":[{"embeddable":true,"href":"https:\/\/mouldking.store\/vi\/wp-json\/wp\/v2\/media\/46910"}],"wp:attachment":[{"href":"https:\/\/mouldking.store\/vi\/wp-json\/wp\/v2\/media?parent=46915"}],"wp:term":[{"taxonomy":"product_cat","embeddable":true,"href":"https:\/\/mouldking.store\/vi\/wp-json\/wp\/v2\/product_cat?post=46915"},{"taxonomy":"product_tag","embeddable":true,"href":"https:\/\/mouldking.store\/vi\/wp-json\/wp\/v2\/product_tag?post=46915"}],"curies":[{"name":"wp","href":"https:\/\/api.w.org\/{rel}","templated":true}]}}