{"id":46920,"date":"2023-06-26T09:39:17","date_gmt":"2023-06-26T02:39:17","guid":{"rendered":"https:\/\/mouldking.store\/shop\/panlosbrick-613002-lunatic-hospital-with-7527-pieces\/"},"modified":"2023-06-30T16:41:25","modified_gmt":"2023-06-30T09:41:25","slug":"panlosbrick-613002-lunatic-hospital-with-7527-pieces","status":"publish","type":"product","link":"https:\/\/mouldking.store\/vi\/shop\/panlosbrick-613002-lunatic-hospital-with-7527-pieces\/","title":{"rendered":"PANLOSBRICK 613002 Lunatic Hospital with 7527 Pieces"},"content":{"rendered":"<div>\u2705 PANLOS 613002 Lunatic Hospital<br \/>&nbsp;<br \/>\u2705&#8221;Lunatic Hospital&#8221; is an outdated term that was historically used to refer to institutions or hospitals that housed and treated individuals with mental illnesses or psychiatric disorders.&nbsp;<br \/>&nbsp;<br \/>\ud83d\udeab QUAN TR\u1eccNG!&nbsp;<br \/>&nbsp;<br \/>Product Name: Lunatic Hospital<br \/>&nbsp;<br \/>Danh m\u1ee5c: T\u00f2a nh\u00e0 m\u00f4-\u0111un<br \/>&nbsp;<br \/>This Kit Contains: PANLOS 613002<br \/>&nbsp;<br \/>7527 pcs Good Quality Bricks&nbsp;<br \/>&nbsp;<br \/>Size: 52 x 33 x 47 cm&nbsp;<br \/>&nbsp;<br \/>H\u01b0\u1edbng d\u1eabn th\u1ee7 c\u00f4ng&nbsp;<br \/>&nbsp;<br \/>\ud83d\udcccB\u1ea3n ch\u1ea5t c\u1ee7a nh\u00e2n v\u1eadt ch\u00ednh&nbsp;<br \/>&nbsp;<br \/>Introducing our proud collection named \u201cLunatic Hospital\u201d you should not miss.&nbsp;<br \/>&nbsp;<br \/>In modern times, the term &#8220;lunatic hospital&#8221; has been replaced by more appropriate and respectful terminology such as psychiatric hospitals, mental health facilities, or psychiatric care institutions. These facilities are dedicated to providing treatment, care, and support for individuals with mental health conditions. The aim of these institutions is to help individuals manage their symptoms, improve their quality of life, and promote their overall well-being. They play a crucial role in supporting individuals with mental health challenges and facilitating their recovery.<\/div>","protected":false},"excerpt":{"rendered":"<p>Th\u01b0\u01a1ng hi\u1ec7u: PANLOSBRICK<br \/>\nGi\u1edbi t\u00ednh: Unisex<br \/>\n\u0110\u1ed9 tu\u1ed5i: &gt; 8 tu\u1ed5i<br \/>\nModel Number: 613002<br \/>\nPh\u00e2n lo\u1ea1i: T\u1eadp h\u1ee3p<br \/>\nH\u00ecnh d\u1ea1ng kh\u1ed1i nh\u1ef1a: G\u1ea1ch t\u1ef1 kh\u00f3a<br \/>\nCh\u1ea5t li\u1ec7u: Nh\u1ef1a<br \/>\nLo\u1ea1i nh\u1ef1a: ABS<br \/>\nBricks Blocks: 7527 +<br \/>\nKh\u00f4ng c\u00f3 h\u1ed9p ban \u0111\u1ea7u<\/p>","protected":false},"featured_media":46916,"comment_status":"open","ping_status":"closed","template":"","meta":{"_acf_changed":false},"product_cat":[1395,390],"product_tag":[4883,9568,12130,392],"class_list":["product","first","instock","shipping-taxable","purchasable","product-type-simple"],"acf":[],"_links":{"self":[{"href":"https:\/\/mouldking.store\/vi\/wp-json\/wp\/v2\/product\/46920","targetHints":{"allow":["GET"]}}],"collection":[{"href":"https:\/\/mouldking.store\/vi\/wp-json\/wp\/v2\/product"}],"about":[{"href":"https:\/\/mouldking.store\/vi\/wp-json\/wp\/v2\/types\/product"}],"replies":[{"embeddable":true,"href":"https:\/\/mouldking.store\/vi\/wp-json\/wp\/v2\/comments?post=46920"}],"wp:featuredmedia":[{"embeddable":true,"href":"https:\/\/mouldking.store\/vi\/wp-json\/wp\/v2\/media\/46916"}],"wp:attachment":[{"href":"https:\/\/mouldking.store\/vi\/wp-json\/wp\/v2\/media?parent=46920"}],"wp:term":[{"taxonomy":"product_cat","embeddable":true,"href":"https:\/\/mouldking.store\/vi\/wp-json\/wp\/v2\/product_cat?post=46920"},{"taxonomy":"product_tag","embeddable":true,"href":"https:\/\/mouldking.store\/vi\/wp-json\/wp\/v2\/product_tag?post=46920"}],"curies":[{"name":"wp","href":"https:\/\/api.w.org\/{rel}","templated":true}]}}