{"id":47080,"date":"2023-06-26T10:52:19","date_gmt":"2023-06-26T03:52:19","guid":{"rendered":"https:\/\/mouldking.store\/shop\/kuyu-moxing-ky7070-red-ferrari-sp3-super-car-with-1676-pieces\/"},"modified":"2023-06-26T10:52:19","modified_gmt":"2023-06-26T03:52:19","slug":"kuyu-moxing-ky7070-red-ferrari-sp3-super-car-with-1676-pieces","status":"publish","type":"product","link":"https:\/\/mouldking.store\/vi\/shop\/kuyu-moxing-ky7070-red-ferrari-sp3-super-car-with-1676-pieces\/","title":{"rendered":"B\u1ed9 l\u1eafp r\u00e1p KUYU MOXING KY7070 Ferrari SP3 m\u00e0u \u0111\u1ecf, g\u1ed3m 1676 chi ti\u1ebft."},"content":{"rendered":"<div>\u2705 KUYU MOXING KY7070 Red Ferrari SP3 Super Car<br \/>&nbsp;<br \/>\u2705The Ferrari SP3 is a limited-edition supercar produced by the Italian luxury sports car manufacturer, Ferrari. The SP3 is part of Ferrari\u2019s Special Projects division, which creates exclusive and bespoke vehicles tailored to individual clients\u2019 preferences. As a result, each SP3 is a unique and custom-built machine, designed to reflect the specific desires of its owner.<br \/>&nbsp;<br \/>\ud83d\udeab QUAN TR\u1eccNG!&nbsp;<br \/>&nbsp;<br \/>Product Name: Red Ferrari SP3 Super Car<br \/>&nbsp;<br \/>Danh m\u1ee5c: K\u1ef9 thu\u1eadt<br \/>&nbsp;<br \/>This Kit Contains: KUYU MOXING KY7070<br \/>&nbsp;<br \/>1676&nbsp; pcs Good Quality Bricks&nbsp;<br \/>&nbsp;<br \/>H\u01b0\u1edbng d\u1eabn th\u1ee7 c\u00f4ng&nbsp;<br \/>&nbsp;<br \/>\ud83d\udcccB\u1ea3n ch\u1ea5t c\u1ee7a nh\u00e2n v\u1eadt ch\u00ednh&nbsp;<br \/>&nbsp;<br \/>Introducing our proud collection named \u201cRed Ferrari SP3 Super Car\u201d you should not miss.&nbsp;<br \/>&nbsp;<br \/>The performance of the Ferrari SP3 is expected to be exceptional, combining a powerful engine with advanced aerodynamics and cutting-edge technology. It may be equipped with a high-performance V12 engine, delivering exhilarating acceleration and top speeds. The interior of the SP3 is likely to feature luxurious materials, custom upholstery, and state-of-the-art infotainment and comfort features.&nbsp;<\/div>","protected":false},"excerpt":{"rendered":"<p>Brand: KUYU MOXING<br \/>\nGi\u1edbi t\u00ednh: Unisex<br \/>\n\u0110\u1ed9 tu\u1ed5i: &gt; 6 tu\u1ed5i<br \/>\nModel Number: KY7070<br \/>\nPh\u00e2n lo\u1ea1i: T\u1eadp h\u1ee3p<br \/>\nH\u00ecnh d\u1ea1ng kh\u1ed1i nh\u1ef1a: G\u1ea1ch t\u1ef1 kh\u00f3a<br \/>\nCh\u1ea5t li\u1ec7u: Nh\u1ef1a<br \/>\nLo\u1ea1i nh\u1ef1a: ABS<br \/>\nBricks Blocks: 1676 +<br \/>\nKh\u00f4ng c\u00f3 h\u1ed9p ban \u0111\u1ea7u<\/p>","protected":false},"featured_media":47074,"comment_status":"open","ping_status":"closed","template":"","meta":{"_acf_changed":false},"product_cat":[1360,1357,364],"product_tag":[457,1585,9220,11089,389,11080],"class_list":["product","first","instock","shipping-taxable","purchasable","product-type-simple"],"acf":[],"_links":{"self":[{"href":"https:\/\/mouldking.store\/vi\/wp-json\/wp\/v2\/product\/47080","targetHints":{"allow":["GET"]}}],"collection":[{"href":"https:\/\/mouldking.store\/vi\/wp-json\/wp\/v2\/product"}],"about":[{"href":"https:\/\/mouldking.store\/vi\/wp-json\/wp\/v2\/types\/product"}],"replies":[{"embeddable":true,"href":"https:\/\/mouldking.store\/vi\/wp-json\/wp\/v2\/comments?post=47080"}],"wp:featuredmedia":[{"embeddable":true,"href":"https:\/\/mouldking.store\/vi\/wp-json\/wp\/v2\/media\/47074"}],"wp:attachment":[{"href":"https:\/\/mouldking.store\/vi\/wp-json\/wp\/v2\/media?parent=47080"}],"wp:term":[{"taxonomy":"product_cat","embeddable":true,"href":"https:\/\/mouldking.store\/vi\/wp-json\/wp\/v2\/product_cat?post=47080"},{"taxonomy":"product_tag","embeddable":true,"href":"https:\/\/mouldking.store\/vi\/wp-json\/wp\/v2\/product_tag?post=47080"}],"curies":[{"name":"wp","href":"https:\/\/api.w.org\/{rel}","templated":true}]}}