{"id":47087,"date":"2023-06-26T11:03:11","date_gmt":"2023-06-26T04:03:11","guid":{"rendered":"https:\/\/mouldking.store\/shop\/jiestar-58010-motor-mercedes-benz-amg-c63-dtm-sports-car-with-2489-pieces\/"},"modified":"2023-06-26T11:03:11","modified_gmt":"2023-06-26T04:03:11","slug":"jiestar-58010-motor-mercedes-benz-amg-c63-dtm-sports-car-with-2489-pieces","status":"publish","type":"product","link":"https:\/\/mouldking.store\/vi\/shop\/jiestar-58010-motor-mercedes-benz-amg-c63-dtm-sports-car-with-2489-pieces\/","title":{"rendered":"JIESTAR 58010 \u0110\u1ed9ng c\u01a1 Mercedes-Benz AMG C63 DTM Xe th\u1ec3 thao v\u1edbi 2489 m\u1ea3nh"},"content":{"rendered":"<div>\u2705\u0110\u1ed9ng c\u01a1 JIESTAR 58010 d\u00e0nh cho xe th\u1ec3 thao Mercedes-Benz AMG C63 DTM<br \/>&nbsp;<br \/>\u2705Mercedes-Benz AMG C63 DTM (Deutsche Tourenwagen Masters) l\u00e0 m\u1ed9t chi\u1ebfc xe th\u1ec3 thao hi\u1ec7u su\u1ea5t cao d\u1ef1a tr\u00ean d\u00f2ng sedan Mercedes-Benz C-Class. N\u00f3 \u0111\u01b0\u1ee3c thi\u1ebft k\u1ebf \u0111\u1eb7c bi\u1ec7t \u0111\u1ec3 tham gia gi\u1ea3i v\u00f4 \u0111\u1ecbch DTM, m\u1ed9t gi\u1ea3i \u0111ua xe du l\u1ecbch ch\u1ee7 y\u1ebfu \u0111\u01b0\u1ee3c t\u1ed5 ch\u1ee9c t\u1ea1i \u0110\u1ee9c.<br \/>&nbsp;<br \/>\ud83d\udeab QUAN TR\u1eccNG!&nbsp;<br \/>&nbsp;<br \/>T\u00ean s\u1ea3n ph\u1ea9m: M\u00f4 t\u00f4 Mercedes-Benz AMG C63 DTM Sports Car<br \/>&nbsp;<br \/>Danh m\u1ee5c: K\u1ef9 thu\u1eadt&nbsp;<br \/>&nbsp;<br \/>B\u1ed9 s\u1ea3n ph\u1ea9m n\u00e0y bao g\u1ed3m: JIESTAR 58010<br \/>&nbsp;<br \/>2489 vi\u00ean g\u1ea1ch ch\u1ea5t l\u01b0\u1ee3ng t\u1ed1t&nbsp;<br \/>&nbsp;<br \/>K\u00edch th\u01b0\u1edbc: 50 \u00d7 20 \u00d7 14,5 cm<br \/>&nbsp;<br \/>H\u01b0\u1edbng d\u1eabn th\u1ee7 c\u00f4ng&nbsp;<br \/>&nbsp;<br \/>\ud83d\udcccB\u1ea3n ch\u1ea5t c\u1ee7a nh\u00e2n v\u1eadt ch\u00ednh&nbsp;<br \/>&nbsp;<br \/>Xin h\u00e2n h\u1ea1nh gi\u1edbi thi\u1ec7u b\u1ed9 s\u01b0u t\u1eadp \u0111\u1ea7y t\u1ef1 h\u00e0o mang t\u00ean \u201cMotor Mercedes-Benz AMG C63 DTM Sports Car\u201d, m\u1ed9t s\u1ea3n ph\u1ea9m b\u1ea1n kh\u00f4ng n\u00ean b\u1ecf l\u1ee1.&nbsp;<br \/>&nbsp;<br \/>Chi\u1ebfc AMG C63 DTM \u0111\u01b0\u1ee3c ch\u1ebf t\u1ea1o \u0111\u1ec3 \u0111\u00e1p \u1ee9ng c\u00e1c quy \u0111\u1ecbnh nghi\u00eam ng\u1eb7t c\u1ee7a gi\u1ea3i \u0111ua DTM, \u0111\u00f2i h\u1ecfi m\u1ed9t b\u1ed9 th\u00f4ng s\u1ed1 k\u1ef9 thu\u1eadt v\u00e0 hi\u1ec7u su\u1ea5t c\u1ee5 th\u1ec3. Nh\u1eefng quy \u0111\u1ecbnh n\u00e0y quy \u0111\u1ecbnh tr\u1ecdng l\u01b0\u1ee3ng, kh\u00ed \u0111\u1ed9ng h\u1ecdc, c\u00f4ng su\u1ea5t \u0111\u1ed9ng c\u01a1, t\u00ednh n\u0103ng an to\u00e0n v\u00e0 c\u00e1c kh\u00eda c\u1ea1nh kh\u00e1c c\u1ee7a xe \u0111\u1ec3 \u0111\u1ea3m b\u1ea3o t\u00ednh c\u1ea1nh tranh v\u00e0 c\u00f4ng b\u1eb1ng cho t\u1ea5t c\u1ea3 c\u00e1c \u0111\u1ed9i tham gia. Ngo\u1ea1i th\u1ea5t c\u1ee7a AMG C63 DTM s\u1edf h\u1eefu thi\u1ebft k\u1ebf th\u00e2n xe m\u1ea1nh m\u1ebd v\u00e0 kh\u00ed \u0111\u1ed9ng h\u1ecdc, bao g\u1ed3m c\u00e1nh gi\u00f3 sau l\u1edbn, b\u1ed9 chia gi\u00f3 ph\u00eda tr\u01b0\u1edbc n\u1ed5i b\u1eadt, ch\u1eafn b\u00f9n m\u1edf r\u1ed9ng v\u00e0 c\u00e1c c\u1ea3i ti\u1ebfn kh\u00e1c \u0111\u1ec3 c\u1ea3i thi\u1ec7n l\u1ef1c \u00e9p xu\u1ed1ng v\u00e0 kh\u1ea3 n\u0103ng \u0111i\u1ec1u ch\u1ec9nh lu\u1ed3ng kh\u00f4ng kh\u00ed. Ngo\u1ea1i h\u00ecnh c\u1ee7a xe th\u01b0\u1eddng k\u1ebft h\u1ee3p th\u01b0\u01a1ng hi\u1ec7u v\u00e0 m\u00e0u s\u1eafc c\u1ee7a \u0111\u1ed9i ho\u1eb7c nh\u00e0 t\u00e0i tr\u1ee3 m\u00e0 n\u00f3 \u0111\u1ea1i di\u1ec7n.<\/div>","protected":false},"excerpt":{"rendered":"<p>Th\u01b0\u01a1ng hi\u1ec7u: JIESTAR<br \/>\nGi\u1edbi t\u00ednh: Unisex<br \/>\n\u0110\u1ed9 tu\u1ed5i: &gt; 8 tu\u1ed5i<br \/>\nM\u00e3 s\u1ed1 s\u1ea3n ph\u1ea9m: 58010<br \/>\nPh\u00e2n lo\u1ea1i: T\u1eadp h\u1ee3p<br \/>\nH\u00ecnh d\u1ea1ng kh\u1ed1i nh\u1ef1a: G\u1ea1ch t\u1ef1 kh\u00f3a<br \/>\nCh\u1ea5t li\u1ec7u: Nh\u1ef1a<br \/>\nLo\u1ea1i nh\u1ef1a: ABS<br \/>\nKh\u1ed1i g\u1ea1ch: 2489 +<br \/>\nKh\u00f4ng c\u00f3 h\u1ed9p ban \u0111\u1ea7u<\/p>","protected":false},"featured_media":47081,"comment_status":"open","ping_status":"closed","template":"","meta":{"_acf_changed":false},"product_cat":[1360,1357,364],"product_tag":[1456,12141,457,11275,11150,11071,389,11080],"class_list":["product","first","instock","shipping-taxable","purchasable","product-type-simple"],"acf":[],"_links":{"self":[{"href":"https:\/\/mouldking.store\/vi\/wp-json\/wp\/v2\/product\/47087","targetHints":{"allow":["GET"]}}],"collection":[{"href":"https:\/\/mouldking.store\/vi\/wp-json\/wp\/v2\/product"}],"about":[{"href":"https:\/\/mouldking.store\/vi\/wp-json\/wp\/v2\/types\/product"}],"replies":[{"embeddable":true,"href":"https:\/\/mouldking.store\/vi\/wp-json\/wp\/v2\/comments?post=47087"}],"wp:featuredmedia":[{"embeddable":true,"href":"https:\/\/mouldking.store\/vi\/wp-json\/wp\/v2\/media\/47081"}],"wp:attachment":[{"href":"https:\/\/mouldking.store\/vi\/wp-json\/wp\/v2\/media?parent=47087"}],"wp:term":[{"taxonomy":"product_cat","embeddable":true,"href":"https:\/\/mouldking.store\/vi\/wp-json\/wp\/v2\/product_cat?post=47087"},{"taxonomy":"product_tag","embeddable":true,"href":"https:\/\/mouldking.store\/vi\/wp-json\/wp\/v2\/product_tag?post=47087"}],"curies":[{"name":"wp","href":"https:\/\/api.w.org\/{rel}","templated":true}]}}