{"id":47098,"date":"2023-06-26T11:11:38","date_gmt":"2023-06-26T04:11:38","guid":{"rendered":"https:\/\/mouldking.store\/shop\/dk-5008-eva-01-motorcycle-with-998-pieces\/"},"modified":"2023-06-26T11:11:38","modified_gmt":"2023-06-26T04:11:38","slug":"dk-5008-eva-01-motorcycle-with-998-pieces","status":"publish","type":"product","link":"https:\/\/mouldking.store\/vi\/shop\/dk-5008-eva-01-motorcycle-with-998-pieces\/","title":{"rendered":"Xe m\u00e1y DK 5008 EVA-01 v\u1edbi 998 chi ti\u1ebft"},"content":{"rendered":"<div>\u2705 Xe m\u00e1y DK 5008 EVA-01<br \/>&nbsp;<br \/>\u2705Xe m\u00e1y EVO-01 (Xe m\u00e1y EVO-01) thu\u1ed9c d\u00f2ng s\u1ea3n ph\u1ea9m Technic v\u1ec1 b\u1ed9 kh\u1ed1i x\u00e2y d\u1ef1ng, to\u00e0n b\u1ed9 s\u1ea3n ph\u1ea9m g\u1ed3m 998 h\u1ea1t kh\u1ed1i x\u00e2y d\u1ef1ng. L\u1ea7n \u0111\u1ea7u ti\u00ean ph\u00e1t h\u00e0nh v\u00e0o n\u0103m 2023.<br \/>&nbsp;<br \/>\ud83d\udeab QUAN TR\u1eccNG!&nbsp;<br \/>&nbsp;<br \/>T\u00ean s\u1ea3n ph\u1ea9m: Xe m\u00e1y EVA-01<br \/>&nbsp;<br \/>Danh m\u1ee5c: K\u1ef9 thu\u1eadt<br \/>&nbsp;<br \/>B\u1ed9 s\u1ea3n ph\u1ea9m n\u00e0y bao g\u1ed3m: DK 5008<br \/>&nbsp;<br \/>998 vi\u00ean g\u1ea1ch ch\u1ea5t l\u01b0\u1ee3ng t\u1ed1t&nbsp;<br \/>&nbsp;<br \/>K\u00edch th\u01b0\u1edbc: 35 x 12 x 22 cm&nbsp;<br \/>&nbsp;<br \/>H\u01b0\u1edbng d\u1eabn th\u1ee7 c\u00f4ng&nbsp;<br \/>&nbsp;<br \/>\ud83d\udcccB\u1ea3n ch\u1ea5t c\u1ee7a nh\u00e2n v\u1eadt ch\u00ednh&nbsp;<br \/>&nbsp;<br \/>Xin gi\u1edbi thi\u1ec7u b\u1ed9 s\u01b0u t\u1eadp \u0111\u00e1ng t\u1ef1 h\u00e0o c\u1ee7a ch\u00fang t\u00f4i mang t\u00ean \u201cXe m\u00e1y EVA-01\u201d m\u00e0 b\u1ea1n kh\u00f4ng n\u00ean b\u1ecf l\u1ee1.&nbsp;<br \/>&nbsp;<br \/>B\u1ed9 xe m\u00e1y EVO-01 t\u1eadp trung v\u00e0o vi\u1ec7c x\u00e2y d\u1ef1ng m\u00f4 h\u00ecnh xe m\u00e1y b\u1eb1ng c\u00e1c kh\u1ed1i x\u00e2y d\u1ef1ng. C\u00e1c b\u1ed9 kh\u1ed1i x\u00e2y d\u1ef1ng mang \u0111\u1ebfn tr\u1ea3i nghi\u1ec7m h\u1ea5p d\u1eabn v\u00e0 s\u00e1ng t\u1ea1o cho ng\u01b0\u1eddi x\u00e2y d\u1ef1ng. Ch\u00fang th\u01b0\u1eddng \u0111i k\u00e8m v\u1edbi h\u01b0\u1edbng d\u1eabn h\u01b0\u1edbng d\u1eabn ng\u01b0\u1eddi d\u00f9ng trong su\u1ed1t qu\u00e1 tr\u00ecnh x\u00e2y d\u1ef1ng, cho ph\u00e9p h\u1ecd l\u1eafp r\u00e1p m\u00f4 h\u00ecnh t\u1eebng m\u1ea3nh m\u1ed9t. C\u00e1c b\u1ed9 n\u00e0y th\u00fac \u0111\u1ea9y nh\u1eadn th\u1ee9c kh\u00f4ng gian, k\u1ef9 n\u0103ng gi\u1ea3i quy\u1ebft v\u1ea5n \u0111\u1ec1 v\u00e0 tr\u00ed t\u01b0\u1edfng t\u01b0\u1ee3ng.<\/div>","protected":false},"excerpt":{"rendered":"<p>Th\u01b0\u01a1ng hi\u1ec7u: \u0110K<br \/>\nGi\u1edbi t\u00ednh: Unisex<br \/>\n\u0110\u1ed9 tu\u1ed5i: &gt; 6 tu\u1ed5i<br \/>\nS\u1ed1 hi\u1ec7u: 5008<br \/>\nPh\u00e2n lo\u1ea1i: T\u1eadp h\u1ee3p<br \/>\nH\u00ecnh d\u1ea1ng kh\u1ed1i nh\u1ef1a: G\u1ea1ch t\u1ef1 kh\u00f3a<br \/>\nCh\u1ea5t li\u1ec7u: Nh\u1ef1a<br \/>\nLo\u1ea1i nh\u1ef1a: ABS<br \/>\nKh\u1ed1i g\u1ea1ch: 998 +<br \/>\nKh\u00f4ng c\u00f3 h\u1ed9p ban \u0111\u1ea7u<\/p>","protected":false},"featured_media":47088,"comment_status":"open","ping_status":"closed","template":"","meta":{"_acf_changed":false},"product_cat":[1357,364],"product_tag":[12142,2449,389,11080],"class_list":["product","first","instock","shipping-taxable","purchasable","product-type-simple"],"acf":[],"_links":{"self":[{"href":"https:\/\/mouldking.store\/vi\/wp-json\/wp\/v2\/product\/47098","targetHints":{"allow":["GET"]}}],"collection":[{"href":"https:\/\/mouldking.store\/vi\/wp-json\/wp\/v2\/product"}],"about":[{"href":"https:\/\/mouldking.store\/vi\/wp-json\/wp\/v2\/types\/product"}],"replies":[{"embeddable":true,"href":"https:\/\/mouldking.store\/vi\/wp-json\/wp\/v2\/comments?post=47098"}],"wp:featuredmedia":[{"embeddable":true,"href":"https:\/\/mouldking.store\/vi\/wp-json\/wp\/v2\/media\/47088"}],"wp:attachment":[{"href":"https:\/\/mouldking.store\/vi\/wp-json\/wp\/v2\/media?parent=47098"}],"wp:term":[{"taxonomy":"product_cat","embeddable":true,"href":"https:\/\/mouldking.store\/vi\/wp-json\/wp\/v2\/product_cat?post=47098"},{"taxonomy":"product_tag","embeddable":true,"href":"https:\/\/mouldking.store\/vi\/wp-json\/wp\/v2\/product_tag?post=47098"}],"curies":[{"name":"wp","href":"https:\/\/api.w.org\/{rel}","templated":true}]}}