{"id":47164,"date":"2023-06-26T12:16:05","date_gmt":"2023-06-26T05:16:05","guid":{"rendered":"https:\/\/mouldking.store\/shop\/lr-10003-ice-cream-parlor-with-light-with-2605-pieces\/"},"modified":"2023-06-26T12:16:05","modified_gmt":"2023-06-26T05:16:05","slug":"lr-10003-ice-cream-parlor-with-light-with-2605-pieces","status":"publish","type":"product","link":"https:\/\/mouldking.store\/vi\/shop\/lr-10003-ice-cream-parlor-with-light-with-2605-pieces\/","title":{"rendered":"LR 10003 Ice Cream Parlor With Light with 2605 Pieces"},"content":{"rendered":"<div>\u2705LR 10003 Ice Cream Parlor With Light<br \/>&nbsp;<br \/>\u2705An ice cream parlor, also known as an ice cream shop or ice cream shoppe, is a place where people can go to enjoy a variety of delicious ice cream treats. These establishments are dedicated to serving and selling ice cream and often provide a cozy and inviting atmosphere for customers to relax and indulge in their favorite frozen treats.&nbsp;<br \/>&nbsp;<br \/>\ud83d\udeab QUAN TR\u1eccNG!&nbsp;<br \/>&nbsp;<br \/>Product Name: Ice Cream Parlor With Light<br \/>&nbsp;<br \/>Danh m\u1ee5c: T\u00f2a nh\u00e0 m\u00f4-\u0111un<br \/>&nbsp;<br \/>This Kit Contains: LR 10003<br \/>&nbsp;<br \/>2605 pcs Good Quality Bricks&nbsp;<br \/>&nbsp;<br \/>H\u01b0\u1edbng d\u1eabn th\u1ee7 c\u00f4ng&nbsp;<br \/>&nbsp;<br \/>\ud83d\udcccB\u1ea3n ch\u1ea5t c\u1ee7a nh\u00e2n v\u1eadt ch\u00ednh&nbsp;<br \/>&nbsp;<br \/>Introducing our proud collection named \u201cIce Cream Parlor With Light\u201d you should not miss.&nbsp;<br \/>&nbsp;<br \/>One of the highlights of an ice cream parlor is the vibrant and enticing display of ice cream flavors. You&#8217;ll typically find a wide array of flavors, ranging from classic favorites like vanilla, chocolate, and strawberry to more unique and creative options like cookies and cream, mint chocolate chip, butter pecan, or caramel swirl. Customers can choose to have their ice cream scoops served in either a cone or a cup. Cones come in various types, including sugar cones, waffle cones, and waffle bowls, while cups provide a convenient option for those who prefer to enjoy their ice cream without a cone.<\/div>","protected":false},"excerpt":{"rendered":"<p>Brand: LR<br \/>\nGi\u1edbi t\u00ednh: Unisex<br \/>\n\u0110\u1ed9 tu\u1ed5i: &gt; 8 tu\u1ed5i<br \/>\nModel Number: 10003<br \/>\nPh\u00e2n lo\u1ea1i: T\u1eadp h\u1ee3p<br \/>\nH\u00ecnh d\u1ea1ng kh\u1ed1i nh\u1ef1a: G\u1ea1ch t\u1ef1 kh\u00f3a<br \/>\nCh\u1ea5t li\u1ec7u: Nh\u1ef1a<br \/>\nLo\u1ea1i nh\u1ef1a: ABS<br \/>\nBricks Blocks: 2605 +<br \/>\nKh\u00f4ng c\u00f3 h\u1ed9p ban \u0111\u1ea7u<\/p>","protected":false},"featured_media":47155,"comment_status":"open","ping_status":"closed","template":"","meta":{"_acf_changed":false},"product_cat":[1395,390],"product_tag":[11244,4883,8611,392,12149],"class_list":["product","first","instock","shipping-taxable","purchasable","product-type-simple"],"acf":[],"_links":{"self":[{"href":"https:\/\/mouldking.store\/vi\/wp-json\/wp\/v2\/product\/47164","targetHints":{"allow":["GET"]}}],"collection":[{"href":"https:\/\/mouldking.store\/vi\/wp-json\/wp\/v2\/product"}],"about":[{"href":"https:\/\/mouldking.store\/vi\/wp-json\/wp\/v2\/types\/product"}],"replies":[{"embeddable":true,"href":"https:\/\/mouldking.store\/vi\/wp-json\/wp\/v2\/comments?post=47164"}],"wp:featuredmedia":[{"embeddable":true,"href":"https:\/\/mouldking.store\/vi\/wp-json\/wp\/v2\/media\/47155"}],"wp:attachment":[{"href":"https:\/\/mouldking.store\/vi\/wp-json\/wp\/v2\/media?parent=47164"}],"wp:term":[{"taxonomy":"product_cat","embeddable":true,"href":"https:\/\/mouldking.store\/vi\/wp-json\/wp\/v2\/product_cat?post=47164"},{"taxonomy":"product_tag","embeddable":true,"href":"https:\/\/mouldking.store\/vi\/wp-json\/wp\/v2\/product_tag?post=47164"}],"curies":[{"name":"wp","href":"https:\/\/api.w.org\/{rel}","templated":true}]}}