{"id":47361,"date":"2023-06-28T10:58:44","date_gmt":"2023-06-28T03:58:44","guid":{"rendered":"https:\/\/mouldking.store\/shop\/panlosbrick-688011-the-aircraft-carrier-liaoning-with-3094-pieces\/"},"modified":"2023-06-28T10:58:44","modified_gmt":"2023-06-28T03:58:44","slug":"panlosbrick-688011-the-aircraft-carrier-liaoning-with-3094-pieces","status":"publish","type":"product","link":"https:\/\/mouldking.store\/vi\/shop\/panlosbrick-688011-the-aircraft-carrier-liaoning-with-3094-pieces\/","title":{"rendered":"PANLOSBRICK 688011 T\u00e0u s\u00e2n bay Li\u00eau Ninh v\u1edbi 3094 m\u1ea3nh"},"content":{"rendered":"<div>\u2705 Panlos 688011 The Aircraft Carrier Liaoning<br \/>&nbsp;<br \/>\u2705The aircraft carrier Liaoning is a medium-sized aircraft carrier that serves as the flagship of the People&#8217;s Liberation Army Navy (PLAN) of China. It is the first operational aircraft carrier in the Chinese navy and plays a significant role in China&#8217;s maritime capabilities.<br \/>&nbsp;<br \/>\ud83d\udeab QUAN TR\u1eccNG!&nbsp;<br \/>&nbsp;<br \/>Product Name: The Aircraft Carrier Liaoning<br \/>&nbsp;<br \/>Th\u1ec3 lo\u1ea1i: Qu\u00e2n s\u1ef1<br \/>&nbsp;<br \/>This Kit Contains: Panlos 688011<br \/>&nbsp;<br \/>3094 pcs Good Quality Bricks&nbsp;<br \/>&nbsp;<br \/>Size: 82 \u00d7 27 \u00d7 25 cm<br \/>&nbsp;<br \/>H\u01b0\u1edbng d\u1eabn th\u1ee7 c\u00f4ng&nbsp;<br \/>&nbsp;<br \/>\ud83d\udcccB\u1ea3n ch\u1ea5t c\u1ee7a nh\u00e2n v\u1eadt ch\u00ednh&nbsp;<br \/>&nbsp;<br \/>Introducing our proud collection named \u201cThe Aircraft Carrier Liaoning\u201d you should not miss.&nbsp;<br \/>&nbsp;<br \/>Originally built as the Soviet Navy&#8217;s Kuznetsov-class aircraft carrier named &#8220;Riga,&#8221; the partially completed carrier was purchased from Ukraine in 1998. It underwent extensive refitting and modernization efforts in China before being commissioned into the Chinese navy in 2012 as the Liaoning. The Liaoning has a displacement of around 58,500 tons and features a ski-jump ramp on its bow, which enables the launch of fixed-wing aircraft. It carries a mix of aircraft, including Shenyang J-15 fighters, helicopters, and other support aircraft. The carrier is also equipped with radar systems, anti-aircraft weapons, and other defensive measures.<\/div>","protected":false},"excerpt":{"rendered":"<p>Th\u01b0\u01a1ng hi\u1ec7u: PANLOSBRICK<br \/>\nGi\u1edbi t\u00ednh: Unisex<br \/>\n\u0110\u1ed9 tu\u1ed5i: &gt; 6 tu\u1ed5i<br \/>\nModel Number: 688011<br \/>\nPh\u00e2n lo\u1ea1i: T\u1eadp h\u1ee3p<br \/>\nH\u00ecnh d\u1ea1ng kh\u1ed1i nh\u1ef1a: G\u1ea1ch t\u1ef1 kh\u00f3a<br \/>\nCh\u1ea5t li\u1ec7u: Nh\u1ef1a<br \/>\nLo\u1ea1i nh\u1ef1a: ABS<br \/>\nBricks Blocks: 3094 +<br \/>\nKh\u00f4ng c\u00f3 h\u1ed9p ban \u0111\u1ea7u<\/p>","protected":false},"featured_media":47355,"comment_status":"open","ping_status":"closed","template":"","meta":{"_acf_changed":false},"product_cat":[1350,1357,372,364],"product_tag":[5271,4681,4682,12173,12172,374,389],"class_list":["product","first","instock","shipping-taxable","purchasable","product-type-simple"],"acf":[],"_links":{"self":[{"href":"https:\/\/mouldking.store\/vi\/wp-json\/wp\/v2\/product\/47361","targetHints":{"allow":["GET"]}}],"collection":[{"href":"https:\/\/mouldking.store\/vi\/wp-json\/wp\/v2\/product"}],"about":[{"href":"https:\/\/mouldking.store\/vi\/wp-json\/wp\/v2\/types\/product"}],"replies":[{"embeddable":true,"href":"https:\/\/mouldking.store\/vi\/wp-json\/wp\/v2\/comments?post=47361"}],"wp:featuredmedia":[{"embeddable":true,"href":"https:\/\/mouldking.store\/vi\/wp-json\/wp\/v2\/media\/47355"}],"wp:attachment":[{"href":"https:\/\/mouldking.store\/vi\/wp-json\/wp\/v2\/media?parent=47361"}],"wp:term":[{"taxonomy":"product_cat","embeddable":true,"href":"https:\/\/mouldking.store\/vi\/wp-json\/wp\/v2\/product_cat?post=47361"},{"taxonomy":"product_tag","embeddable":true,"href":"https:\/\/mouldking.store\/vi\/wp-json\/wp\/v2\/product_tag?post=47361"}],"curies":[{"name":"wp","href":"https:\/\/api.w.org\/{rel}","templated":true}]}}