{"id":48160,"date":"2023-07-11T11:21:26","date_gmt":"2023-07-11T04:21:26","guid":{"rendered":"https:\/\/mouldking.store\/shop\/xingbao-18020-christmas-castle-music-box-with-1294-pieces\/"},"modified":"2023-07-11T11:21:26","modified_gmt":"2023-07-11T04:21:26","slug":"xingbao-18020-christmas-castle-music-box-with-1294-pieces","status":"publish","type":"product","link":"https:\/\/mouldking.store\/vi\/shop\/xingbao-18020-christmas-castle-music-box-with-1294-pieces\/","title":{"rendered":"H\u1ed9p nh\u1ea1c l\u00e2u \u0111\u00e0i Gi\u00e1ng sinh XINGBAO 18020 v\u1edbi 1294 m\u1ea3nh gh\u00e9p"},"content":{"rendered":"<div>\u2705 XINGBAO 18020 Christmas Castle Music Box<br \/>&nbsp;<br \/>\u2705A Christmas Castle Music Box refers to a decorative music box that is designed in the shape of a castle and is associated with the Christmas holiday. These music boxes often feature intricate detailing, festive colors, and holiday-themed elements.<br \/>&nbsp;<br \/>\ud83d\udeab QUAN TR\u1eccNG!&nbsp;<br \/>&nbsp;<br \/>Product Name: Christmas Castle Music Box<br \/>&nbsp;<br \/>Th\u1ec3 lo\u1ea1i: Ng\u01b0\u1eddi s\u00e1ng t\u1ea1o&nbsp;<br \/>&nbsp;<br \/>This Kit Contains: XINGBAO 18020<br \/>&nbsp;<br \/>1294 pcs Good Quality Bricks&nbsp;<br \/>&nbsp;<br \/>Size: 19.5 \u00d7 21 \u00d7 24 cm<br \/>&nbsp;<br \/>H\u01b0\u1edbng d\u1eabn th\u1ee7 c\u00f4ng&nbsp;<br \/>&nbsp;<br \/>\ud83d\udcccB\u1ea3n ch\u1ea5t c\u1ee7a nh\u00e2n v\u1eadt ch\u00ednh&nbsp;<br \/>&nbsp;<br \/>Introducing our proud collection named \u201cChristmas Castle Music Box\u201d you should not miss.&nbsp;<br \/>&nbsp;<br \/>The music box is shaped like a castle or a winter palace, often reminiscent of a fairytale setting. It may have towers, turrets, and ornate architectural elements. Christmas Castle Music Boxes are typically adorned with festive decorations such as wreaths, garlands, snowflakes, or Christmas lights. They may also incorporate holiday motifs like Santa Claus, reindeer, snowmen, or Christmas trees. When the music box is wound or activated, it plays a holiday tune or a popular Christmas melody. Some music boxes feature a mechanism that animates or rotates a scene within the castle, such as miniature figurines dancing, sleighs moving, or snow falling.<\/div>","protected":false},"excerpt":{"rendered":"<p>Th\u01b0\u01a1ng hi\u1ec7u: XINGBAO<br \/>\nGi\u1edbi t\u00ednh: Unisex<br \/>\n\u0110\u1ed9 tu\u1ed5i: &gt; 6 tu\u1ed5i<br \/>\nModel Number: 18020<br \/>\nPh\u00e2n lo\u1ea1i: T\u1eadp h\u1ee3p<br \/>\nH\u00ecnh d\u1ea1ng kh\u1ed1i nh\u1ef1a: G\u1ea1ch t\u1ef1 kh\u00f3a<br \/>\nCh\u1ea5t li\u1ec7u: Nh\u1ef1a<br \/>\nLo\u1ea1i nh\u1ef1a: ABS<br \/>\nBricks Blocks: 1294 +<br \/>\nKh\u00f4ng c\u00f3 h\u1ed9p ban \u0111\u1ea7u<\/p>","protected":false},"featured_media":48156,"comment_status":"open","ping_status":"closed","template":"","meta":{"_acf_changed":false},"product_cat":[1365,371],"product_tag":[787,1066,11072,8452,1465,1370],"class_list":["product","first","instock","shipping-taxable","purchasable","product-type-simple"],"acf":[],"_links":{"self":[{"href":"https:\/\/mouldking.store\/vi\/wp-json\/wp\/v2\/product\/48160","targetHints":{"allow":["GET"]}}],"collection":[{"href":"https:\/\/mouldking.store\/vi\/wp-json\/wp\/v2\/product"}],"about":[{"href":"https:\/\/mouldking.store\/vi\/wp-json\/wp\/v2\/types\/product"}],"replies":[{"embeddable":true,"href":"https:\/\/mouldking.store\/vi\/wp-json\/wp\/v2\/comments?post=48160"}],"wp:featuredmedia":[{"embeddable":true,"href":"https:\/\/mouldking.store\/vi\/wp-json\/wp\/v2\/media\/48156"}],"wp:attachment":[{"href":"https:\/\/mouldking.store\/vi\/wp-json\/wp\/v2\/media?parent=48160"}],"wp:term":[{"taxonomy":"product_cat","embeddable":true,"href":"https:\/\/mouldking.store\/vi\/wp-json\/wp\/v2\/product_cat?post=48160"},{"taxonomy":"product_tag","embeddable":true,"href":"https:\/\/mouldking.store\/vi\/wp-json\/wp\/v2\/product_tag?post=48160"}],"curies":[{"name":"wp","href":"https:\/\/api.w.org\/{rel}","templated":true}]}}