{"id":48208,"date":"2023-07-12T10:23:46","date_gmt":"2023-07-12T03:23:46","guid":{"rendered":"https:\/\/mouldking.store\/shop\/jiestar-89101-downtown-diner-apocalypse-version-with-2438-pieces\/"},"modified":"2023-07-12T10:23:46","modified_gmt":"2023-07-12T03:23:46","slug":"jiestar-89101-downtown-diner-apocalypse-version-with-2438-pieces","status":"publish","type":"product","link":"https:\/\/mouldking.store\/vi\/shop\/jiestar-89101-downtown-diner-apocalypse-version-with-2438-pieces\/","title":{"rendered":"JIESTAR 89101 Downtown Diner \u2013 Phi\u00ean b\u1ea3n Apocalypse v\u1edbi 2438 m\u1ea3nh gh\u00e9p"},"content":{"rendered":"<div>\u2705 JIESTAR 89101 Downtown Diner &#8211; Apocalypse Version<br \/>&nbsp;<br \/>\u2705The Downtown Diner &#8211; Apocalypse Version is a hypothetical concept that envisions a post-apocalyptic adaptation of the traditional downtown diner. In this scenario, the diner has undergone modifications and adjustments to suit the new world shaped by the apocalypse, offering a unique experience for survivors in need of food, community, and respite.<br \/>&nbsp;<br \/>\ud83d\udeab QUAN TR\u1eccNG!&nbsp;<br \/>&nbsp;<br \/>Product Name: Downtown Diner &#8211; Apocalypse Version<br \/>&nbsp;<br \/>Danh m\u1ee5c: T\u00f2a nh\u00e0 m\u00f4-\u0111un&nbsp;<br \/>&nbsp;<br \/>This Kit Contains: JIESTAR 89101&nbsp;<br \/>&nbsp;<br \/>2438 pcs Good Quality Bricks&nbsp;<br \/>&nbsp;<br \/>Size: 25.6 \u00d7 25.6 \u00d7 34.4 cm<br \/>&nbsp;<br \/>H\u01b0\u1edbng d\u1eabn th\u1ee7 c\u00f4ng&nbsp;<br \/>&nbsp;<br \/>\ud83d\udcccB\u1ea3n ch\u1ea5t c\u1ee7a nh\u00e2n v\u1eadt ch\u00ednh&nbsp;<br \/>&nbsp;<br \/>Introducing our proud collection named \u201cDowntown Diner &#8211; Apocalypse Version\u201d you should not miss.&nbsp;<br \/>&nbsp;<br \/>The Downtown Diner &#8211; Apocalypse Version would aim to create a haven amidst chaos, providing not only sustenance but also a sense of community, safety, and hope for those navigating the challenging post-apocalyptic landscape.<\/div>","protected":false},"excerpt":{"rendered":"<p>Th\u01b0\u01a1ng hi\u1ec7u: JIESTAR<br \/>\nGi\u1edbi t\u00ednh: Unisex<br \/>\n\u0110\u1ed9 tu\u1ed5i: &gt; 6 tu\u1ed5i<br \/>\nModel Number: 89101<br \/>\nPh\u00e2n lo\u1ea1i: T\u1eadp h\u1ee3p<br \/>\nH\u00ecnh d\u1ea1ng kh\u1ed1i nh\u1ef1a: G\u1ea1ch t\u1ef1 kh\u00f3a<br \/>\nCh\u1ea5t li\u1ec7u: Nh\u1ef1a<br \/>\nLo\u1ea1i nh\u1ef1a: ABS<br \/>\nBricks Blocks: 2438 +<br \/>\nKh\u00f4ng c\u00f3 h\u1ed9p ban \u0111\u1ea7u<\/p>","protected":false},"featured_media":48204,"comment_status":"open","ping_status":"closed","template":"","meta":{"_acf_changed":false},"product_cat":[1395,390],"product_tag":[11714,4883,10653,12301,392],"class_list":["product","first","instock","shipping-taxable","purchasable","product-type-simple"],"acf":[],"_links":{"self":[{"href":"https:\/\/mouldking.store\/vi\/wp-json\/wp\/v2\/product\/48208","targetHints":{"allow":["GET"]}}],"collection":[{"href":"https:\/\/mouldking.store\/vi\/wp-json\/wp\/v2\/product"}],"about":[{"href":"https:\/\/mouldking.store\/vi\/wp-json\/wp\/v2\/types\/product"}],"replies":[{"embeddable":true,"href":"https:\/\/mouldking.store\/vi\/wp-json\/wp\/v2\/comments?post=48208"}],"wp:featuredmedia":[{"embeddable":true,"href":"https:\/\/mouldking.store\/vi\/wp-json\/wp\/v2\/media\/48204"}],"wp:attachment":[{"href":"https:\/\/mouldking.store\/vi\/wp-json\/wp\/v2\/media?parent=48208"}],"wp:term":[{"taxonomy":"product_cat","embeddable":true,"href":"https:\/\/mouldking.store\/vi\/wp-json\/wp\/v2\/product_cat?post=48208"},{"taxonomy":"product_tag","embeddable":true,"href":"https:\/\/mouldking.store\/vi\/wp-json\/wp\/v2\/product_tag?post=48208"}],"curies":[{"name":"wp","href":"https:\/\/api.w.org\/{rel}","templated":true}]}}