{"id":48212,"date":"2023-07-12T10:34:29","date_gmt":"2023-07-12T03:34:29","guid":{"rendered":"https:\/\/mouldking.store\/shop\/jiestar-89135-hospital-with-4953-pieces\/"},"modified":"2023-07-12T10:34:29","modified_gmt":"2023-07-12T03:34:29","slug":"jiestar-89135-hospital-with-4953-pieces","status":"publish","type":"product","link":"https:\/\/mouldking.store\/vi\/shop\/jiestar-89135-hospital-with-4953-pieces\/","title":{"rendered":"B\u1ec7nh vi\u1ec7n JIESTAR 89135 v\u1edbi 4953 m\u1ea3nh"},"content":{"rendered":"<div>\u2705 JIESTAR 89135 Hospital<br \/>&nbsp;<br \/>\u2705A hospital is a specialized medical facility that provides comprehensive healthcare services to individuals who require medical attention, treatment, and care for illnesses, injuries, or other medical conditions. Hospitals are typically equipped with advanced medical technology, a range of healthcare professionals, and various specialized departments to cater to different medical needs.<br \/>&nbsp;<br \/>\ud83d\udeab QUAN TR\u1eccNG!&nbsp;<br \/>&nbsp;<br \/>Product Name: Hospital<br \/>&nbsp;<br \/>Danh m\u1ee5c: T\u00f2a nh\u00e0 m\u00f4-\u0111un<br \/>&nbsp;<br \/>This Kit Contains:&nbsp; JIESTAR 89135<br \/>&nbsp;<br \/>4953 pcs Good Quality Bricks&nbsp;<br \/>&nbsp;<br \/>Size: 38.5 x 25.5 x 37.5 cm&nbsp;<br \/>&nbsp;<br \/>H\u01b0\u1edbng d\u1eabn th\u1ee7 c\u00f4ng&nbsp;<br \/>&nbsp;<br \/>\ud83d\udcccB\u1ea3n ch\u1ea5t c\u1ee7a nh\u00e2n v\u1eadt ch\u00ednh&nbsp;<br \/>&nbsp;<br \/>Introducing our proud collection named \u201cHospital\u201d you should not miss.&nbsp;<br \/>&nbsp;<br \/>Hospitals play a crucial role in providing medical care, treating illnesses, promoting health, and improving the quality of life for individuals in need of medical assistance. They serve as essential pillars of healthcare systems, catering to a wide range of medical needs within their communities.<\/div>","protected":false},"excerpt":{"rendered":"<p>Th\u01b0\u01a1ng hi\u1ec7u: JIESTAR<br \/>\nGi\u1edbi t\u00ednh: Unisex<br \/>\n\u0110\u1ed9 tu\u1ed5i: &gt; 8 tu\u1ed5i<br \/>\nModel Number: 89135<br \/>\nPh\u00e2n lo\u1ea1i: T\u1eadp h\u1ee3p<br \/>\nH\u00ecnh d\u1ea1ng kh\u1ed1i nh\u1ef1a: G\u1ea1ch t\u1ef1 kh\u00f3a<br \/>\nCh\u1ea5t li\u1ec7u: Nh\u1ef1a<br \/>\nLo\u1ea1i nh\u1ef1a: ABS<br \/>\nBricks Blocks: 4953 +<br \/>\nKh\u00f4ng c\u00f3 h\u1ed9p ban \u0111\u1ea7u<\/p>","protected":false},"featured_media":48209,"comment_status":"open","ping_status":"closed","template":"","meta":{"_acf_changed":false},"product_cat":[1395,390],"product_tag":[4883,9568,392],"class_list":["product","first","instock","shipping-taxable","purchasable","product-type-simple"],"acf":[],"_links":{"self":[{"href":"https:\/\/mouldking.store\/vi\/wp-json\/wp\/v2\/product\/48212","targetHints":{"allow":["GET"]}}],"collection":[{"href":"https:\/\/mouldking.store\/vi\/wp-json\/wp\/v2\/product"}],"about":[{"href":"https:\/\/mouldking.store\/vi\/wp-json\/wp\/v2\/types\/product"}],"replies":[{"embeddable":true,"href":"https:\/\/mouldking.store\/vi\/wp-json\/wp\/v2\/comments?post=48212"}],"wp:featuredmedia":[{"embeddable":true,"href":"https:\/\/mouldking.store\/vi\/wp-json\/wp\/v2\/media\/48209"}],"wp:attachment":[{"href":"https:\/\/mouldking.store\/vi\/wp-json\/wp\/v2\/media?parent=48212"}],"wp:term":[{"taxonomy":"product_cat","embeddable":true,"href":"https:\/\/mouldking.store\/vi\/wp-json\/wp\/v2\/product_cat?post=48212"},{"taxonomy":"product_tag","embeddable":true,"href":"https:\/\/mouldking.store\/vi\/wp-json\/wp\/v2\/product_tag?post=48212"}],"curies":[{"name":"wp","href":"https:\/\/api.w.org\/{rel}","templated":true}]}}