{"id":48257,"date":"2023-07-12T11:43:09","date_gmt":"2023-07-12T04:43:09","guid":{"rendered":"https:\/\/mouldking.store\/shop\/xingbao-01037-breakfast-shop-with-3180-pieces\/"},"modified":"2023-07-12T11:43:09","modified_gmt":"2023-07-12T04:43:09","slug":"xingbao-01037-breakfast-shop-with-3180-pieces","status":"publish","type":"product","link":"https:\/\/mouldking.store\/vi\/shop\/xingbao-01037-breakfast-shop-with-3180-pieces\/","title":{"rendered":"XINGBAO 01037 Breakfast Shop with 3180 Pieces"},"content":{"rendered":"<div>\u2705 XINGBAO 01037 Breakfast Shop<br \/>&nbsp;<br \/>\u2705A breakfast shop is an establishment that specializes in serving breakfast meals and beverages to customers. It is a place where people can start their day with a satisfying and delicious breakfast, typically offering a variety of breakfast options to cater to different preferences and dietary needs.<br \/>&nbsp;<br \/>\ud83d\udeab QUAN TR\u1eccNG!&nbsp;<br \/>&nbsp;<br \/>Product Name: Breakfast Shop<br \/>&nbsp;<br \/>Danh m\u1ee5c: T\u00f2a nh\u00e0 m\u00f4-\u0111un<br \/>&nbsp;<br \/>This Kit Contains: XINGBAO 01037<br \/>&nbsp;<br \/>3180 pcs Good Quality Bricks&nbsp;<br \/>&nbsp;<br \/>Size:&nbsp; 25.6 \u00d7 25.6 \u00d7 33 cm<br \/>&nbsp;<br \/>H\u01b0\u1edbng d\u1eabn th\u1ee7 c\u00f4ng&nbsp;<br \/>&nbsp;<br \/>\ud83d\udcccB\u1ea3n ch\u1ea5t c\u1ee7a nh\u00e2n v\u1eadt ch\u00ednh&nbsp;<br \/>&nbsp;<br \/>Introducing our proud collection named \u201cBreakfast Shop\u201d you should not miss.&nbsp;<br \/>&nbsp;<br \/>Whether it&#8217;s a quick bite on the way to work or a leisurely morning meal, breakfast shops provide a convenient and enjoyable option for people seeking a delicious start to their day. They offer a welcoming environment, a range of menu choices, and a focus on providing a satisfying breakfast experience for customers.<\/div>","protected":false},"excerpt":{"rendered":"<p>Th\u01b0\u01a1ng hi\u1ec7u: XINGBAO<br \/>\nGi\u1edbi t\u00ednh: Unisex<br \/>\n\u0110\u1ed9 tu\u1ed5i: &gt; 6 tu\u1ed5i<br \/>\nS\u1ed1 m\u00f4 h\u00ecnh: 01037<br \/>\nPh\u00e2n lo\u1ea1i: T\u1eadp h\u1ee3p<br \/>\nH\u00ecnh d\u1ea1ng kh\u1ed1i nh\u1ef1a: G\u1ea1ch t\u1ef1 kh\u00f3a<br \/>\nCh\u1ea5t li\u1ec7u: Nh\u1ef1a<br \/>\nLo\u1ea1i nh\u1ef1a: ABS<br \/>\nBricks Blocks: 3180 +<br \/>\nKh\u00f4ng c\u00f3 h\u1ed9p ban \u0111\u1ea7u<\/p>","protected":false},"featured_media":48251,"comment_status":"open","ping_status":"closed","template":"","meta":{"_acf_changed":false},"product_cat":[1395,390],"product_tag":[12316,4883,392,1711],"class_list":["product","first","instock","shipping-taxable","purchasable","product-type-simple"],"acf":[],"_links":{"self":[{"href":"https:\/\/mouldking.store\/vi\/wp-json\/wp\/v2\/product\/48257","targetHints":{"allow":["GET"]}}],"collection":[{"href":"https:\/\/mouldking.store\/vi\/wp-json\/wp\/v2\/product"}],"about":[{"href":"https:\/\/mouldking.store\/vi\/wp-json\/wp\/v2\/types\/product"}],"replies":[{"embeddable":true,"href":"https:\/\/mouldking.store\/vi\/wp-json\/wp\/v2\/comments?post=48257"}],"wp:featuredmedia":[{"embeddable":true,"href":"https:\/\/mouldking.store\/vi\/wp-json\/wp\/v2\/media\/48251"}],"wp:attachment":[{"href":"https:\/\/mouldking.store\/vi\/wp-json\/wp\/v2\/media?parent=48257"}],"wp:term":[{"taxonomy":"product_cat","embeddable":true,"href":"https:\/\/mouldking.store\/vi\/wp-json\/wp\/v2\/product_cat?post=48257"},{"taxonomy":"product_tag","embeddable":true,"href":"https:\/\/mouldking.store\/vi\/wp-json\/wp\/v2\/product_tag?post=48257"}],"curies":[{"name":"wp","href":"https:\/\/api.w.org\/{rel}","templated":true}]}}