{"id":48483,"date":"2023-07-25T09:27:23","date_gmt":"2023-07-25T02:27:23","guid":{"rendered":"https:\/\/mouldking.store\/shop\/wange-5227-statue-of-liberty-with-1685-pieces\/"},"modified":"2023-07-25T09:27:23","modified_gmt":"2023-07-25T02:27:23","slug":"wange-5227-statue-of-liberty-with-1685-pieces","status":"publish","type":"product","link":"https:\/\/mouldking.store\/vi\/shop\/wange-5227-statue-of-liberty-with-1685-pieces\/","title":{"rendered":"WANGE 5227 Statue of Liberty with 1685 Pieces"},"content":{"rendered":"<div>\u2705 WANGE 5227 Statue of Liberty<br \/>&nbsp;<br \/>\u2705The Statue of Liberty is a colossal neoclassical sculpture located on Liberty Island in New York Harbor, USA. It has become one of the most iconic symbols of the United States and is recognized worldwide as a representation of freedom and democracy.<br \/>&nbsp;<br \/>\ud83d\udeab QUAN TR\u1eccNG!&nbsp;<br \/>&nbsp;<br \/>Product Name: Statue of Liberty<br \/>&nbsp;<br \/>Danh m\u1ee5c: T\u00f2a nh\u00e0 m\u00f4-\u0111un<br \/>&nbsp;<br \/>This Kit Contains:&nbsp; WANGE 5227<br \/>&nbsp;<br \/>1685 pcs Good Quality Bricks&nbsp;<br \/>&nbsp;<br \/>H\u01b0\u1edbng d\u1eabn th\u1ee7 c\u00f4ng&nbsp;<br \/>&nbsp;<br \/>\ud83d\udcccB\u1ea3n ch\u1ea5t c\u1ee7a nh\u00e2n v\u1eadt ch\u00ednh&nbsp;<br \/>&nbsp;<br \/>Introducing our proud collection named \u201cStatue of Liberty\u201d you should not miss.&nbsp;<br \/>&nbsp;<br \/>The statue was a gift from the people of France to the United States and was dedicated on October 28, 1886. It was designed by French sculptor Fr\u00e9d\u00e9ric Auguste Bartholdi, with the framework created by Gustave Eiffel, the renowned engineer behind the Eiffel Tower in Paris. The statue is made of copper sheets, which have oxidized over time, giving it its distinct greenish color known as patina. It stands at a height of approximately 305 feet (93 meters) from the base to the tip of the torch and weighs around 225 tons. Visitors can access the statue by taking a ferry from Battery Park in Manhattan, New York. Once on Liberty Island, visitors can explore the grounds, learn about the statue&#8217;s history at the museum, and ascend to the crown or the pedestal observation deck for panoramic views of the New York City skyline.<\/div>","protected":false},"excerpt":{"rendered":"<p>Th\u01b0\u01a1ng hi\u1ec7u: WANGE<br \/>\nGi\u1edbi t\u00ednh: Unisex<br \/>\n\u0110\u1ed9 tu\u1ed5i: &gt; 16 tu\u1ed5i<br \/>\nModel Number: 5227<br \/>\nPh\u00e2n lo\u1ea1i: T\u1eadp h\u1ee3p<br \/>\nH\u00ecnh d\u1ea1ng kh\u1ed1i nh\u1ef1a: G\u1ea1ch t\u1ef1 kh\u00f3a<br \/>\nCh\u1ea5t li\u1ec7u: Nh\u1ef1a<br \/>\nLo\u1ea1i nh\u1ef1a: ABS<br \/>\nBricks Blocks: 1685 +<br \/>\nKh\u00f4ng c\u00f3 h\u1ed9p ban \u0111\u1ea7u<\/p>","protected":false},"featured_media":48482,"comment_status":"open","ping_status":"closed","template":"","meta":{"_acf_changed":false},"product_cat":[1395,390],"product_tag":[4883,4085,392,12340,12341],"class_list":["product","first","instock","shipping-taxable","purchasable","product-type-simple"],"acf":[],"_links":{"self":[{"href":"https:\/\/mouldking.store\/vi\/wp-json\/wp\/v2\/product\/48483","targetHints":{"allow":["GET"]}}],"collection":[{"href":"https:\/\/mouldking.store\/vi\/wp-json\/wp\/v2\/product"}],"about":[{"href":"https:\/\/mouldking.store\/vi\/wp-json\/wp\/v2\/types\/product"}],"replies":[{"embeddable":true,"href":"https:\/\/mouldking.store\/vi\/wp-json\/wp\/v2\/comments?post=48483"}],"wp:featuredmedia":[{"embeddable":true,"href":"https:\/\/mouldking.store\/vi\/wp-json\/wp\/v2\/media\/48482"}],"wp:attachment":[{"href":"https:\/\/mouldking.store\/vi\/wp-json\/wp\/v2\/media?parent=48483"}],"wp:term":[{"taxonomy":"product_cat","embeddable":true,"href":"https:\/\/mouldking.store\/vi\/wp-json\/wp\/v2\/product_cat?post=48483"},{"taxonomy":"product_tag","embeddable":true,"href":"https:\/\/mouldking.store\/vi\/wp-json\/wp\/v2\/product_tag?post=48483"}],"curies":[{"name":"wp","href":"https:\/\/api.w.org\/{rel}","templated":true}]}}