{"id":48486,"date":"2023-07-25T09:27:51","date_gmt":"2023-07-25T02:27:51","guid":{"rendered":"https:\/\/mouldking.store\/shop\/wange-5228-willis-tower-chicago-usa-with-1241-pieces\/"},"modified":"2023-07-25T09:27:51","modified_gmt":"2023-07-25T02:27:51","slug":"wange-5228-willis-tower-chicago-usa-with-1241-pieces","status":"publish","type":"product","link":"https:\/\/mouldking.store\/vi\/shop\/wange-5228-willis-tower-chicago-usa-with-1241-pieces\/","title":{"rendered":"WANGE 5228 Willis Tower Chicago USA with 1241 Pieces"},"content":{"rendered":"<div>\u2705 WANGE 5228 Willis Tower Chicago USA<br \/>&nbsp;<br \/>\u2705The Willis Tower, formerly known as the Sears Tower, is an iconic skyscraper located in Chicago, Illinois, USA. It is one of the most recognizable landmarks in the city and a popular tourist attraction.<br \/>&nbsp;<br \/>\ud83d\udeab QUAN TR\u1eccNG!&nbsp;<br \/>&nbsp;<br \/>Product Name: Willis Tower Chicago USA<br \/>&nbsp;<br \/>Danh m\u1ee5c: T\u00f2a nh\u00e0 m\u00f4-\u0111un&nbsp;<br \/>&nbsp;<br \/>This Kit Contains: WANGE 5228<br \/>&nbsp;<br \/>1241 pcs Good Quality Bricks&nbsp;<br \/>&nbsp;<br \/>Size:&nbsp; 57 \u00d7 17.5 \u00d7 17.5 cm<br \/>&nbsp;<br \/>H\u01b0\u1edbng d\u1eabn th\u1ee7 c\u00f4ng&nbsp;<br \/>&nbsp;<br \/>\ud83d\udcccB\u1ea3n ch\u1ea5t c\u1ee7a nh\u00e2n v\u1eadt ch\u00ednh&nbsp;<br \/>&nbsp;<br \/>Introducing our proud collection named \u201cWillis Tower Chicago USA\u201d you should not miss.&nbsp;<br \/>&nbsp;<br \/>Completed in 1973, the Willis Tower held the title of the tallest building in the world for 25 years until it was surpassed by the Petronas Towers in Kuala Lumpur, Malaysia. It remains one of the tallest buildings in the United States and a significant architectural achievement. The Willis Tower stands at a height of 1,450 feet (443.2 meters) and has 110 floors. Its design, created by architect Bruce Graham and structural engineer Fazlur Rahman Khan, features a bundled-tube structural system. This design consists of nine square tubes that are bundled together, creating the tower&#8217;s distinctive appearance.<\/div>","protected":false},"excerpt":{"rendered":"<p>Th\u01b0\u01a1ng hi\u1ec7u: WANGE<br \/>\nGi\u1edbi t\u00ednh: Unisex<br \/>\n\u0110\u1ed9 tu\u1ed5i: &gt; 6 tu\u1ed5i<br \/>\nModel Number: 5228<br \/>\nPh\u00e2n lo\u1ea1i: T\u1eadp h\u1ee3p<br \/>\nH\u00ecnh d\u1ea1ng kh\u1ed1i nh\u1ef1a: G\u1ea1ch t\u1ef1 kh\u00f3a<br \/>\nCh\u1ea5t li\u1ec7u: Nh\u1ef1a<br \/>\nLo\u1ea1i nh\u1ef1a: ABS<br \/>\nBricks Blocks: 1241 +<br \/>\nKh\u00f4ng c\u00f3 h\u1ed9p ban \u0111\u1ea7u<\/p>","protected":false},"featured_media":48484,"comment_status":"open","ping_status":"closed","template":"","meta":{"_acf_changed":false},"product_cat":[1395,390],"product_tag":[12342,4883,392,2302,12343,2301],"class_list":["product","first","instock","shipping-taxable","purchasable","product-type-simple"],"acf":[],"_links":{"self":[{"href":"https:\/\/mouldking.store\/vi\/wp-json\/wp\/v2\/product\/48486","targetHints":{"allow":["GET"]}}],"collection":[{"href":"https:\/\/mouldking.store\/vi\/wp-json\/wp\/v2\/product"}],"about":[{"href":"https:\/\/mouldking.store\/vi\/wp-json\/wp\/v2\/types\/product"}],"replies":[{"embeddable":true,"href":"https:\/\/mouldking.store\/vi\/wp-json\/wp\/v2\/comments?post=48486"}],"wp:featuredmedia":[{"embeddable":true,"href":"https:\/\/mouldking.store\/vi\/wp-json\/wp\/v2\/media\/48484"}],"wp:attachment":[{"href":"https:\/\/mouldking.store\/vi\/wp-json\/wp\/v2\/media?parent=48486"}],"wp:term":[{"taxonomy":"product_cat","embeddable":true,"href":"https:\/\/mouldking.store\/vi\/wp-json\/wp\/v2\/product_cat?post=48486"},{"taxonomy":"product_tag","embeddable":true,"href":"https:\/\/mouldking.store\/vi\/wp-json\/wp\/v2\/product_tag?post=48486"}],"curies":[{"name":"wp","href":"https:\/\/api.w.org\/{rel}","templated":true}]}}