{"id":48490,"date":"2023-07-25T09:28:36","date_gmt":"2023-07-25T02:28:36","guid":{"rendered":"https:\/\/mouldking.store\/shop\/wange-5226-the-imperial-hotel-of-tokyo-with-1373-pieces\/"},"modified":"2023-07-25T09:28:36","modified_gmt":"2023-07-25T02:28:36","slug":"wange-5226-the-imperial-hotel-of-tokyo-with-1373-pieces","status":"publish","type":"product","link":"https:\/\/mouldking.store\/vi\/shop\/wange-5226-the-imperial-hotel-of-tokyo-with-1373-pieces\/","title":{"rendered":"WANGE 5226 The Imperial Hotel of Tokyo with 1373 Pieces"},"content":{"rendered":"<div>\u2705 WANGE 5226 The Imperial Hotel of Tokyo<br \/>&nbsp;<br \/>\u2705The Imperial Hotel Tokyo is a historic and prestigious hotel located in the Chiyoda ward of Tokyo, Japan. It has a rich history and is renowned for its architectural beauty, luxurious accommodations, and high level of service.<br \/>&nbsp;<br \/>\ud83d\udeab QUAN TR\u1eccNG!&nbsp;<br \/>&nbsp;<br \/>Product Name: The Imperial Hotel of Tokyo<br \/>&nbsp;<br \/>Danh m\u1ee5c: T\u00f2a nh\u00e0 m\u00f4-\u0111un<br \/>&nbsp;<br \/>This Kit Contains:&nbsp; WANGE 5226<br \/>&nbsp;<br \/>1373 pcs Good Quality Bricks&nbsp;<br \/>&nbsp;<br \/>H\u01b0\u1edbng d\u1eabn th\u1ee7 c\u00f4ng&nbsp;<br \/>&nbsp;<br \/>\ud83d\udcccB\u1ea3n ch\u1ea5t c\u1ee7a nh\u00e2n v\u1eadt ch\u00ednh&nbsp;<br \/>&nbsp;<br \/>Introducing our proud collection named \u201cThe Imperial Hotel of Tokyo\u201d you should not miss.&nbsp;<br \/>&nbsp;<br \/>The original Imperial Hotel was built in 1890 to cater to the increasing number of Western visitors to Japan. Designed by prominent architect Yuzuru Watanabe, it was a grand structure that blended Western architectural elements with traditional Japanese motifs. The hotel gained international recognition when it hosted guests during the 1903 Imperial Hotel Conference. However, due to a desire to modernize and expand the hotel, a new Imperial Hotel building was constructed in the late 1910s and completed in 1923. This new building, designed by Frank Lloyd Wright, became one of his most significant works and is considered an architectural masterpiece.<\/div>","protected":false},"excerpt":{"rendered":"<p>Th\u01b0\u01a1ng hi\u1ec7u: WANGE<br \/>\nGi\u1edbi t\u00ednh: Unisex<br \/>\n\u0110\u1ed9 tu\u1ed5i: &gt; 6 tu\u1ed5i<br \/>\nModel Number: 5226<br \/>\nPh\u00e2n lo\u1ea1i: T\u1eadp h\u1ee3p<br \/>\nH\u00ecnh d\u1ea1ng kh\u1ed1i nh\u1ef1a: G\u1ea1ch t\u1ef1 kh\u00f3a<br \/>\nCh\u1ea5t li\u1ec7u: Nh\u1ef1a<br \/>\nLo\u1ea1i nh\u1ef1a: ABS<br \/>\nBricks Blocks: 1373 +<br \/>\nKh\u00f4ng c\u00f3 h\u1ed9p ban \u0111\u1ea7u<\/p>","protected":false},"featured_media":48487,"comment_status":"open","ping_status":"closed","template":"","meta":{"_acf_changed":false},"product_cat":[1395,390],"product_tag":[4883,10633,8443,1662,12344,392,12345],"class_list":["product","first","instock","shipping-taxable","purchasable","product-type-simple"],"acf":[],"_links":{"self":[{"href":"https:\/\/mouldking.store\/vi\/wp-json\/wp\/v2\/product\/48490","targetHints":{"allow":["GET"]}}],"collection":[{"href":"https:\/\/mouldking.store\/vi\/wp-json\/wp\/v2\/product"}],"about":[{"href":"https:\/\/mouldking.store\/vi\/wp-json\/wp\/v2\/types\/product"}],"replies":[{"embeddable":true,"href":"https:\/\/mouldking.store\/vi\/wp-json\/wp\/v2\/comments?post=48490"}],"wp:featuredmedia":[{"embeddable":true,"href":"https:\/\/mouldking.store\/vi\/wp-json\/wp\/v2\/media\/48487"}],"wp:attachment":[{"href":"https:\/\/mouldking.store\/vi\/wp-json\/wp\/v2\/media?parent=48490"}],"wp:term":[{"taxonomy":"product_cat","embeddable":true,"href":"https:\/\/mouldking.store\/vi\/wp-json\/wp\/v2\/product_cat?post=48490"},{"taxonomy":"product_tag","embeddable":true,"href":"https:\/\/mouldking.store\/vi\/wp-json\/wp\/v2\/product_tag?post=48490"}],"curies":[{"name":"wp","href":"https:\/\/api.w.org\/{rel}","templated":true}]}}