{"id":48697,"date":"2023-07-25T16:12:09","date_gmt":"2023-07-25T09:12:09","guid":{"rendered":"https:\/\/mouldking.store\/shop\/small-angle-jd008-drift-bottle-with-1168-pieces\/"},"modified":"2023-07-25T16:12:09","modified_gmt":"2023-07-25T09:12:09","slug":"small-angle-jd008-drift-bottle-with-1168-pieces","status":"publish","type":"product","link":"https:\/\/mouldking.store\/vi\/shop\/small-angle-jd008-drift-bottle-with-1168-pieces\/","title":{"rendered":"Chai g\u00f3c nh\u1ecf JD008 Drift c\u00f3 1168 mi\u1ebfng"},"content":{"rendered":"<div>\u2705 B\u00ecnh tr\u00f4i g\u00f3c nh\u1ecf JD008<br \/>&nbsp;<br \/>\u2705M\u1ed9t chai tr\u00f4i, c\u00f2n \u0111\u01b0\u1ee3c g\u1ecdi l\u00e0 tin nh\u1eafn trong chai, l\u00e0 m\u1ed9t lo\u1ea1i chai \u0111\u01b0\u1ee3c th\u1ea3 c\u1ed1 \u00fd v\u00e0o m\u1ed9t v\u00f9ng n\u01b0\u1edbc, ch\u1eb3ng h\u1ea1n nh\u01b0 \u0111\u1ea1i d\u01b0\u01a1ng, bi\u1ec3n ho\u1eb7c s\u00f4ng, v\u1edbi m\u1ed9t th\u00f4ng \u0111i\u1ec7p ho\u1eb7c ghi ch\u00fa b\u00ean trong. Kh\u00e1i ni\u1ec7m g\u1eedi tin nh\u1eafn trong chai \u0111\u00e3 l\u00e0 m\u1ed9t th\u00f4ng l\u1ec7 trong nhi\u1ec1u th\u1ebf k\u1ef7 v\u00e0 th\u01b0\u1eddng g\u1eafn li\u1ec1n v\u1edbi nh\u1eefng c\u00e2u chuy\u1ec7n v\u1ec1 v\u1ee5 \u0111\u1eafm t\u00e0u, ng\u01b0\u1eddi s\u1ed1ng s\u00f3t ho\u1eb7c nh\u1eefng nh\u00e0 th\u00e1m hi\u1ec3m mu\u1ed1n giao ti\u1ebfp qua nh\u1eefng kho\u1ea3ng c\u00e1ch xa.<br \/>&nbsp;<br \/>\ud83d\udeab QUAN TR\u1eccNG!&nbsp;<br \/>&nbsp;<br \/>T\u00ean s\u1ea3n ph\u1ea9m: Chai tr\u00f4i<br \/>&nbsp;<br \/>Th\u1ec3 lo\u1ea1i: Ng\u01b0\u1eddi s\u00e1ng t\u1ea1o&nbsp;<br \/>&nbsp;<br \/>B\u1ed9 s\u1ea3n ph\u1ea9m n\u00e0y bao g\u1ed3m: G\u00f3c nh\u1ecf JD008<br \/>&nbsp;<br \/>1168 vi\u00ean g\u1ea1ch ch\u1ea5t l\u01b0\u1ee3ng t\u1ed1t&nbsp;<br \/>&nbsp;<br \/>K\u00edch th\u01b0\u1edbc: 34 \u00d7 16,4 \u00d7 11,6 cm<br \/>&nbsp;<br \/>H\u01b0\u1edbng d\u1eabn th\u1ee7 c\u00f4ng&nbsp;<br \/>&nbsp;<br \/>\ud83d\udcccB\u1ea3n ch\u1ea5t c\u1ee7a nh\u00e2n v\u1eadt ch\u00ednh&nbsp;<br \/>&nbsp;<br \/>Xin gi\u1edbi thi\u1ec7u b\u1ed9 s\u01b0u t\u1eadp \u0111\u00e1ng t\u1ef1 h\u00e0o c\u1ee7a ch\u00fang t\u00f4i mang t\u00ean \u201cDrift Bottle\u201d m\u00e0 b\u1ea1n kh\u00f4ng n\u00ean b\u1ecf l\u1ee1.&nbsp;<br \/>&nbsp;<br \/>G\u1eedi tin nh\u1eafn trong chai l\u00e0 m\u1ed9t t\u1eadp t\u1ee5c c\u1ed5 x\u01b0a c\u00f3 t\u1eeb \u00edt nh\u1ea5t l\u00e0 th\u1ebf k\u1ef7 th\u1ee9 4 tr\u01b0\u1edbc C\u00f4ng nguy\u00ean. M\u1ee5c \u0111\u00edch th\u01b0\u1eddng l\u00e0 \u0111\u1ec3 t\u00ecm ki\u1ebfm s\u1ef1 gi\u00fap \u0111\u1ee1, truy\u1ec1n \u0111\u1ea1t th\u00f4ng tin ho\u1eb7c \u0111\u01a1n gi\u1ea3n l\u00e0 \u0111\u1ec3 giao ti\u1ebfp v\u1edbi nh\u1eefng ng\u01b0\u1eddi nh\u1eadn kh\u00f4ng x\u00e1c \u0111\u1ecbnh c\u00f3 th\u1ec3 t\u00ecm th\u1ea5y chai. Chai tr\u00f4i th\u01b0\u1eddng g\u1eafn li\u1ec1n v\u1edbi nh\u1eefng kh\u00e1i ni\u1ec7m l\u00e3ng m\u1ea1n v\u1ec1 cu\u1ed9c phi\u00eau l\u01b0u v\u00e0 s\u1ef1 t\u00ecnh c\u1edd. \u00dd t\u01b0\u1edfng r\u1eb1ng m\u1ed9t th\u00f4ng \u0111i\u1ec7p c\u00f3 th\u1ec3 v\u01b0\u1ee3t qua kho\u1ea3ng c\u00e1ch xa, \u0111\u01b0\u1ee3c d\u00f2ng n\u01b0\u1edbc mang \u0111i v\u00e0 cu\u1ed1i c\u00f9ng \u0111\u01b0\u1ee3c ai \u0111\u00f3 \u1edf xa ph\u00e1t hi\u1ec7n \u0111\u00e3 thu h\u00fat tr\u00ed t\u01b0\u1edfng t\u01b0\u1ee3ng c\u1ee7a m\u1ecdi ng\u01b0\u1eddi tr\u00ean kh\u1eafp th\u1ebf gi\u1edbi. Ngo\u00e0i s\u1ee9c h\u1ea5p d\u1eabn l\u00e3ng m\u1ea1n, chai tr\u00f4i c\u00f2n \u0111\u01b0\u1ee3c s\u1eed d\u1ee5ng trong c\u00e1c nghi\u00ean c\u1ee9u khoa h\u1ecdc \u0111\u1ec3 hi\u1ec3u v\u1ec1 d\u00f2ng h\u1ea3i l\u01b0u v\u00e0 chuy\u1ec3n \u0111\u1ed9ng c\u1ee7a c\u00e1c kh\u1ed1i n\u01b0\u1edbc. C\u00e1c nh\u00e0 nghi\u00ean c\u1ee9u th\u1ea3 chai c\u00f3 thi\u1ebft b\u1ecb theo d\u00f5i \u0111\u1ec3 nghi\u00ean c\u1ee9u c\u00e1c m\u00f4 h\u00ecnh l\u01b0u th\u00f4ng \u0111\u1ea1i d\u01b0\u01a1ng v\u00e0 thu th\u1eadp d\u1eef li\u1ec7u v\u1ec1 \u00f4 nhi\u1ec5m bi\u1ec3n.<\/div>","protected":false},"excerpt":{"rendered":"<p>Th\u01b0\u01a1ng hi\u1ec7u: Small Angle<br \/>\nGi\u1edbi t\u00ednh: Unisex<br \/>\n\u0110\u1ed9 tu\u1ed5i: &gt; 6 tu\u1ed5i<br \/>\nS\u1ed1 hi\u1ec7u m\u1eabu: JD008<br \/>\nPh\u00e2n lo\u1ea1i: T\u1eadp h\u1ee3p<br \/>\nH\u00ecnh d\u1ea1ng kh\u1ed1i nh\u1ef1a: G\u1ea1ch t\u1ef1 kh\u00f3a<br \/>\nCh\u1ea5t li\u1ec7u: Nh\u1ef1a<br \/>\nLo\u1ea1i nh\u1ef1a: ABS<br \/>\nKh\u1ed1i g\u1ea1ch: 1168 +<br \/>\nKh\u00f4ng c\u00f3 h\u1ed9p ban \u0111\u1ea7u<\/p>","protected":false},"featured_media":48692,"comment_status":"open","ping_status":"closed","template":"","meta":{"_acf_changed":false},"product_cat":[1365,371],"product_tag":[12378,11072,8452,7231],"class_list":["product","first","instock","shipping-taxable","purchasable","product-type-simple"],"acf":[],"_links":{"self":[{"href":"https:\/\/mouldking.store\/vi\/wp-json\/wp\/v2\/product\/48697","targetHints":{"allow":["GET"]}}],"collection":[{"href":"https:\/\/mouldking.store\/vi\/wp-json\/wp\/v2\/product"}],"about":[{"href":"https:\/\/mouldking.store\/vi\/wp-json\/wp\/v2\/types\/product"}],"replies":[{"embeddable":true,"href":"https:\/\/mouldking.store\/vi\/wp-json\/wp\/v2\/comments?post=48697"}],"wp:featuredmedia":[{"embeddable":true,"href":"https:\/\/mouldking.store\/vi\/wp-json\/wp\/v2\/media\/48692"}],"wp:attachment":[{"href":"https:\/\/mouldking.store\/vi\/wp-json\/wp\/v2\/media?parent=48697"}],"wp:term":[{"taxonomy":"product_cat","embeddable":true,"href":"https:\/\/mouldking.store\/vi\/wp-json\/wp\/v2\/product_cat?post=48697"},{"taxonomy":"product_tag","embeddable":true,"href":"https:\/\/mouldking.store\/vi\/wp-json\/wp\/v2\/product_tag?post=48697"}],"curies":[{"name":"wp","href":"https:\/\/api.w.org\/{rel}","templated":true}]}}