{"id":48732,"date":"2023-07-25T17:28:56","date_gmt":"2023-07-25T10:28:56","guid":{"rendered":"https:\/\/mouldking.store\/shop\/funwhole-f-9007-steampunk-train-station-with-1843-pieces\/"},"modified":"2023-07-25T17:28:56","modified_gmt":"2023-07-25T10:28:56","slug":"funwhole-f-9007-steampunk-train-station-with-1843-pieces","status":"publish","type":"product","link":"https:\/\/mouldking.store\/vi\/shop\/funwhole-f-9007-steampunk-train-station-with-1843-pieces\/","title":{"rendered":"FunWhole F-9007 Steampunk Train Station with 1843 Pieces"},"content":{"rendered":"<div>\u2705 FunWhole F-9007 Steampunk Train Station<br \/>&nbsp;<br \/>\u2705A Steampunk Train Station is a fictional or artistic representation of a train station that incorporates elements of the steampunk genre. Steampunk is a subgenre of science fiction and speculative fiction that is inspired by the aesthetics and technology of the 19th century Victorian era and the Industrial Revolution. It often combines steam-powered machinery, clockwork mechanisms, gears, and brass elements with futuristic or fantastical elements.<br \/>&nbsp;<br \/>\ud83d\udeab QUAN TR\u1eccNG!&nbsp;<br \/>&nbsp;<br \/>Product Name: Steampunk Train Station<br \/>&nbsp;<br \/>Danh m\u1ee5c: T\u00f2a nh\u00e0 m\u00f4-\u0111un<br \/>&nbsp;<br \/>This Kit Contains: FunWhole F-9007<br \/>&nbsp;<br \/>1843 pcs Good Quality Bricks&nbsp;<br \/>&nbsp;<br \/>Size: 51.8 \u00d7 30 \u00d7 42 cm<br \/>&nbsp;<br \/>H\u01b0\u1edbng d\u1eabn th\u1ee7 c\u00f4ng&nbsp;<br \/>&nbsp;<br \/>\ud83d\udcccB\u1ea3n ch\u1ea5t c\u1ee7a nh\u00e2n v\u1eadt ch\u00ednh&nbsp;<br \/>&nbsp;<br \/>Introducing our proud collection named \u201cSteampunk Train Station\u201d you should not miss.&nbsp;<br \/>&nbsp;<br \/>Steampunk train stations are popular settings in steampunk-themed literature, art, and media, as they capture the spirit of adventure, innovation, and retro-futurism that defines the steampunk genre. These imaginative settings allow creators to blend historical aesthetics with a touch of fantasy and science fiction, creating unique and visually striking environments.<\/div>","protected":false},"excerpt":{"rendered":"<p>Brand: FunWhole<br \/>\nGi\u1edbi t\u00ednh: Unisex<br \/>\n\u0110\u1ed9 tu\u1ed5i: &gt; 8 tu\u1ed5i<br \/>\nModel Number: F-9007<br \/>\nPh\u00e2n lo\u1ea1i: T\u1eadp h\u1ee3p<br \/>\nH\u00ecnh d\u1ea1ng kh\u1ed1i nh\u1ef1a: G\u1ea1ch t\u1ef1 kh\u00f3a<br \/>\nCh\u1ea5t li\u1ec7u: Nh\u1ef1a<br \/>\nLo\u1ea1i nh\u1ef1a: ABS<br \/>\nBricks Blocks: 1843 +<br \/>\nKh\u00f4ng c\u00f3 h\u1ed9p ban \u0111\u1ea7u<\/p>","protected":false},"featured_media":48722,"comment_status":"open","ping_status":"closed","template":"","meta":{"_acf_changed":false},"product_cat":[1395,390],"product_tag":[4883,392,2309,12390,300],"class_list":["product","first","instock","shipping-taxable","purchasable","product-type-simple"],"acf":[],"_links":{"self":[{"href":"https:\/\/mouldking.store\/vi\/wp-json\/wp\/v2\/product\/48732","targetHints":{"allow":["GET"]}}],"collection":[{"href":"https:\/\/mouldking.store\/vi\/wp-json\/wp\/v2\/product"}],"about":[{"href":"https:\/\/mouldking.store\/vi\/wp-json\/wp\/v2\/types\/product"}],"replies":[{"embeddable":true,"href":"https:\/\/mouldking.store\/vi\/wp-json\/wp\/v2\/comments?post=48732"}],"wp:featuredmedia":[{"embeddable":true,"href":"https:\/\/mouldking.store\/vi\/wp-json\/wp\/v2\/media\/48722"}],"wp:attachment":[{"href":"https:\/\/mouldking.store\/vi\/wp-json\/wp\/v2\/media?parent=48732"}],"wp:term":[{"taxonomy":"product_cat","embeddable":true,"href":"https:\/\/mouldking.store\/vi\/wp-json\/wp\/v2\/product_cat?post=48732"},{"taxonomy":"product_tag","embeddable":true,"href":"https:\/\/mouldking.store\/vi\/wp-json\/wp\/v2\/product_tag?post=48732"}],"curies":[{"name":"wp","href":"https:\/\/api.w.org\/{rel}","templated":true}]}}