{"id":48745,"date":"2023-07-25T17:55:58","date_gmt":"2023-07-25T10:55:58","guid":{"rendered":"https:\/\/mouldking.store\/shop\/jiestar-jj9005-hogwarts-clock-tower-with-1072-pieces\/"},"modified":"2023-07-25T17:55:58","modified_gmt":"2023-07-25T10:55:58","slug":"jiestar-jj9005-hogwarts-clock-tower-with-1072-pieces","status":"publish","type":"product","link":"https:\/\/mouldking.store\/vi\/shop\/jiestar-jj9005-hogwarts-clock-tower-with-1072-pieces\/","title":{"rendered":"JIESTAR JJ9005 Hogwarts Clock Tower with 1072 Pieces"},"content":{"rendered":"<div>\u2705 JIESTAR JJ9005 Hogwarts Clock Tower<br \/>&nbsp;<br \/>\u2705The Hogwarts Clock Tower is a prominent structure in the fictional Harry Potter series, written by J.K. Rowling. It is part of the Hogwarts School of Witchcraft and Wizardry, where much of the story&#8217;s magical adventures take place. The clock tower serves as a focal point within the school grounds and plays a significant role in various events throughout the series.<br \/>&nbsp;<br \/>\ud83d\udeab QUAN TR\u1eccNG!&nbsp;<br \/>&nbsp;<br \/>Product Name: Hogwarts Clock Tower<br \/>&nbsp;<br \/>Danh m\u1ee5c: T\u00f2a nh\u00e0 m\u00f4-\u0111un<br \/>&nbsp;<br \/>This Kit Contains:&nbsp; JIESTAR JJ9005&nbsp;<br \/>&nbsp;<br \/>1072 pcs Good Quality Bricks&nbsp;<br \/>&nbsp;<br \/>Size: 13.6 \u00d7 25.6 \u00d7 38.7 cm<br \/>&nbsp;<br \/>H\u01b0\u1edbng d\u1eabn th\u1ee7 c\u00f4ng&nbsp;<br \/>&nbsp;<br \/>\ud83d\udcccB\u1ea3n ch\u1ea5t c\u1ee7a nh\u00e2n v\u1eadt ch\u00ednh&nbsp;<br \/>&nbsp;<br \/>Introducing our proud collection named \u201cHogwarts Clock Tower\u201d you should not miss.&nbsp;<br \/>&nbsp;<br \/>The Hogwarts Clock Tower is one of the many magical elements that contribute to the enchanting and mysterious atmosphere of the wizarding world in the Harry Potter series. It serves as a symbol of time passing and marks important moments in the lives of the students and staff at Hogwarts. Throughout the books and films, the clock tower becomes woven into the larger narrative, adding depth and charm to the story&#8217;s magical setting.<\/div>","protected":false},"excerpt":{"rendered":"<p>Th\u01b0\u01a1ng hi\u1ec7u: JIESTAR<br \/>\nGi\u1edbi t\u00ednh: Unisex<br \/>\n\u0110\u1ed9 tu\u1ed5i: &gt; 8 tu\u1ed5i<br \/>\nModel Number: JJ9005<br \/>\nPh\u00e2n lo\u1ea1i: T\u1eadp h\u1ee3p<br \/>\nH\u00ecnh d\u1ea1ng kh\u1ed1i nh\u1ef1a: G\u1ea1ch t\u1ef1 kh\u00f3a<br \/>\nCh\u1ea5t li\u1ec7u: Nh\u1ef1a<br \/>\nLo\u1ea1i nh\u1ef1a: ABS<br \/>\nBricks Blocks: 1072 +<br \/>\nKh\u00f4ng c\u00f3 h\u1ed9p ban \u0111\u1ea7u<\/p>","protected":false},"featured_media":48742,"comment_status":"open","ping_status":"closed","template":"","meta":{"_acf_changed":false},"product_cat":[1395,390,581,1408],"product_tag":[4883,2838,2835,2846,392,434,2302],"class_list":["product","first","instock","shipping-taxable","purchasable","product-type-simple"],"acf":[],"_links":{"self":[{"href":"https:\/\/mouldking.store\/vi\/wp-json\/wp\/v2\/product\/48745","targetHints":{"allow":["GET"]}}],"collection":[{"href":"https:\/\/mouldking.store\/vi\/wp-json\/wp\/v2\/product"}],"about":[{"href":"https:\/\/mouldking.store\/vi\/wp-json\/wp\/v2\/types\/product"}],"replies":[{"embeddable":true,"href":"https:\/\/mouldking.store\/vi\/wp-json\/wp\/v2\/comments?post=48745"}],"wp:featuredmedia":[{"embeddable":true,"href":"https:\/\/mouldking.store\/vi\/wp-json\/wp\/v2\/media\/48742"}],"wp:attachment":[{"href":"https:\/\/mouldking.store\/vi\/wp-json\/wp\/v2\/media?parent=48745"}],"wp:term":[{"taxonomy":"product_cat","embeddable":true,"href":"https:\/\/mouldking.store\/vi\/wp-json\/wp\/v2\/product_cat?post=48745"},{"taxonomy":"product_tag","embeddable":true,"href":"https:\/\/mouldking.store\/vi\/wp-json\/wp\/v2\/product_tag?post=48745"}],"curies":[{"name":"wp","href":"https:\/\/api.w.org\/{rel}","templated":true}]}}