{"id":48754,"date":"2023-07-25T18:08:04","date_gmt":"2023-07-25T11:08:04","guid":{"rendered":"https:\/\/mouldking.store\/shop\/jiestar-jj9003-magic-diagon-pub-with-487-pieces\/"},"modified":"2023-07-25T18:08:04","modified_gmt":"2023-07-25T11:08:04","slug":"jiestar-jj9003-magic-diagon-pub-with-487-pieces","status":"publish","type":"product","link":"https:\/\/mouldking.store\/vi\/shop\/jiestar-jj9003-magic-diagon-pub-with-487-pieces\/","title":{"rendered":"JIESTAR JJ9003 Magic Diagon Pub with 487 Pieces"},"content":{"rendered":"<div>\u2705 JIESTAR JJ9003 Magic Diagon Pub<br \/>&nbsp;<br \/>\u2705In the Harry Potter series, Diagon Alley is a magical shopping district in London where witches and wizards can purchase various magical items and supplies. It is home to many famous wizarding shops, including Ollivanders (wand shop), Flourish and Blotts (bookstore), and Gringotts Wizarding Bank. However, there is no mention of a specific &#8220;Diagon Pub&#8221; in the official canon.<br \/>&nbsp;<br \/>\ud83d\udeab QUAN TR\u1eccNG!&nbsp;<br \/>&nbsp;<br \/>Product Name: Magic Diagon Pub<br \/>&nbsp;<br \/>Danh m\u1ee5c: T\u00f2a nh\u00e0 m\u00f4-\u0111un<br \/>&nbsp;<br \/>This Kit Contains: JIESTAR JJ9003<br \/>&nbsp;<br \/>487 chi\u1ebfc G\u1ea1ch ch\u1ea5t l\u01b0\u1ee3ng t\u1ed1t&nbsp;<br \/>&nbsp;<br \/>Size: 13.7 \u00d7 13.8 \u00d7 17.3 cm<br \/>&nbsp;<br \/>H\u01b0\u1edbng d\u1eabn th\u1ee7 c\u00f4ng&nbsp;<br \/>&nbsp;<br \/>\ud83d\udcccB\u1ea3n ch\u1ea5t c\u1ee7a nh\u00e2n v\u1eadt ch\u00ednh&nbsp;<br \/>&nbsp;<br \/>Introducing our proud collection named \u201cMagic Diagon Pub\u201d you should not miss.&nbsp;<br \/>&nbsp;<br \/>Fans of the Harry Potter series have expanded upon the wizarding world through their own creativity, and it is not uncommon to find fan-created content that invents new places, characters, and scenarios within the magical universe. These fan-made additions often provide a fun and imaginative extension of the beloved series for enthusiasts.<\/div>","protected":false},"excerpt":{"rendered":"<p>Th\u01b0\u01a1ng hi\u1ec7u: JIESTAR<br \/>\nGi\u1edbi t\u00ednh: Unisex<br \/>\n\u0110\u1ed9 tu\u1ed5i: &gt; 8 tu\u1ed5i<br \/>\nModel Number: JJ9003<br \/>\nPh\u00e2n lo\u1ea1i: T\u1eadp h\u1ee3p<br \/>\nH\u00ecnh d\u1ea1ng kh\u1ed1i nh\u1ef1a: G\u1ea1ch t\u1ef1 kh\u00f3a<br \/>\nCh\u1ea5t li\u1ec7u: Nh\u1ef1a<br \/>\nLo\u1ea1i nh\u1ef1a: ABS<br \/>\nKh\u1ed1i g\u1ea1ch: 487 +<br \/>\nKh\u00f4ng c\u00f3 h\u1ed9p ban \u0111\u1ea7u<\/p>","protected":false},"featured_media":48750,"comment_status":"open","ping_status":"closed","template":"","meta":{"_acf_changed":false},"product_cat":[1395,390,581,1408],"product_tag":[11634,4883,12391,6576,8858,392,434,8852],"class_list":["product","first","instock","shipping-taxable","purchasable","product-type-simple"],"acf":[],"_links":{"self":[{"href":"https:\/\/mouldking.store\/vi\/wp-json\/wp\/v2\/product\/48754","targetHints":{"allow":["GET"]}}],"collection":[{"href":"https:\/\/mouldking.store\/vi\/wp-json\/wp\/v2\/product"}],"about":[{"href":"https:\/\/mouldking.store\/vi\/wp-json\/wp\/v2\/types\/product"}],"replies":[{"embeddable":true,"href":"https:\/\/mouldking.store\/vi\/wp-json\/wp\/v2\/comments?post=48754"}],"wp:featuredmedia":[{"embeddable":true,"href":"https:\/\/mouldking.store\/vi\/wp-json\/wp\/v2\/media\/48750"}],"wp:attachment":[{"href":"https:\/\/mouldking.store\/vi\/wp-json\/wp\/v2\/media?parent=48754"}],"wp:term":[{"taxonomy":"product_cat","embeddable":true,"href":"https:\/\/mouldking.store\/vi\/wp-json\/wp\/v2\/product_cat?post=48754"},{"taxonomy":"product_tag","embeddable":true,"href":"https:\/\/mouldking.store\/vi\/wp-json\/wp\/v2\/product_tag?post=48754"}],"curies":[{"name":"wp","href":"https:\/\/api.w.org\/{rel}","templated":true}]}}