{"id":48815,"date":"2023-07-28T10:28:08","date_gmt":"2023-07-28T03:28:08","guid":{"rendered":"https:\/\/mouldking.store\/shop\/urge-10197-brictoria-queens-pub-with-3678-pieces\/"},"modified":"2023-11-23T09:44:15","modified_gmt":"2023-11-23T02:44:15","slug":"urge-10197-brictoria-queens-pub-with-3678-pieces","status":"publish","type":"product","link":"https:\/\/mouldking.store\/vi\/shop\/urge-10197-brictoria-queens-pub-with-3678-pieces\/","title":{"rendered":"URGE 10197 Brictoria Queen&#8217;s Pub with 3678 Pieces"},"content":{"rendered":"<div>\u2705 Urge UG-10197 Brictoria Queen&#8217;s Pub<br \/>&nbsp;<br \/>\u2705A pub, short for &#8220;public house,&#8221; is an establishment where alcoholic beverages, such as beer, wine, and spirits, are served for consumption on the premises. Pubs are typically social gathering places that provide a relaxed and informal atmosphere for people to meet, socialize, and enjoy drinks together. They are an integral part of the culture in many countries, especially in the United Kingdom, Ireland, Australia, and other parts of the English-speaking world.<br \/>&nbsp;<br \/>\ud83d\udeab QUAN TR\u1eccNG!&nbsp;<br \/>&nbsp;<br \/>Product Name: Brictoria Queen&#8217;s Pub<br \/>&nbsp;<br \/>Danh m\u1ee5c: T\u00f2a nh\u00e0 m\u00f4-\u0111un<br \/>&nbsp;<br \/>This Kit Contains:&nbsp; Urge UG-10197&nbsp;<br \/>&nbsp;<br \/>3678 pcs Good Quality Bricks&nbsp;<br \/>&nbsp;<br \/>Size: 25.5 \u00d7 25.5 \u00d7 36 cm<br \/>&nbsp;<br \/>H\u01b0\u1edbng d\u1eabn th\u1ee7 c\u00f4ng&nbsp;<br \/>&nbsp;<br \/>\ud83d\udcccB\u1ea3n ch\u1ea5t c\u1ee7a nh\u00e2n v\u1eadt ch\u00ednh&nbsp;<br \/>&nbsp;<br \/>Introducing our proud collection named \u201cBrictoria Queen&#8217;s Pub\u201d you should not miss.&nbsp;<br \/>&nbsp;<br \/>Pubs primarily serve alcoholic drinks, with beer being a popular choice. In some countries, pubs may also offer a selection of wines, ciders, and spirits. Pubs often serve as community hubs, offering a place for people to come together, socialize, and engage in conversation.&nbsp; Many pubs have a rich history, with some dating back hundreds of years. They are often located in historic buildings, and some may have unique and quirky names and signage.<\/div>","protected":false},"excerpt":{"rendered":"<p>Th\u01b0\u01a1ng hi\u1ec7u: URGE<br \/>\nGi\u1edbi t\u00ednh: Unisex<br \/>\n\u0110\u1ed9 tu\u1ed5i: &gt; 6 tu\u1ed5i<br \/>\nModel Number: 10197<br \/>\nPh\u00e2n lo\u1ea1i: T\u1eadp h\u1ee3p<br \/>\nH\u00ecnh d\u1ea1ng kh\u1ed1i nh\u1ef1a: G\u1ea1ch t\u1ef1 kh\u00f3a<br \/>\nCh\u1ea5t li\u1ec7u: Nh\u1ef1a<br \/>\nLo\u1ea1i nh\u1ef1a: ABS<br \/>\nBricks Blocks: 3678 +<br \/>\nKh\u00f4ng c\u00f3 h\u1ed9p ban \u0111\u1ea7u<\/p>","protected":false},"featured_media":48811,"comment_status":"open","ping_status":"closed","template":"","meta":{"_acf_changed":false},"product_cat":[1395,390],"product_tag":[4883,392,8852,8575],"class_list":["product","first","instock","shipping-taxable","purchasable","product-type-simple"],"acf":[],"_links":{"self":[{"href":"https:\/\/mouldking.store\/vi\/wp-json\/wp\/v2\/product\/48815","targetHints":{"allow":["GET"]}}],"collection":[{"href":"https:\/\/mouldking.store\/vi\/wp-json\/wp\/v2\/product"}],"about":[{"href":"https:\/\/mouldking.store\/vi\/wp-json\/wp\/v2\/types\/product"}],"replies":[{"embeddable":true,"href":"https:\/\/mouldking.store\/vi\/wp-json\/wp\/v2\/comments?post=48815"}],"wp:featuredmedia":[{"embeddable":true,"href":"https:\/\/mouldking.store\/vi\/wp-json\/wp\/v2\/media\/48811"}],"wp:attachment":[{"href":"https:\/\/mouldking.store\/vi\/wp-json\/wp\/v2\/media?parent=48815"}],"wp:term":[{"taxonomy":"product_cat","embeddable":true,"href":"https:\/\/mouldking.store\/vi\/wp-json\/wp\/v2\/product_cat?post=48815"},{"taxonomy":"product_tag","embeddable":true,"href":"https:\/\/mouldking.store\/vi\/wp-json\/wp\/v2\/product_tag?post=48815"}],"curies":[{"name":"wp","href":"https:\/\/api.w.org\/{rel}","templated":true}]}}