{"id":48902,"date":"2023-07-28T11:54:42","date_gmt":"2023-07-28T04:54:42","guid":{"rendered":"https:\/\/mouldking.store\/shop\/funwhole-f9008-the-lighthouse-of-alexandria-with-1677-pieces\/"},"modified":"2024-10-16T11:24:37","modified_gmt":"2024-10-16T04:24:37","slug":"funwhole-f9008-the-lighthouse-of-alexandria-with-1677-pieces","status":"publish","type":"product","link":"https:\/\/mouldking.store\/vi\/shop\/funwhole-f9008-the-lighthouse-of-alexandria-with-1677-pieces\/","title":{"rendered":"FunWhole F9008 The Lighthouse of Alexandria with 1677 Pieces"},"content":{"rendered":"<div>\u2705 FunWhole F9008 The Lighthouse of Alexandria<br \/>&nbsp;<br \/>\u2705The Lighthouse of Alexandria, also known as the Pharos of Alexandria, was one of the Seven Wonders of the Ancient World. It was a renowned and monumental lighthouse located on the small island of Pharos, off the coast of Alexandria, Egypt. The lighthouse was constructed during the reign of Ptolemy II Philadelphus, a ruler of the Ptolemaic Kingdom, and it served as a prominent maritime landmark and a symbol of Alexandria&#8217;s greatness.<br \/>&nbsp;<br \/>\ud83d\udeab QUAN TR\u1eccNG!&nbsp;<br \/>&nbsp;<br \/>Product Name:&nbsp; The Lighthouse of Alexandria<br \/>&nbsp;<br \/>Danh m\u1ee5c: T\u00f2a nh\u00e0 m\u00f4-\u0111un<br \/>&nbsp;<br \/>This Kit Contains:&nbsp; FunWhole F9008<br \/>&nbsp;<br \/>1677 pcs Good Quality Bricks&nbsp;<br \/>&nbsp;<br \/>Size:&nbsp; 25.6 \u00d7 34.1 \u00d7 40.2 cm<br \/>&nbsp;<br \/>H\u01b0\u1edbng d\u1eabn th\u1ee7 c\u00f4ng&nbsp;<br \/>&nbsp;<br \/>\ud83d\udcccB\u1ea3n ch\u1ea5t c\u1ee7a nh\u00e2n v\u1eadt ch\u00ednh&nbsp;<br \/>&nbsp;<br \/>Introducing our proud collection named \u201cThe Lighthouse of Alexandria you should not miss.&nbsp;<br \/>&nbsp;<br \/>The primary purpose of the lighthouse was to guide sailors and ships safely into the busy harbor of Alexandria during the day and at night. The lighthouse&#8217;s light was said to be visible from great distances at sea. The Lighthouse of Alexandria was built around 280 BC and stood at an estimated height of 100 to 130 meters (330 to 430 feet). It was a three-tiered structure with a square base, a cylindrical middle section, and a circular top containing the actual beacon. The lighthouse was an architectural marvel of its time, designed and built by the Greek architect Sostratus of Cnidus. Its construction utilized limestone blocks and white marble, making it a striking and impressive sight.<\/div>","protected":false},"excerpt":{"rendered":"<p>Brand: FunWhole<br \/>\nGi\u1edbi t\u00ednh: Unisex<br \/>\n\u0110\u1ed9 tu\u1ed5i: &gt; 8 tu\u1ed5i<br \/>\nModel Number: F9008<br \/>\nPh\u00e2n lo\u1ea1i: T\u1eadp h\u1ee3p<br \/>\nH\u00ecnh d\u1ea1ng kh\u1ed1i nh\u1ef1a: G\u1ea1ch t\u1ef1 kh\u00f3a<br \/>\nCh\u1ea5t li\u1ec7u: Nh\u1ef1a<br \/>\nLo\u1ea1i nh\u1ef1a: ABS<br \/>\nBricks Blocks: 1677 +<br \/>\nKh\u00f4ng c\u00f3 h\u1ed9p ban \u0111\u1ea7u<\/p>","protected":false},"featured_media":48895,"comment_status":"open","ping_status":"closed","template":"","meta":{"_acf_changed":false},"product_cat":[1395,390],"product_tag":[12406,4883,10110,392],"class_list":["product","first","outofstock","shipping-taxable","purchasable","product-type-simple"],"acf":[],"_links":{"self":[{"href":"https:\/\/mouldking.store\/vi\/wp-json\/wp\/v2\/product\/48902","targetHints":{"allow":["GET"]}}],"collection":[{"href":"https:\/\/mouldking.store\/vi\/wp-json\/wp\/v2\/product"}],"about":[{"href":"https:\/\/mouldking.store\/vi\/wp-json\/wp\/v2\/types\/product"}],"replies":[{"embeddable":true,"href":"https:\/\/mouldking.store\/vi\/wp-json\/wp\/v2\/comments?post=48902"}],"wp:featuredmedia":[{"embeddable":true,"href":"https:\/\/mouldking.store\/vi\/wp-json\/wp\/v2\/media\/48895"}],"wp:attachment":[{"href":"https:\/\/mouldking.store\/vi\/wp-json\/wp\/v2\/media?parent=48902"}],"wp:term":[{"taxonomy":"product_cat","embeddable":true,"href":"https:\/\/mouldking.store\/vi\/wp-json\/wp\/v2\/product_cat?post=48902"},{"taxonomy":"product_tag","embeddable":true,"href":"https:\/\/mouldking.store\/vi\/wp-json\/wp\/v2\/product_tag?post=48902"}],"curies":[{"name":"wp","href":"https:\/\/api.w.org\/{rel}","templated":true}]}}