{"id":48967,"date":"2023-07-28T17:44:23","date_gmt":"2023-07-28T10:44:23","guid":{"rendered":"https:\/\/mouldking.store\/shop\/wange-6310-garden-coffee-house-with-2313-pieces\/"},"modified":"2023-07-28T17:44:23","modified_gmt":"2023-07-28T10:44:23","slug":"wange-6310-garden-coffee-house-with-2313-pieces","status":"publish","type":"product","link":"https:\/\/mouldking.store\/vi\/shop\/wange-6310-garden-coffee-house-with-2313-pieces\/","title":{"rendered":"WANGE 6310 Garden Coffee House with 2313 Pieces"},"content":{"rendered":"<div>\u2705 WANGE 6310 Garden Coffee House<br \/>&nbsp;<br \/>\u2705A Garden Coffee House typically refers to a caf\u00e9 or coffee shop that has a garden or outdoor seating area where customers can enjoy their coffee, snacks, or meals in a relaxed and natural setting. These types of coffee houses are often popular in places with pleasant weather, as they provide customers with the opportunity to enjoy the outdoors while sipping their favorite beverages.<br \/>&nbsp;<br \/>\ud83d\udeab QUAN TR\u1eccNG!&nbsp;<br \/>&nbsp;<br \/>Product Name: Garden Coffee House<br \/>&nbsp;<br \/>Danh m\u1ee5c: T\u00f2a nh\u00e0 m\u00f4-\u0111un<br \/>&nbsp;<br \/>This Kit Contains: WANGE 6310<br \/>&nbsp;<br \/>2313 pcs Good Quality Bricks&nbsp;<br \/>&nbsp;<br \/>Size: 33.7 x 40.6 cm&nbsp;<br \/>&nbsp;<br \/>H\u01b0\u1edbng d\u1eabn th\u1ee7 c\u00f4ng&nbsp;<br \/>&nbsp;<br \/>\ud83d\udcccB\u1ea3n ch\u1ea5t c\u1ee7a nh\u00e2n v\u1eadt ch\u00ednh&nbsp;<br \/>&nbsp;<br \/>Introducing our proud collection named \u201cGarden Coffee House\u201d you should not miss.&nbsp;<br \/>&nbsp;<br \/>The defining feature of a Garden Coffee House is its outdoor seating area, which is usually surrounded by greenery, flowers, and plants. The seating may include tables, chairs, benches, and even cozy spots like hammocks or loungers. The garden setting creates a tranquil and refreshing ambiance, making it an ideal place for customers to unwind and relax. The presence of plants and nature contributes to a calming atmosphere.<\/div>","protected":false},"excerpt":{"rendered":"<p>Th\u01b0\u01a1ng hi\u1ec7u: WANGE<br \/>\nGi\u1edbi t\u00ednh: Unisex<br \/>\n\u0110\u1ed9 tu\u1ed5i: &gt; 6 tu\u1ed5i<br \/>\nModel Number: 6310<br \/>\nPh\u00e2n lo\u1ea1i: T\u1eadp h\u1ee3p<br \/>\nH\u00ecnh d\u1ea1ng kh\u1ed1i nh\u1ef1a: G\u1ea1ch t\u1ef1 kh\u00f3a<br \/>\nCh\u1ea5t li\u1ec7u: Nh\u1ef1a<br \/>\nLo\u1ea1i nh\u1ef1a: ABS<br \/>\nBricks Blocks: 2313 +<br \/>\nKh\u00f4ng c\u00f3 h\u1ed9p ban \u0111\u1ea7u<\/p>","protected":false},"featured_media":48960,"comment_status":"open","ping_status":"closed","template":"","meta":{"_acf_changed":false},"product_cat":[1395,390],"product_tag":[11260,4883,5228,1207,7572,2318,392],"class_list":["product","first","instock","shipping-taxable","purchasable","product-type-simple"],"acf":[],"_links":{"self":[{"href":"https:\/\/mouldking.store\/vi\/wp-json\/wp\/v2\/product\/48967","targetHints":{"allow":["GET"]}}],"collection":[{"href":"https:\/\/mouldking.store\/vi\/wp-json\/wp\/v2\/product"}],"about":[{"href":"https:\/\/mouldking.store\/vi\/wp-json\/wp\/v2\/types\/product"}],"replies":[{"embeddable":true,"href":"https:\/\/mouldking.store\/vi\/wp-json\/wp\/v2\/comments?post=48967"}],"wp:featuredmedia":[{"embeddable":true,"href":"https:\/\/mouldking.store\/vi\/wp-json\/wp\/v2\/media\/48960"}],"wp:attachment":[{"href":"https:\/\/mouldking.store\/vi\/wp-json\/wp\/v2\/media?parent=48967"}],"wp:term":[{"taxonomy":"product_cat","embeddable":true,"href":"https:\/\/mouldking.store\/vi\/wp-json\/wp\/v2\/product_cat?post=48967"},{"taxonomy":"product_tag","embeddable":true,"href":"https:\/\/mouldking.store\/vi\/wp-json\/wp\/v2\/product_tag?post=48967"}],"curies":[{"name":"wp","href":"https:\/\/api.w.org\/{rel}","templated":true}]}}