{"id":48975,"date":"2023-07-28T17:50:10","date_gmt":"2023-07-28T10:50:10","guid":{"rendered":"https:\/\/mouldking.store\/shop\/wange-6311-corner-store-with-2332-pieces\/"},"modified":"2023-07-28T17:50:10","modified_gmt":"2023-07-28T10:50:10","slug":"wange-6311-corner-store-with-2332-pieces","status":"publish","type":"product","link":"https:\/\/mouldking.store\/vi\/shop\/wange-6311-corner-store-with-2332-pieces\/","title":{"rendered":"WANGE 6311 Corner Store with 2332 Pieces"},"content":{"rendered":"<div>\u2705 WANGE 6311 Corner Store&nbsp;<br \/>&nbsp;<br \/>\u2705In architecture, a corner store (also known as a corner shop or corner grocery) refers to a small retail establishment, usually located at the intersection of two streets, occupying a corner lot. These stores have historically been an essential part of urban neighborhoods, providing convenience and basic goods to the local community.<br \/>&nbsp;<br \/>\ud83d\udeab QUAN TR\u1eccNG!&nbsp;<br \/>&nbsp;<br \/>Product Name: Corner Store&nbsp;<br \/>&nbsp;<br \/>Danh m\u1ee5c: T\u00f2a nh\u00e0 m\u00f4-\u0111un&nbsp;<br \/>&nbsp;<br \/>This Kit Contains:&nbsp; WANGE 63119&nbsp;<br \/>&nbsp;<br \/>2332 pcs Good Quality Bricks&nbsp;<br \/>&nbsp;<br \/>Size: 38.5 x 40.6 cm&nbsp;<br \/>&nbsp;<br \/>H\u01b0\u1edbng d\u1eabn th\u1ee7 c\u00f4ng&nbsp;<br \/>&nbsp;<br \/>\ud83d\udcccB\u1ea3n ch\u1ea5t c\u1ee7a nh\u00e2n v\u1eadt ch\u00ednh&nbsp;<br \/>&nbsp;<br \/>Introducing our proud collection named \u201cCorner Store \u201d you should not miss.&nbsp;<br \/>&nbsp;<br \/>As the name suggests, corner stores are situated at the corners of the streets, taking advantage of their prominent visibility and accessibility. This location makes them easily identifiable and convenient for both pedestrians and passing traffic. Corner stores are typically compact and occupy a relatively small area. The store&#8217;s size is generally limited to fit within the available space of the corner lot. The corner store&#8217;s facade often features large display windows that allow passersby to see the products inside. The main entrance is usually positioned at the corner to serve customers from both intersecting streets.<\/div>","protected":false},"excerpt":{"rendered":"<p>Th\u01b0\u01a1ng hi\u1ec7u: WANGE<br \/>\nGi\u1edbi t\u00ednh: Unisex<br \/>\n\u0110\u1ed9 tu\u1ed5i: &gt; 6 tu\u1ed5i<br \/>\nModel Number: 6311<br \/>\nPh\u00e2n lo\u1ea1i: T\u1eadp h\u1ee3p<br \/>\nH\u00ecnh d\u1ea1ng kh\u1ed1i nh\u1ef1a: G\u1ea1ch t\u1ef1 kh\u00f3a<br \/>\nCh\u1ea5t li\u1ec7u: Nh\u1ef1a<br \/>\nLo\u1ea1i nh\u1ef1a: ABS<br \/>\nBricks Blocks: 2332 +<br \/>\nKh\u00f4ng c\u00f3 h\u1ed9p ban \u0111\u1ea7u<\/p>","protected":false},"featured_media":48968,"comment_status":"open","ping_status":"closed","template":"","meta":{"_acf_changed":false},"product_cat":[1395,390],"product_tag":[11260,4883,772,392,1693],"class_list":["product","first","instock","shipping-taxable","purchasable","product-type-simple"],"acf":[],"_links":{"self":[{"href":"https:\/\/mouldking.store\/vi\/wp-json\/wp\/v2\/product\/48975","targetHints":{"allow":["GET"]}}],"collection":[{"href":"https:\/\/mouldking.store\/vi\/wp-json\/wp\/v2\/product"}],"about":[{"href":"https:\/\/mouldking.store\/vi\/wp-json\/wp\/v2\/types\/product"}],"replies":[{"embeddable":true,"href":"https:\/\/mouldking.store\/vi\/wp-json\/wp\/v2\/comments?post=48975"}],"wp:featuredmedia":[{"embeddable":true,"href":"https:\/\/mouldking.store\/vi\/wp-json\/wp\/v2\/media\/48968"}],"wp:attachment":[{"href":"https:\/\/mouldking.store\/vi\/wp-json\/wp\/v2\/media?parent=48975"}],"wp:term":[{"taxonomy":"product_cat","embeddable":true,"href":"https:\/\/mouldking.store\/vi\/wp-json\/wp\/v2\/product_cat?post=48975"},{"taxonomy":"product_tag","embeddable":true,"href":"https:\/\/mouldking.store\/vi\/wp-json\/wp\/v2\/product_tag?post=48975"}],"curies":[{"name":"wp","href":"https:\/\/api.w.org\/{rel}","templated":true}]}}