{"id":48981,"date":"2023-07-28T17:55:48","date_gmt":"2023-07-28T10:55:48","guid":{"rendered":"https:\/\/mouldking.store\/shop\/wange-8210-sydney-opera-house-with-2937-pieces\/"},"modified":"2023-07-28T17:55:48","modified_gmt":"2023-07-28T10:55:48","slug":"wange-8210-sydney-opera-house-with-2937-pieces","status":"publish","type":"product","link":"https:\/\/mouldking.store\/vi\/shop\/wange-8210-sydney-opera-house-with-2937-pieces\/","title":{"rendered":"WANGE 8210 Sydney Opera House with 2937 Pieces"},"content":{"rendered":"<div>\u2705 WANGE 8210 Sydney Opera House<br \/>&nbsp;<br \/>\u2705The Sydney Opera House is one of the most iconic and famous architectural landmarks in the world. It is located in Sydney, Australia, on the shores of Sydney Harbour, and it is a UNESCO World Heritage Site. The building is known for its unique and striking design, which has made it an architectural masterpiece and a symbol of Australia&#8217;s cultural identity.<br \/>&nbsp;<br \/>\ud83d\udeab QUAN TR\u1eccNG!&nbsp;<br \/>&nbsp;<br \/>Product Name: Sydney Opera House<br \/>&nbsp;<br \/>Danh m\u1ee5c: T\u00f2a nh\u00e0 m\u00f4-\u0111un&nbsp;<br \/>&nbsp;<br \/>This Kit Contains:&nbsp; WANGE 8210<br \/>&nbsp;<br \/>2937 pcs Good Quality Bricks&nbsp;<br \/>&nbsp;<br \/>Size: 62.3 x 43.1 x 32 cm&nbsp;<br \/>&nbsp;<br \/>H\u01b0\u1edbng d\u1eabn th\u1ee7 c\u00f4ng&nbsp;<br \/>&nbsp;<br \/>\ud83d\udcccB\u1ea3n ch\u1ea5t c\u1ee7a nh\u00e2n v\u1eadt ch\u00ednh&nbsp;<br \/>&nbsp;<br \/>Introducing our proud collection named \u201cSydney Opera House\u201d you should not miss.&nbsp;<br \/>&nbsp;<br \/>The Sydney Opera House was designed by Danish architect J\u00f8rn Utzon. The design was selected through an international competition held in 1957, and construction began in 1959. The building was completed and opened to the public on October 20, 1973.&nbsp; The Sydney Opera House is a masterpiece of modern architecture and is considered an outstanding example of expressionist architecture. Its design is characterized by its sail-like, white-tiled roof shells that appear to rise from the harbor like billowing sails or seashells.<\/div>","protected":false},"excerpt":{"rendered":"<p>Th\u01b0\u01a1ng hi\u1ec7u: WANGE<br \/>\nGi\u1edbi t\u00ednh: Unisex<br \/>\n\u0110\u1ed9 tu\u1ed5i: &gt; 6 tu\u1ed5i<br \/>\nModel Number: 8210<br \/>\nPh\u00e2n lo\u1ea1i: T\u1eadp h\u1ee3p<br \/>\nH\u00ecnh d\u1ea1ng kh\u1ed1i nh\u1ef1a: G\u1ea1ch t\u1ef1 kh\u00f3a<br \/>\nCh\u1ea5t li\u1ec7u: Nh\u1ef1a<br \/>\nLo\u1ea1i nh\u1ef1a: ABS<br \/>\nBricks Blocks: 2937 +<br \/>\nKh\u00f4ng c\u00f3 h\u1ed9p ban \u0111\u1ea7u<\/p>","protected":false},"featured_media":48976,"comment_status":"open","ping_status":"closed","template":"","meta":{"_acf_changed":false},"product_cat":[1395,390],"product_tag":[4883,2318,392,12416,12415],"class_list":["product","first","instock","shipping-taxable","purchasable","product-type-simple"],"acf":[],"_links":{"self":[{"href":"https:\/\/mouldking.store\/vi\/wp-json\/wp\/v2\/product\/48981","targetHints":{"allow":["GET"]}}],"collection":[{"href":"https:\/\/mouldking.store\/vi\/wp-json\/wp\/v2\/product"}],"about":[{"href":"https:\/\/mouldking.store\/vi\/wp-json\/wp\/v2\/types\/product"}],"replies":[{"embeddable":true,"href":"https:\/\/mouldking.store\/vi\/wp-json\/wp\/v2\/comments?post=48981"}],"wp:featuredmedia":[{"embeddable":true,"href":"https:\/\/mouldking.store\/vi\/wp-json\/wp\/v2\/media\/48976"}],"wp:attachment":[{"href":"https:\/\/mouldking.store\/vi\/wp-json\/wp\/v2\/media?parent=48981"}],"wp:term":[{"taxonomy":"product_cat","embeddable":true,"href":"https:\/\/mouldking.store\/vi\/wp-json\/wp\/v2\/product_cat?post=48981"},{"taxonomy":"product_tag","embeddable":true,"href":"https:\/\/mouldking.store\/vi\/wp-json\/wp\/v2\/product_tag?post=48981"}],"curies":[{"name":"wp","href":"https:\/\/api.w.org\/{rel}","templated":true}]}}